{"id":29875,"date":"2023-10-25T20:57:02","date_gmt":"2023-10-25T20:57:02","guid":{"rendered":"https:\/\/gwinnettcoalition.org\/invierta-en\/"},"modified":"2024-01-25T13:35:58","modified_gmt":"2024-01-25T13:35:58","slug":"invierte-en","status":"publish","type":"page","link":"https:\/\/gwinnettcoalition.org\/es\/invierte-en\/","title":{"rendered":"Invierta"},"content":{"rendered":"\t\t<div data-elementor-type=\"wp-page\" data-elementor-id=\"29875\" class=\"elementor elementor-29875 elementor-3115\" data-elementor-post-type=\"page\">\n\t\t\t\t<div class=\"elementor-element elementor-element-13ba461 e-con-full e-flex e-con e-parent\" data-id=\"13ba461\" data-element_type=\"container\" data-e-type=\"container\">\n\t\t<div class=\"elementor-element elementor-element-f07e50d e-flex e-con-boxed e-con e-child\" data-id=\"f07e50d\" data-element_type=\"container\" data-e-type=\"container\">\n\t\t\t\t\t<div class=\"e-con-inner\">\n\t\t\t\t<div class=\"elementor-element elementor-element-753a05b elementor-widget elementor-widget-heading\" data-id=\"753a05b\" data-element_type=\"widget\" data-e-type=\"widget\" data-widget_type=\"heading.default\">\n\t\t\t\t<div class=\"elementor-widget-container\">\n\t\t\t\t\t<h1 class=\"elementor-heading-title elementor-size-default\">Donaciones<\/h1>\t\t\t\t<\/div>\n\t\t\t\t<\/div>\n\t\t\t\t<div class=\"elementor-element elementor-element-69beef5 elementor-widget__width-initial elementor-widget elementor-widget-heading\" data-id=\"69beef5\" data-element_type=\"widget\" data-e-type=\"widget\" data-widget_type=\"heading.default\">\n\t\t\t\t<div class=\"elementor-widget-container\">\n\t\t\t\t\t<h2 class=\"elementor-heading-title elementor-size-default\">Tu donaci\u00f3n nos ayuda a eliminar barreras al acceso a la atenci\u00f3n en salud.<\/h2>\t\t\t\t<\/div>\n\t\t\t\t<\/div>\n\t\t\t\t<div class=\"elementor-element elementor-element-e5d2c91 elementor-widget elementor-widget-image\" data-id=\"e5d2c91\" data-element_type=\"widget\" data-e-type=\"widget\" data-widget_type=\"image.default\">\n\t\t\t\t<div class=\"elementor-widget-container\">\n\t\t\t\t\t\t\t\t\t\t\t\t\t\t\t<img fetchpriority=\"high\" decoding=\"async\" width=\"768\" height=\"403\" src=\"https:\/\/gwinnettcoalition.org\/wp-content\/uploads\/2023\/10\/20221219_GC_EOY-CampaignGraphics_GHEF-Web-Banner-768x403-1.webp\" class=\"attachment-full size-full wp-image-29768\" alt=\"\" srcset=\"https:\/\/gwinnettcoalition.org\/wp-content\/uploads\/2023\/10\/20221219_GC_EOY-CampaignGraphics_GHEF-Web-Banner-768x403-1.webp 768w, https:\/\/gwinnettcoalition.org\/wp-content\/uploads\/2023\/10\/20221219_GC_EOY-CampaignGraphics_GHEF-Web-Banner-768x403-1-300x157.webp 300w\" sizes=\"(max-width: 768px) 100vw, 768px\" \/>\t\t\t\t\t\t\t\t\t\t\t\t\t\t\t<\/div>\n\t\t\t\t<\/div>\n\t\t\t\t<div class=\"elementor-element elementor-element-ded1f16 elementor-widget elementor-widget-text-editor\" data-id=\"ded1f16\" data-element_type=\"widget\" data-e-type=\"widget\" data-widget_type=\"text-editor.default\">\n\t\t\t\t<div class=\"elementor-widget-container\">\n\t\t\t\t\t\t\t\t\t<p><strong>El condado de Gwinnett tiene la mayor poblaci\u00f3n sin seguro de Georgia<\/strong>, con un estimado de m\u00e1s de 160.000 residentes sin seguro*.&nbsp;<span style=\"color: var( --e-global-color-primary ); font-family: var( --e-global-typography-text-font-family ), Sans-serif; font-size: var( --e-global-typography-text-font-size ); font-weight: var( --e-global-typography-text-font-weight ); text-align: var(--text-align);\">Estamos trabajando para eliminar una de las mayores barreras de acceso a la atenci\u00f3n en salud para los residentes con seguro insuficiente o sin seguro: el costo del servicio.<\/span><\/p>\n<p><span style=\"color: var( --e-global-color-primary ); font-family: var( --e-global-typography-text-font-family ), Sans-serif; font-size: var( --e-global-typography-text-font-size ); font-weight: var( --e-global-typography-text-font-weight ); text-align: var(--text-align);\">&nbsp;<\/span><\/p>\n<p>Tu puedes ayudar donando al Fondo de Equidad en Salud. Estos fondos se utilizan para cubrir el costo de los servicios de salud, tanto mentales como f\u00edsicos, a trav\u00e9s de asociaciones con los actuales <a href=\"https:\/\/gwinnetthealthfinder.org\/?lang=es\"><strong>Gwinnett Health Finder<\/strong><\/a> existentes.<\/p><p><br><\/p>\n<p>Haz clic en el <a href=\"https:\/\/gwinnettcoalition.org\/es\/?page_id=29875#paypal\">bot\u00f3n de PayPal<\/a> para donar hoy mismo.<\/p><p><br><\/p>\n<p><em>*Seg\u00fan <a href=\"https:\/\/www.livehealthygwinnettdata.com\/indicators\/index\/view?indicatorId=2254&amp;localeId=505\">datos de Live Healthy Gwinnett<\/a>.<\/em><\/p>\t\t\t\t\t\t\t\t<\/div>\n\t\t\t\t<\/div>\n\t\t\t\t<div class=\"elementor-element elementor-element-84b0179 elementor-widget__width-inherit elementor-widget elementor-widget-text-editor\" data-id=\"84b0179\" data-element_type=\"widget\" data-e-type=\"widget\" data-widget_type=\"text-editor.default\">\n\t\t\t\t<div class=\"elementor-widget-container\">\n\t\t\t\t\t\t\t\t\t<p>Gwinnett Coalition es una organizaci\u00f3n sin \u00e1nimo de lucro reconocida como exenta de impuestos en virtud de la secci\u00f3n 501(c)(3) del C\u00f3digo de Rentas Internas. Por ello, las contribuciones pueden ser deducibles de impuestos.<br><br>Cada donaci\u00f3n se utiliza para financiar programas que atienden gratuitamente a los residentes del condado de Gwinnett. Tus contribuciones y apoyo nos permiten seguir ofreciendo el m\u00e1s alto nivel de atenci\u00f3n a los residentes del condado de Gwinnett que lo necesitan.<\/p>\t\t\t\t\t\t\t\t<\/div>\n\t\t\t\t<\/div>\n\t\t<div class=\"elementor-element elementor-element-5449e76 e-flex e-con-boxed e-con e-child\" data-id=\"5449e76\" data-element_type=\"container\" data-e-type=\"container\">\n\t\t\t\t\t<div class=\"e-con-inner\">\n\t\t\t\t<div class=\"elementor-element elementor-element-747cc20 elementor-widget elementor-widget-heading\" data-id=\"747cc20\" data-element_type=\"widget\" data-e-type=\"widget\" data-widget_type=\"heading.default\">\n\t\t\t\t<div class=\"elementor-widget-container\">\n\t\t\t\t\t<h4 class=\"elementor-heading-title elementor-size-default\">Formas de contribuir a Gwinnett Coalition<\/h4>\t\t\t\t<\/div>\n\t\t\t\t<\/div>\n\t\t\t\t<div class=\"elementor-element elementor-element-409a7cc elementor-widget elementor-widget-text-editor\" data-id=\"409a7cc\" data-element_type=\"widget\" data-e-type=\"widget\" data-widget_type=\"text-editor.default\">\n\t\t\t\t<div class=\"elementor-widget-container\">\n\t\t\t\t\t\t\t\t\t<h4 class=\"elementor-heading-title elementor-size-default\">PayPal<\/h4>\n\t\t\t\t\t\t\t\t<\/div>\n\t\t\t\t<\/div>\n\t\t\t\t<div class=\"elementor-element elementor-element-4f5720e elementor-widget elementor-widget-html\" data-id=\"4f5720e\" data-element_type=\"widget\" data-e-type=\"widget\" id=\"paypal\" data-widget_type=\"html.default\">\n\t\t\t\t<div class=\"elementor-widget-container\">\n\t\t\t\t\t<div align=\"center\">\n<form action=\"https:\/\/www.paypal.com\/donate\" method=\"post\" target=\"_top\">\n<input type=\"hidden\" name=\"hosted_button_id\" value=\"5NF3HAHS8BMYC\">\n<input type=\"image\" src=\"https:\/\/www.paypalobjects.com\/en_US\/i\/btn\/btn_donateCC_LG.gif\" border=\"0\" name=\"submit\" title=\"PayPal: la forma m\u00e1s segura y sencilla de pagar en Internet\" alt=\"Donar con el bot\u00f3n PayPal\">\n<img decoding=\"async\" alt=\"\" border=\"0\" src=\"https:\/\/www.paypal.com\/en_US\/i\/scr\/pixel.gif\" width=\"1\" height=\"1\">\n<\/form>\n<\/div>\t\t\t\t<\/div>\n\t\t\t\t<\/div>\n\t\t\t\t\t<\/div>\n\t\t\t\t<\/div>\n\t\t\t\t\t<\/div>\n\t\t\t\t<\/div>\n\t\t\t\t<\/div>\n\t\t\t\t<\/div>\n\t\t","protected":false},"excerpt":{"rendered":"<p>Donaciones Tu donaci\u00f3n nos ayuda a eliminar barreras al acceso a la atenci\u00f3n en salud. El condado de Gwinnett tiene la mayor poblaci\u00f3n sin seguro de Georgia, con un estimado [&hellip;]<\/p>\n","protected":false},"author":1,"featured_media":0,"parent":0,"menu_order":0,"comment_status":"closed","ping_status":"closed","template":"","meta":{"_monsterinsights_skip_tracking":false,"_monsterinsights_sitenote_active":false,"_monsterinsights_sitenote_note":"","_monsterinsights_sitenote_category":0,"footnotes":""},"class_list":["post-29875","page","type-page","status-publish","hentry"],"yoast_head":"<!-- This site is optimized with the Yoast SEO plugin v27.3 - https:\/\/yoast.com\/product\/yoast-seo-wordpress\/ -->\n<title>Invierte<\/title>\n<meta name=\"robots\" content=\"index, follow, max-snippet:-1, max-image-preview:large, max-video-preview:-1\" \/>\n<link rel=\"canonical\" href=\"https:\/\/gwinnettcoalition.org\/es\/invierte-en\/\" \/>\n<meta property=\"og:locale\" content=\"es_ES\" \/>\n<meta property=\"og:type\" content=\"article\" \/>\n<meta property=\"og:title\" content=\"Invierte\" \/>\n<meta property=\"og:description\" content=\"Donaciones Tu donaci\u00f3n nos ayuda a eliminar barreras al acceso a la atenci\u00f3n en salud. El condado de Gwinnett tiene la mayor poblaci\u00f3n sin seguro de Georgia, con un estimado [&hellip;]\" \/>\n<meta property=\"og:url\" content=\"https:\/\/gwinnettcoalition.org\/es\/invierte-en\/\" \/>\n<meta property=\"og:site_name\" content=\"Gwinnett Coalition\" \/>\n<meta property=\"article:publisher\" content=\"https:\/\/www.facebook.com\/GwinnettCoalition\/\" \/>\n<meta property=\"article:modified_time\" content=\"2024-01-25T13:35:58+00:00\" \/>\n<meta property=\"og:image\" content=\"https:\/\/gwinnettcoalition.org\/wp-content\/uploads\/2023\/10\/20221219_GC_EOY-CampaignGraphics_GHEF-Web-Banner-768x403-1.webp\" \/>\n<meta name=\"twitter:card\" content=\"summary_large_image\" \/>\n<meta name=\"twitter:label1\" content=\"Tiempo de lectura\" \/>\n\t<meta name=\"twitter:data1\" content=\"2 minutos\" \/>\n<script type=\"application\/ld+json\" class=\"yoast-schema-graph\">{\"@context\":\"https:\\\/\\\/schema.org\",\"@graph\":[{\"@type\":\"WebPage\",\"@id\":\"https:\\\/\\\/gwinnettcoalition.org\\\/es\\\/invierte-en\\\/\",\"url\":\"https:\\\/\\\/gwinnettcoalition.org\\\/es\\\/invierte-en\\\/\",\"name\":\"Invierte\",\"isPartOf\":{\"@id\":\"https:\\\/\\\/gwinnettcoalition.org\\\/es\\\/#website\"},\"primaryImageOfPage\":{\"@id\":\"https:\\\/\\\/gwinnettcoalition.org\\\/es\\\/invierte-en\\\/#primaryimage\"},\"image\":{\"@id\":\"https:\\\/\\\/gwinnettcoalition.org\\\/es\\\/invierte-en\\\/#primaryimage\"},\"thumbnailUrl\":\"https:\\\/\\\/gwinnettcoalition.org\\\/wp-content\\\/uploads\\\/2023\\\/10\\\/20221219_GC_EOY-CampaignGraphics_GHEF-Web-Banner-768x403-1.webp\",\"datePublished\":\"2023-10-25T20:57:02+00:00\",\"dateModified\":\"2024-01-25T13:35:58+00:00\",\"breadcrumb\":{\"@id\":\"https:\\\/\\\/gwinnettcoalition.org\\\/es\\\/invierte-en\\\/#breadcrumb\"},\"inLanguage\":\"es\",\"potentialAction\":[{\"@type\":\"ReadAction\",\"target\":[\"https:\\\/\\\/gwinnettcoalition.org\\\/es\\\/invierte-en\\\/\"]}]},{\"@type\":\"ImageObject\",\"inLanguage\":\"es\",\"@id\":\"https:\\\/\\\/gwinnettcoalition.org\\\/es\\\/invierte-en\\\/#primaryimage\",\"url\":\"https:\\\/\\\/gwinnettcoalition.org\\\/wp-content\\\/uploads\\\/2023\\\/10\\\/20221219_GC_EOY-CampaignGraphics_GHEF-Web-Banner-768x403-1.webp\",\"contentUrl\":\"https:\\\/\\\/gwinnettcoalition.org\\\/wp-content\\\/uploads\\\/2023\\\/10\\\/20221219_GC_EOY-CampaignGraphics_GHEF-Web-Banner-768x403-1.webp\"},{\"@type\":\"BreadcrumbList\",\"@id\":\"https:\\\/\\\/gwinnettcoalition.org\\\/es\\\/invierte-en\\\/#breadcrumb\",\"itemListElement\":[{\"@type\":\"ListItem\",\"position\":1,\"name\":\"Home\",\"item\":\"https:\\\/\\\/gwinnettcoalition.org\\\/es\\\/\"},{\"@type\":\"ListItem\",\"position\":2,\"name\":\"Invierta\"}]},{\"@type\":\"WebSite\",\"@id\":\"https:\\\/\\\/gwinnettcoalition.org\\\/es\\\/#website\",\"url\":\"https:\\\/\\\/gwinnettcoalition.org\\\/es\\\/\",\"name\":\"Gwinnett\",\"description\":\"Advancing the health and well-being of Gwinnett residents.\",\"publisher\":{\"@id\":\"https:\\\/\\\/gwinnettcoalition.org\\\/es\\\/#organization\"},\"potentialAction\":[{\"@type\":\"SearchAction\",\"target\":{\"@type\":\"EntryPoint\",\"urlTemplate\":\"https:\\\/\\\/gwinnettcoalition.org\\\/es\\\/?s={search_term_string}\"},\"query-input\":{\"@type\":\"PropertyValueSpecification\",\"valueRequired\":true,\"valueName\":\"search_term_string\"}}],\"inLanguage\":\"es\"},{\"@type\":\"Organization\",\"@id\":\"https:\\\/\\\/gwinnettcoalition.org\\\/es\\\/#organization\",\"name\":\"Gwinnett\",\"url\":\"https:\\\/\\\/gwinnettcoalition.org\\\/es\\\/\",\"logo\":{\"@type\":\"ImageObject\",\"inLanguage\":\"es\",\"@id\":\"https:\\\/\\\/gwinnettcoalition.org\\\/es\\\/#\\\/schema\\\/logo\\\/image\\\/\",\"url\":\"https:\\\/\\\/gwinnettcoalition.org\\\/wp-content\\\/uploads\\\/2023\\\/10\\\/LogoHorizontal-Gwinnett-1.svg\",\"contentUrl\":\"https:\\\/\\\/gwinnettcoalition.org\\\/wp-content\\\/uploads\\\/2023\\\/10\\\/LogoHorizontal-Gwinnett-1.svg\",\"width\":183,\"height\":49,\"caption\":\"Gwinnett\"},\"image\":{\"@id\":\"https:\\\/\\\/gwinnettcoalition.org\\\/es\\\/#\\\/schema\\\/logo\\\/image\\\/\"},\"sameAs\":[\"https:\\\/\\\/www.facebook.com\\\/GwinnettCoalition\\\/\",\"https:\\\/\\\/www.instagram.com\\\/gwinnettcoalition\\\/?hl=en\",\"https:\\\/\\\/www.linkedin.com\\\/company\\\/gwinnett-coalition-for-health-and-human-services\\\/\",\"https:\\\/\\\/www.youtube.com\\\/user\\\/GreatDaysOfService\"]}]}<\/script>\n<!-- \/ Yoast SEO plugin. -->","yoast_head_json":{"title":"Invierte","robots":{"index":"index","follow":"follow","max-snippet":"max-snippet:-1","max-image-preview":"max-image-preview:large","max-video-preview":"max-video-preview:-1"},"canonical":"https:\/\/gwinnettcoalition.org\/es\/invierte-en\/","og_locale":"es_ES","og_type":"article","og_title":"Invierte","og_description":"Donaciones Tu donaci\u00f3n nos ayuda a eliminar barreras al acceso a la atenci\u00f3n en salud. El condado de Gwinnett tiene la mayor poblaci\u00f3n sin seguro de Georgia, con un estimado [&hellip;]","og_url":"https:\/\/gwinnettcoalition.org\/es\/invierte-en\/","og_site_name":"Gwinnett Coalition","article_publisher":"https:\/\/www.facebook.com\/GwinnettCoalition\/","article_modified_time":"2024-01-25T13:35:58+00:00","og_image":[{"url":"https:\/\/gwinnettcoalition.org\/wp-content\/uploads\/2023\/10\/20221219_GC_EOY-CampaignGraphics_GHEF-Web-Banner-768x403-1.webp","type":"","width":"","height":""}],"twitter_card":"summary_large_image","twitter_misc":{"Tiempo de lectura":"2 minutos"},"schema":{"@context":"https:\/\/schema.org","@graph":[{"@type":"WebPage","@id":"https:\/\/gwinnettcoalition.org\/es\/invierte-en\/","url":"https:\/\/gwinnettcoalition.org\/es\/invierte-en\/","name":"Invierte","isPartOf":{"@id":"https:\/\/gwinnettcoalition.org\/es\/#website"},"primaryImageOfPage":{"@id":"https:\/\/gwinnettcoalition.org\/es\/invierte-en\/#primaryimage"},"image":{"@id":"https:\/\/gwinnettcoalition.org\/es\/invierte-en\/#primaryimage"},"thumbnailUrl":"https:\/\/gwinnettcoalition.org\/wp-content\/uploads\/2023\/10\/20221219_GC_EOY-CampaignGraphics_GHEF-Web-Banner-768x403-1.webp","datePublished":"2023-10-25T20:57:02+00:00","dateModified":"2024-01-25T13:35:58+00:00","breadcrumb":{"@id":"https:\/\/gwinnettcoalition.org\/es\/invierte-en\/#breadcrumb"},"inLanguage":"es","potentialAction":[{"@type":"ReadAction","target":["https:\/\/gwinnettcoalition.org\/es\/invierte-en\/"]}]},{"@type":"ImageObject","inLanguage":"es","@id":"https:\/\/gwinnettcoalition.org\/es\/invierte-en\/#primaryimage","url":"https:\/\/gwinnettcoalition.org\/wp-content\/uploads\/2023\/10\/20221219_GC_EOY-CampaignGraphics_GHEF-Web-Banner-768x403-1.webp","contentUrl":"https:\/\/gwinnettcoalition.org\/wp-content\/uploads\/2023\/10\/20221219_GC_EOY-CampaignGraphics_GHEF-Web-Banner-768x403-1.webp"},{"@type":"BreadcrumbList","@id":"https:\/\/gwinnettcoalition.org\/es\/invierte-en\/#breadcrumb","itemListElement":[{"@type":"ListItem","position":1,"name":"Home","item":"https:\/\/gwinnettcoalition.org\/es\/"},{"@type":"ListItem","position":2,"name":"Invierta"}]},{"@type":"WebSite","@id":"https:\/\/gwinnettcoalition.org\/es\/#website","url":"https:\/\/gwinnettcoalition.org\/es\/","name":"Gwinnett","description":"Advancing the health and well-being of Gwinnett residents.","publisher":{"@id":"https:\/\/gwinnettcoalition.org\/es\/#organization"},"potentialAction":[{"@type":"SearchAction","target":{"@type":"EntryPoint","urlTemplate":"https:\/\/gwinnettcoalition.org\/es\/?s={search_term_string}"},"query-input":{"@type":"PropertyValueSpecification","valueRequired":true,"valueName":"search_term_string"}}],"inLanguage":"es"},{"@type":"Organization","@id":"https:\/\/gwinnettcoalition.org\/es\/#organization","name":"Gwinnett","url":"https:\/\/gwinnettcoalition.org\/es\/","logo":{"@type":"ImageObject","inLanguage":"es","@id":"https:\/\/gwinnettcoalition.org\/es\/#\/schema\/logo\/image\/","url":"https:\/\/gwinnettcoalition.org\/wp-content\/uploads\/2023\/10\/LogoHorizontal-Gwinnett-1.svg","contentUrl":"https:\/\/gwinnettcoalition.org\/wp-content\/uploads\/2023\/10\/LogoHorizontal-Gwinnett-1.svg","width":183,"height":49,"caption":"Gwinnett"},"image":{"@id":"https:\/\/gwinnettcoalition.org\/es\/#\/schema\/logo\/image\/"},"sameAs":["https:\/\/www.facebook.com\/GwinnettCoalition\/","https:\/\/www.instagram.com\/gwinnettcoalition\/?hl=en","https:\/\/www.linkedin.com\/company\/gwinnett-coalition-for-health-and-human-services\/","https:\/\/www.youtube.com\/user\/GreatDaysOfService"]}]}},"_links":{"self":[{"href":"https:\/\/gwinnettcoalition.org\/es\/wp-json\/wp\/v2\/pages\/29875","targetHints":{"allow":["GET"]}}],"collection":[{"href":"https:\/\/gwinnettcoalition.org\/es\/wp-json\/wp\/v2\/pages"}],"about":[{"href":"https:\/\/gwinnettcoalition.org\/es\/wp-json\/wp\/v2\/types\/page"}],"author":[{"embeddable":true,"href":"https:\/\/gwinnettcoalition.org\/es\/wp-json\/wp\/v2\/users\/1"}],"replies":[{"embeddable":true,"href":"https:\/\/gwinnettcoalition.org\/es\/wp-json\/wp\/v2\/comments?post=29875"}],"version-history":[{"count":13,"href":"https:\/\/gwinnettcoalition.org\/es\/wp-json\/wp\/v2\/pages\/29875\/revisions"}],"predecessor-version":[{"id":30232,"href":"https:\/\/gwinnettcoalition.org\/es\/wp-json\/wp\/v2\/pages\/29875\/revisions\/30232"}],"wp:attachment":[{"href":"https:\/\/gwinnettcoalition.org\/es\/wp-json\/wp\/v2\/media?parent=29875"}],"curies":[{"name":"wp","href":"https:\/\/api.w.org\/{rel}","templated":true}]}}