{"id":29895,"date":"2023-10-19T13:31:53","date_gmt":"2023-10-19T13:31:53","guid":{"rendered":"https:\/\/gwinnettcoalition.org\/desarrollo-de-capacidades-sin-animo-de-lucro\/"},"modified":"2024-02-15T18:37:03","modified_gmt":"2024-02-15T18:37:03","slug":"desarrollo-de-capacidades-sin-animo-de-lucro","status":"publish","type":"page","link":"https:\/\/gwinnettcoalition.org\/es\/desarrollo-de-capacidades-sin-animo-de-lucro\/","title":{"rendered":"Nonprofit Capacity Building"},"content":{"rendered":"\t\t<div data-elementor-type=\"wp-page\" data-elementor-id=\"29895\" class=\"elementor elementor-29895 elementor-2071\" data-elementor-post-type=\"page\">\n\t\t\t\t<div class=\"elementor-element elementor-element-38d9918 e-con-full e-flex e-con e-parent\" data-id=\"38d9918\" data-element_type=\"container\" data-e-type=\"container\" data-settings=\"{&quot;background_background&quot;:&quot;classic&quot;}\">\n\t\t<div class=\"elementor-element elementor-element-36dfde7 e-con-full e-flex e-con e-child\" data-id=\"36dfde7\" data-element_type=\"container\" data-e-type=\"container\">\n\t\t\t\t<div class=\"elementor-element elementor-element-abe9e94 elementor-widget__width-initial elementor-widget elementor-widget-heading\" data-id=\"abe9e94\" data-element_type=\"widget\" data-e-type=\"widget\" data-widget_type=\"heading.default\">\n\t\t\t\t<div class=\"elementor-widget-container\">\n\t\t\t\t\t<h1 class=\"elementor-heading-title elementor-size-default\">Estamos fortaleciendo el ecosistema sin \u00e1nimo de lucro de Gwinnett conectando y equipando a las organizaciones con recursos para aumentar la eficiencia y la eficacia operativas.<\/h1>\t\t\t\t<\/div>\n\t\t\t\t<\/div>\n\t\t<div class=\"elementor-element elementor-element-ee7052e e-con-full e-flex e-con e-child\" data-id=\"ee7052e\" data-element_type=\"container\" data-e-type=\"container\">\n\t\t\t\t<div class=\"elementor-element elementor-element-ef5c0f5 elementor-widget elementor-widget-image\" data-id=\"ef5c0f5\" data-element_type=\"widget\" data-e-type=\"widget\" data-widget_type=\"image.default\">\n\t\t\t\t<div class=\"elementor-widget-container\">\n\t\t\t\t\t\t\t\t\t\t\t\t\t\t\t\t<a href=\"#scroll\">\n\t\t\t\t\t\t\t<img decoding=\"async\" width=\"50\" height=\"50\" src=\"https:\/\/gwinnettcoalition.org\/wp-content\/uploads\/2023\/10\/gwinnett-scroll-down.svg\" class=\"attachment-large size-large wp-image-29664\" alt=\"\" \/>\t\t\t\t\t\t\t\t<\/a>\n\t\t\t\t\t\t\t\t\t\t\t\t\t\t\t<\/div>\n\t\t\t\t<\/div>\n\t\t\t\t<div class=\"elementor-element elementor-element-162d262 elementor-widget elementor-widget-text-editor\" data-id=\"162d262\" data-element_type=\"widget\" data-e-type=\"widget\" data-widget_type=\"text-editor.default\">\n\t\t\t\t<div class=\"elementor-widget-container\">\n\t\t\t\t\t\t\t\t\t<p><a href=\"#scroll\" style=\"color:#FFFFFF\">Baja<\/a><\/p>\n\t\t\t\t\t\t\t\t<\/div>\n\t\t\t\t<\/div>\n\t\t\t\t<\/div>\n\t\t\t\t<\/div>\n\t\t\t\t<\/div>\n\t\t<div class=\"elementor-element elementor-element-32712d9 e-con-full e-flex e-con e-parent\" data-id=\"32712d9\" data-element_type=\"container\" data-e-type=\"container\" id=\"scroll\" data-settings=\"{&quot;background_background&quot;:&quot;classic&quot;}\">\n\t\t<div class=\"elementor-element elementor-element-0201022 e-flex e-con-boxed e-con e-child\" data-id=\"0201022\" data-element_type=\"container\" data-e-type=\"container\">\n\t\t\t\t\t<div class=\"e-con-inner\">\n\t\t\t\t<div class=\"elementor-element elementor-element-a7543ff elementor-widget__width-initial elementor-widget elementor-widget-text-editor\" data-id=\"a7543ff\" data-element_type=\"widget\" data-e-type=\"widget\" data-widget_type=\"text-editor.default\">\n\t\t\t\t<div class=\"elementor-widget-container\">\n\t\t\t\t\t\t\t\t\t<p>Como parte de nuestra misi\u00f3n de fortalecer el sector sin \u00e1nimo de lucro en el condado de Gwinnett, hemos puesto en marcha una nueva iniciativa destinada a aumentar la capacidad de las organizaciones para cumplir su misi\u00f3n.<\/p>\n\t\t\t\t\t\t\t\t<\/div>\n\t\t\t\t<\/div>\n\t\t\t\t\t<\/div>\n\t\t\t\t<\/div>\n\t\t<div class=\"elementor-element elementor-element-122a9bd e-flex e-con-boxed e-con e-child\" data-id=\"122a9bd\" data-element_type=\"container\" data-e-type=\"container\">\n\t\t\t\t\t<div class=\"e-con-inner\">\n\t\t<div class=\"elementor-element elementor-element-144a500 e-con-full e-flex e-con e-child\" data-id=\"144a500\" data-element_type=\"container\" data-e-type=\"container\">\n\t\t\t\t<div class=\"elementor-element elementor-element-43db41d elementor-widget__width-initial elementor-widget elementor-widget-text-editor\" data-id=\"43db41d\" data-element_type=\"widget\" data-e-type=\"widget\" data-widget_type=\"text-editor.default\">\n\t\t\t\t<div class=\"elementor-widget-container\">\n\t\t\t\t\t\t\t\t\t<p>El desarrollo de capacidades garantiza que las organizaciones sin \u00e1nimo de lucro tengan acceso a conocimientos y programas que mejoren todos los aspectos de la direcci\u00f3n y gesti\u00f3n de una organizaci\u00f3n sin \u00e1nimo de lucro, incluidas las operaciones, los programas, las finanzas, etc.<\/p>\n\t\t\t\t\t\t\t\t<\/div>\n\t\t\t\t<\/div>\n\t\t\t\t<\/div>\n\t\t<div class=\"elementor-element elementor-element-226755a e-con-full e-flex e-con e-child\" data-id=\"226755a\" data-element_type=\"container\" data-e-type=\"container\">\n\t\t\t\t<div class=\"elementor-element elementor-element-3a7028b elementor-widget elementor-widget-image\" data-id=\"3a7028b\" data-element_type=\"widget\" data-e-type=\"widget\" data-widget_type=\"image.default\">\n\t\t\t\t<div class=\"elementor-widget-container\">\n\t\t\t\t\t\t\t\t\t\t\t\t\t\t\t<img fetchpriority=\"high\" decoding=\"async\" width=\"536\" height=\"445\" src=\"https:\/\/gwinnettcoalition.org\/wp-content\/uploads\/2023\/10\/gwinnett-nonprofit-capacity-building.webp\" class=\"attachment-full size-full wp-image-29794\" alt=\"\" srcset=\"https:\/\/gwinnettcoalition.org\/wp-content\/uploads\/2023\/10\/gwinnett-nonprofit-capacity-building.webp 536w, https:\/\/gwinnettcoalition.org\/wp-content\/uploads\/2023\/10\/gwinnett-nonprofit-capacity-building-300x249.webp 300w\" sizes=\"(max-width: 536px) 100vw, 536px\" \/>\t\t\t\t\t\t\t\t\t\t\t\t\t\t\t<\/div>\n\t\t\t\t<\/div>\n\t\t\t\t<\/div>\n\t\t\t\t\t<\/div>\n\t\t\t\t<\/div>\n\t\t<div class=\"elementor-element elementor-element-d91106f e-flex e-con-boxed e-con e-child\" data-id=\"d91106f\" data-element_type=\"container\" data-e-type=\"container\">\n\t\t\t\t\t<div class=\"e-con-inner\">\n\t\t\t\t<div class=\"elementor-element elementor-element-c00a4e9 elementor-widget elementor-widget-image\" data-id=\"c00a4e9\" data-element_type=\"widget\" data-e-type=\"widget\" data-widget_type=\"image.default\">\n\t\t\t\t<div class=\"elementor-widget-container\">\n\t\t\t\t\t\t\t\t\t\t\t\t\t\t\t<img decoding=\"async\" width=\"1088\" height=\"470\" src=\"https:\/\/gwinnettcoalition.org\/wp-content\/uploads\/2023\/10\/gwinnett-img-programs.webp\" class=\"attachment-full size-full wp-image-29703\" alt=\"\" srcset=\"https:\/\/gwinnettcoalition.org\/wp-content\/uploads\/2023\/10\/gwinnett-img-programs.webp 1088w, https:\/\/gwinnettcoalition.org\/wp-content\/uploads\/2023\/10\/gwinnett-img-programs-300x130.webp 300w, https:\/\/gwinnettcoalition.org\/wp-content\/uploads\/2023\/10\/gwinnett-img-programs-1024x442.webp 1024w, https:\/\/gwinnettcoalition.org\/wp-content\/uploads\/2023\/10\/gwinnett-img-programs-768x332.webp 768w\" sizes=\"(max-width: 1088px) 100vw, 1088px\" \/>\t\t\t\t\t\t\t\t\t\t\t\t\t\t\t<\/div>\n\t\t\t\t<\/div>\n\t\t\t\t\t<\/div>\n\t\t\t\t<\/div>\n\t\t\t\t<\/div>\n\t\t<div class=\"elementor-element elementor-element-5f5bdb8 e-con-full e-flex e-con e-parent\" data-id=\"5f5bdb8\" data-element_type=\"container\" data-e-type=\"container\" data-settings=\"{&quot;background_background&quot;:&quot;classic&quot;}\">\n\t\t<div class=\"elementor-element elementor-element-886d0d3 e-flex e-con-boxed e-con e-child\" data-id=\"886d0d3\" data-element_type=\"container\" data-e-type=\"container\">\n\t\t\t\t\t<div class=\"e-con-inner\">\n\t\t<div class=\"elementor-element elementor-element-4c8b7c1 e-con-full e-flex e-con e-child\" data-id=\"4c8b7c1\" data-element_type=\"container\" data-e-type=\"container\">\n\t\t\t\t<div class=\"elementor-element elementor-element-3666698 elementor-widget__width-initial elementor-widget elementor-widget-text-editor\" data-id=\"3666698\" data-element_type=\"widget\" data-e-type=\"widget\" data-widget_type=\"text-editor.default\">\n\t\t\t\t<div class=\"elementor-widget-container\">\n\t\t\t\t\t\t\t\t\t<p>Dado que las necesidades de la comunidad son mayores que la capacidad de una sola organizaci\u00f3n sin \u00e1nimo de lucro, trabajando juntos como sector aumentar\u00e1 las oportunidades de resolver problemas, acelerar\u00e1 los enfoques innovadores y ampliar\u00e1 los recursos para atender a los residentes m\u00e1s vulnerables de Gwinnett.<\/p>\n\t\t\t\t\t\t\t\t<\/div>\n\t\t\t\t<\/div>\n\t\t\t\t<\/div>\n\t\t<div class=\"elementor-element elementor-element-250b3dc e-con-full e-flex e-con e-child\" data-id=\"250b3dc\" data-element_type=\"container\" data-e-type=\"container\">\n\t\t\t\t<div class=\"elementor-element elementor-element-fa344c6 elementor-widget elementor-widget-image\" data-id=\"fa344c6\" data-element_type=\"widget\" data-e-type=\"widget\" data-widget_type=\"image.default\">\n\t\t\t\t<div class=\"elementor-widget-container\">\n\t\t\t\t\t\t\t\t\t\t\t\t\t\t\t<img loading=\"lazy\" decoding=\"async\" width=\"536\" height=\"445\" src=\"https:\/\/gwinnettcoalition.org\/wp-content\/uploads\/2023\/10\/gwinnett-nonprofit-vulnerable-residents-1.webp\" class=\"attachment-full size-full wp-image-29796\" alt=\"\" srcset=\"https:\/\/gwinnettcoalition.org\/wp-content\/uploads\/2023\/10\/gwinnett-nonprofit-vulnerable-residents-1.webp 536w, https:\/\/gwinnettcoalition.org\/wp-content\/uploads\/2023\/10\/gwinnett-nonprofit-vulnerable-residents-1-300x249.webp 300w\" sizes=\"(max-width: 536px) 100vw, 536px\" \/>\t\t\t\t\t\t\t\t\t\t\t\t\t\t\t<\/div>\n\t\t\t\t<\/div>\n\t\t\t\t<\/div>\n\t\t\t\t\t<\/div>\n\t\t\t\t<\/div>\n\t\t\t\t<\/div>\n\t\t<div class=\"elementor-element elementor-element-816951f e-con-full e-flex e-con e-parent\" data-id=\"816951f\" data-element_type=\"container\" data-e-type=\"container\" data-settings=\"{&quot;background_background&quot;:&quot;classic&quot;}\">\n\t\t<div class=\"elementor-element elementor-element-046a114 e-flex e-con-boxed e-con e-child\" data-id=\"046a114\" data-element_type=\"container\" data-e-type=\"container\">\n\t\t\t\t\t<div class=\"e-con-inner\">\n\t\t\t\t<div class=\"elementor-element elementor-element-f8b51de elementor-widget__width-initial elementor-widget elementor-widget-heading\" data-id=\"f8b51de\" data-element_type=\"widget\" data-e-type=\"widget\" data-widget_type=\"heading.default\">\n\t\t\t\t<div class=\"elementor-widget-container\">\n\t\t\t\t\t<h4 class=\"elementor-heading-title elementor-size-default\">Esta atento para saber m\u00e1s sobre esta emocionante iniciativa.<\/h4>\t\t\t\t<\/div>\n\t\t\t\t<\/div>\n\t\t\t\t\t<\/div>\n\t\t\t\t<\/div>\n\t\t\t\t<\/div>\n\t\t\t\t<\/div>\n\t\t","protected":false},"excerpt":{"rendered":"<p>Estamos fortaleciendo el ecosistema sin \u00e1nimo de lucro de Gwinnett conectando y equipando a las organizaciones con recursos para aumentar la eficiencia y la eficacia operativas. Baja Como parte de [&hellip;]<\/p>\n","protected":false},"author":1,"featured_media":0,"parent":0,"menu_order":0,"comment_status":"closed","ping_status":"closed","template":"","meta":{"_monsterinsights_skip_tracking":false,"_monsterinsights_sitenote_active":false,"_monsterinsights_sitenote_note":"","_monsterinsights_sitenote_category":0,"footnotes":""},"class_list":["post-29895","page","type-page","status-publish","hentry"],"yoast_head":"<!-- This site is optimized with the Yoast SEO plugin v27.3 - https:\/\/yoast.com\/product\/yoast-seo-wordpress\/ -->\n<title>Nonprofit Capacity Building - Gwinnett Coalition<\/title>\n<meta name=\"robots\" content=\"index, follow, max-snippet:-1, max-image-preview:large, max-video-preview:-1\" \/>\n<link rel=\"canonical\" href=\"https:\/\/gwinnettcoalition.org\/es\/desarrollo-de-capacidades-sin-animo-de-lucro\/\" \/>\n<meta property=\"og:locale\" content=\"es_ES\" \/>\n<meta property=\"og:type\" content=\"article\" \/>\n<meta property=\"og:title\" content=\"Nonprofit Capacity Building - Gwinnett Coalition\" \/>\n<meta property=\"og:description\" content=\"Estamos fortaleciendo el ecosistema sin \u00e1nimo de lucro de Gwinnett conectando y equipando a las organizaciones con recursos para aumentar la eficiencia y la eficacia operativas. Baja Como parte de [&hellip;]\" \/>\n<meta property=\"og:url\" content=\"https:\/\/gwinnettcoalition.org\/es\/desarrollo-de-capacidades-sin-animo-de-lucro\/\" \/>\n<meta property=\"og:site_name\" content=\"Gwinnett Coalition\" \/>\n<meta property=\"article:publisher\" content=\"https:\/\/www.facebook.com\/GwinnettCoalition\/\" \/>\n<meta property=\"article:modified_time\" content=\"2024-02-15T18:37:03+00:00\" \/>\n<meta property=\"og:image\" content=\"https:\/\/gwinnettcoalition.org\/wp-content\/uploads\/2023\/10\/gwinnett-scroll-down.svg\" \/>\n<meta name=\"twitter:card\" content=\"summary_large_image\" \/>\n<meta name=\"twitter:label1\" content=\"Tiempo de lectura\" \/>\n\t<meta name=\"twitter:data1\" content=\"2 minutos\" \/>\n<script type=\"application\/ld+json\" class=\"yoast-schema-graph\">{\"@context\":\"https:\\\/\\\/schema.org\",\"@graph\":[{\"@type\":\"WebPage\",\"@id\":\"https:\\\/\\\/gwinnettcoalition.org\\\/es\\\/desarrollo-de-capacidades-sin-animo-de-lucro\\\/\",\"url\":\"https:\\\/\\\/gwinnettcoalition.org\\\/es\\\/desarrollo-de-capacidades-sin-animo-de-lucro\\\/\",\"name\":\"Nonprofit Capacity Building - Gwinnett Coalition\",\"isPartOf\":{\"@id\":\"https:\\\/\\\/gwinnettcoalition.org\\\/es\\\/#website\"},\"primaryImageOfPage\":{\"@id\":\"https:\\\/\\\/gwinnettcoalition.org\\\/es\\\/desarrollo-de-capacidades-sin-animo-de-lucro\\\/#primaryimage\"},\"image\":{\"@id\":\"https:\\\/\\\/gwinnettcoalition.org\\\/es\\\/desarrollo-de-capacidades-sin-animo-de-lucro\\\/#primaryimage\"},\"thumbnailUrl\":\"https:\\\/\\\/gwinnettcoalition.org\\\/wp-content\\\/uploads\\\/2023\\\/10\\\/gwinnett-scroll-down.svg\",\"datePublished\":\"2023-10-19T13:31:53+00:00\",\"dateModified\":\"2024-02-15T18:37:03+00:00\",\"breadcrumb\":{\"@id\":\"https:\\\/\\\/gwinnettcoalition.org\\\/es\\\/desarrollo-de-capacidades-sin-animo-de-lucro\\\/#breadcrumb\"},\"inLanguage\":\"es\",\"potentialAction\":[{\"@type\":\"ReadAction\",\"target\":[\"https:\\\/\\\/gwinnettcoalition.org\\\/es\\\/desarrollo-de-capacidades-sin-animo-de-lucro\\\/\"]}]},{\"@type\":\"ImageObject\",\"inLanguage\":\"es\",\"@id\":\"https:\\\/\\\/gwinnettcoalition.org\\\/es\\\/desarrollo-de-capacidades-sin-animo-de-lucro\\\/#primaryimage\",\"url\":\"https:\\\/\\\/gwinnettcoalition.org\\\/wp-content\\\/uploads\\\/2023\\\/10\\\/gwinnett-scroll-down.svg\",\"contentUrl\":\"https:\\\/\\\/gwinnettcoalition.org\\\/wp-content\\\/uploads\\\/2023\\\/10\\\/gwinnett-scroll-down.svg\"},{\"@type\":\"BreadcrumbList\",\"@id\":\"https:\\\/\\\/gwinnettcoalition.org\\\/es\\\/desarrollo-de-capacidades-sin-animo-de-lucro\\\/#breadcrumb\",\"itemListElement\":[{\"@type\":\"ListItem\",\"position\":1,\"name\":\"Home\",\"item\":\"https:\\\/\\\/gwinnettcoalition.org\\\/es\\\/\"},{\"@type\":\"ListItem\",\"position\":2,\"name\":\"Nonprofit Capacity Building\"}]},{\"@type\":\"WebSite\",\"@id\":\"https:\\\/\\\/gwinnettcoalition.org\\\/es\\\/#website\",\"url\":\"https:\\\/\\\/gwinnettcoalition.org\\\/es\\\/\",\"name\":\"Gwinnett\",\"description\":\"Advancing the health and well-being of Gwinnett residents.\",\"publisher\":{\"@id\":\"https:\\\/\\\/gwinnettcoalition.org\\\/es\\\/#organization\"},\"potentialAction\":[{\"@type\":\"SearchAction\",\"target\":{\"@type\":\"EntryPoint\",\"urlTemplate\":\"https:\\\/\\\/gwinnettcoalition.org\\\/es\\\/?s={search_term_string}\"},\"query-input\":{\"@type\":\"PropertyValueSpecification\",\"valueRequired\":true,\"valueName\":\"search_term_string\"}}],\"inLanguage\":\"es\"},{\"@type\":\"Organization\",\"@id\":\"https:\\\/\\\/gwinnettcoalition.org\\\/es\\\/#organization\",\"name\":\"Gwinnett\",\"url\":\"https:\\\/\\\/gwinnettcoalition.org\\\/es\\\/\",\"logo\":{\"@type\":\"ImageObject\",\"inLanguage\":\"es\",\"@id\":\"https:\\\/\\\/gwinnettcoalition.org\\\/es\\\/#\\\/schema\\\/logo\\\/image\\\/\",\"url\":\"https:\\\/\\\/gwinnettcoalition.org\\\/wp-content\\\/uploads\\\/2023\\\/10\\\/LogoHorizontal-Gwinnett-1.svg\",\"contentUrl\":\"https:\\\/\\\/gwinnettcoalition.org\\\/wp-content\\\/uploads\\\/2023\\\/10\\\/LogoHorizontal-Gwinnett-1.svg\",\"width\":183,\"height\":49,\"caption\":\"Gwinnett\"},\"image\":{\"@id\":\"https:\\\/\\\/gwinnettcoalition.org\\\/es\\\/#\\\/schema\\\/logo\\\/image\\\/\"},\"sameAs\":[\"https:\\\/\\\/www.facebook.com\\\/GwinnettCoalition\\\/\",\"https:\\\/\\\/www.instagram.com\\\/gwinnettcoalition\\\/?hl=en\",\"https:\\\/\\\/www.linkedin.com\\\/company\\\/gwinnett-coalition-for-health-and-human-services\\\/\",\"https:\\\/\\\/www.youtube.com\\\/user\\\/GreatDaysOfService\"]}]}<\/script>\n<!-- \/ Yoast SEO plugin. -->","yoast_head_json":{"title":"Nonprofit Capacity Building - Gwinnett Coalition","robots":{"index":"index","follow":"follow","max-snippet":"max-snippet:-1","max-image-preview":"max-image-preview:large","max-video-preview":"max-video-preview:-1"},"canonical":"https:\/\/gwinnettcoalition.org\/es\/desarrollo-de-capacidades-sin-animo-de-lucro\/","og_locale":"es_ES","og_type":"article","og_title":"Nonprofit Capacity Building - Gwinnett Coalition","og_description":"Estamos fortaleciendo el ecosistema sin \u00e1nimo de lucro de Gwinnett conectando y equipando a las organizaciones con recursos para aumentar la eficiencia y la eficacia operativas. Baja Como parte de [&hellip;]","og_url":"https:\/\/gwinnettcoalition.org\/es\/desarrollo-de-capacidades-sin-animo-de-lucro\/","og_site_name":"Gwinnett Coalition","article_publisher":"https:\/\/www.facebook.com\/GwinnettCoalition\/","article_modified_time":"2024-02-15T18:37:03+00:00","og_image":[{"url":"https:\/\/gwinnettcoalition.org\/wp-content\/uploads\/2023\/10\/gwinnett-scroll-down.svg","type":"","width":"","height":""}],"twitter_card":"summary_large_image","twitter_misc":{"Tiempo de lectura":"2 minutos"},"schema":{"@context":"https:\/\/schema.org","@graph":[{"@type":"WebPage","@id":"https:\/\/gwinnettcoalition.org\/es\/desarrollo-de-capacidades-sin-animo-de-lucro\/","url":"https:\/\/gwinnettcoalition.org\/es\/desarrollo-de-capacidades-sin-animo-de-lucro\/","name":"Nonprofit Capacity Building - Gwinnett Coalition","isPartOf":{"@id":"https:\/\/gwinnettcoalition.org\/es\/#website"},"primaryImageOfPage":{"@id":"https:\/\/gwinnettcoalition.org\/es\/desarrollo-de-capacidades-sin-animo-de-lucro\/#primaryimage"},"image":{"@id":"https:\/\/gwinnettcoalition.org\/es\/desarrollo-de-capacidades-sin-animo-de-lucro\/#primaryimage"},"thumbnailUrl":"https:\/\/gwinnettcoalition.org\/wp-content\/uploads\/2023\/10\/gwinnett-scroll-down.svg","datePublished":"2023-10-19T13:31:53+00:00","dateModified":"2024-02-15T18:37:03+00:00","breadcrumb":{"@id":"https:\/\/gwinnettcoalition.org\/es\/desarrollo-de-capacidades-sin-animo-de-lucro\/#breadcrumb"},"inLanguage":"es","potentialAction":[{"@type":"ReadAction","target":["https:\/\/gwinnettcoalition.org\/es\/desarrollo-de-capacidades-sin-animo-de-lucro\/"]}]},{"@type":"ImageObject","inLanguage":"es","@id":"https:\/\/gwinnettcoalition.org\/es\/desarrollo-de-capacidades-sin-animo-de-lucro\/#primaryimage","url":"https:\/\/gwinnettcoalition.org\/wp-content\/uploads\/2023\/10\/gwinnett-scroll-down.svg","contentUrl":"https:\/\/gwinnettcoalition.org\/wp-content\/uploads\/2023\/10\/gwinnett-scroll-down.svg"},{"@type":"BreadcrumbList","@id":"https:\/\/gwinnettcoalition.org\/es\/desarrollo-de-capacidades-sin-animo-de-lucro\/#breadcrumb","itemListElement":[{"@type":"ListItem","position":1,"name":"Home","item":"https:\/\/gwinnettcoalition.org\/es\/"},{"@type":"ListItem","position":2,"name":"Nonprofit Capacity Building"}]},{"@type":"WebSite","@id":"https:\/\/gwinnettcoalition.org\/es\/#website","url":"https:\/\/gwinnettcoalition.org\/es\/","name":"Gwinnett","description":"Advancing the health and well-being of Gwinnett residents.","publisher":{"@id":"https:\/\/gwinnettcoalition.org\/es\/#organization"},"potentialAction":[{"@type":"SearchAction","target":{"@type":"EntryPoint","urlTemplate":"https:\/\/gwinnettcoalition.org\/es\/?s={search_term_string}"},"query-input":{"@type":"PropertyValueSpecification","valueRequired":true,"valueName":"search_term_string"}}],"inLanguage":"es"},{"@type":"Organization","@id":"https:\/\/gwinnettcoalition.org\/es\/#organization","name":"Gwinnett","url":"https:\/\/gwinnettcoalition.org\/es\/","logo":{"@type":"ImageObject","inLanguage":"es","@id":"https:\/\/gwinnettcoalition.org\/es\/#\/schema\/logo\/image\/","url":"https:\/\/gwinnettcoalition.org\/wp-content\/uploads\/2023\/10\/LogoHorizontal-Gwinnett-1.svg","contentUrl":"https:\/\/gwinnettcoalition.org\/wp-content\/uploads\/2023\/10\/LogoHorizontal-Gwinnett-1.svg","width":183,"height":49,"caption":"Gwinnett"},"image":{"@id":"https:\/\/gwinnettcoalition.org\/es\/#\/schema\/logo\/image\/"},"sameAs":["https:\/\/www.facebook.com\/GwinnettCoalition\/","https:\/\/www.instagram.com\/gwinnettcoalition\/?hl=en","https:\/\/www.linkedin.com\/company\/gwinnett-coalition-for-health-and-human-services\/","https:\/\/www.youtube.com\/user\/GreatDaysOfService"]}]}},"_links":{"self":[{"href":"https:\/\/gwinnettcoalition.org\/es\/wp-json\/wp\/v2\/pages\/29895","targetHints":{"allow":["GET"]}}],"collection":[{"href":"https:\/\/gwinnettcoalition.org\/es\/wp-json\/wp\/v2\/pages"}],"about":[{"href":"https:\/\/gwinnettcoalition.org\/es\/wp-json\/wp\/v2\/types\/page"}],"author":[{"embeddable":true,"href":"https:\/\/gwinnettcoalition.org\/es\/wp-json\/wp\/v2\/users\/1"}],"replies":[{"embeddable":true,"href":"https:\/\/gwinnettcoalition.org\/es\/wp-json\/wp\/v2\/comments?post=29895"}],"version-history":[{"count":9,"href":"https:\/\/gwinnettcoalition.org\/es\/wp-json\/wp\/v2\/pages\/29895\/revisions"}],"predecessor-version":[{"id":30456,"href":"https:\/\/gwinnettcoalition.org\/es\/wp-json\/wp\/v2\/pages\/29895\/revisions\/30456"}],"wp:attachment":[{"href":"https:\/\/gwinnettcoalition.org\/es\/wp-json\/wp\/v2\/media?parent=29895"}],"curies":[{"name":"wp","href":"https:\/\/api.w.org\/{rel}","templated":true}]}}