{"id":29915,"date":"2023-10-12T20:26:53","date_gmt":"2023-10-12T20:26:53","guid":{"rendered":"https:\/\/gwinnettcoalition.org\/equidad-sanitaria\/"},"modified":"2026-04-27T19:56:08","modified_gmt":"2026-04-27T19:56:08","slug":"equidad-sanitaria","status":"publish","type":"page","link":"https:\/\/gwinnettcoalition.org\/es\/equidad-sanitaria\/","title":{"rendered":"Equidad en Salud"},"content":{"rendered":"\t\t<div data-elementor-type=\"wp-page\" data-elementor-id=\"29915\" class=\"elementor elementor-29915 elementor-1182\" data-elementor-post-type=\"page\">\n\t\t\t\t<div class=\"elementor-element elementor-element-2ba2880 e-con-full e-flex e-con e-parent\" data-id=\"2ba2880\" data-element_type=\"container\" data-e-type=\"container\" data-settings=\"{&quot;background_background&quot;:&quot;classic&quot;}\">\n\t\t<div class=\"elementor-element elementor-element-22fbd09 e-flex e-con-boxed e-con e-child\" data-id=\"22fbd09\" data-element_type=\"container\" data-e-type=\"container\" data-settings=\"{&quot;background_background&quot;:&quot;classic&quot;}\">\n\t\t\t\t\t<div class=\"e-con-inner\">\n\t\t\t\t<div class=\"elementor-element elementor-element-412de8a elementor-widget elementor-widget-heading\" data-id=\"412de8a\" data-element_type=\"widget\" data-e-type=\"widget\" data-widget_type=\"heading.default\">\n\t\t\t\t<div class=\"elementor-widget-container\">\n\t\t\t\t\t<h1 class=\"elementor-heading-title elementor-size-default\">Equidad en Salud<\/h1>\t\t\t\t<\/div>\n\t\t\t\t<\/div>\n\t\t\t\t\t<\/div>\n\t\t\t\t<\/div>\n\t\t\t\t<\/div>\n\t\t<div class=\"elementor-element elementor-element-c77d4ad e-con-full e-flex e-con e-parent\" data-id=\"c77d4ad\" data-element_type=\"container\" data-e-type=\"container\" data-settings=\"{&quot;background_background&quot;:&quot;classic&quot;}\">\n\t\t<div class=\"elementor-element elementor-element-aad8d80 e-flex e-con-boxed e-con e-child\" data-id=\"aad8d80\" data-element_type=\"container\" data-e-type=\"container\">\n\t\t\t\t\t<div class=\"e-con-inner\">\n\t\t<div class=\"elementor-element elementor-element-5b775f1 e-con-full e-flex e-con e-child\" data-id=\"5b775f1\" data-element_type=\"container\" data-e-type=\"container\">\n\t\t\t\t<div class=\"elementor-element elementor-element-3fd80e8 elementor-widget elementor-widget-text-editor\" data-id=\"3fd80e8\" data-element_type=\"widget\" data-e-type=\"widget\" data-widget_type=\"text-editor.default\">\n\t\t\t\t<div class=\"elementor-widget-container\">\n\t\t\t\t\t\t\t\t\t<h2>Acceso a la salud en el Condado de Gwinnett<\/h2>\t\t\t\t\t\t\t\t<\/div>\n\t\t\t\t<\/div>\n\t\t\t\t<div class=\"elementor-element elementor-element-0b966d6 elementor-widget__width-inherit elementor-widget elementor-widget-text-editor\" data-id=\"0b966d6\" data-element_type=\"widget\" data-e-type=\"widget\" data-widget_type=\"text-editor.default\">\n\t\t\t\t<div class=\"elementor-widget-container\">\n\t\t\t\t\t\t\t\t\t<p>Todas las personas en Gwinnett merecen acceso a atenci\u00f3n m\u00e9dica, informaci\u00f3n clara y el apoyo que necesitan para mantenerse saludables, reconociendo que la salud es m\u00e1s que la ausencia de enfermedad. Incluye el bienestar mental, f\u00edsico y social, todos esenciales para prosperar. Sin importar su origen, ingresos o idioma, todos los residentes deben tener acceso equitativo a los recursos y oportunidades que apoyan su salud en general.  <\/p><p>En colaboraci\u00f3n con <a href=\"https:\/\/gwinnettcoalition.org\/es\/colaboracion-colectivo\/\">socios comunitarios de confianza<\/a>, brindamos educaci\u00f3n en salud culturalmente relevante y conectamos a los residentes sin seguro o con cobertura limitada con los recursos que necesitan.<\/p>\t\t\t\t\t\t\t\t<\/div>\n\t\t\t\t<\/div>\n\t\t\t\t<\/div>\n\t\t<div class=\"elementor-element elementor-element-b0af4e5 e-flex e-con-boxed e-con e-child\" data-id=\"b0af4e5\" data-element_type=\"container\" data-e-type=\"container\" id=\"img-equity\" data-settings=\"{&quot;background_background&quot;:&quot;classic&quot;}\">\n\t\t\t\t\t<div class=\"e-con-inner\">\n\t\t<div class=\"elementor-element elementor-element-e94d095 e-con-full e-flex e-con e-child\" data-id=\"e94d095\" data-element_type=\"container\" data-e-type=\"container\">\n\t\t\t\t<div class=\"elementor-element elementor-element-8ff875e elementor-widget elementor-widget-image\" data-id=\"8ff875e\" data-element_type=\"widget\" data-e-type=\"widget\" data-widget_type=\"image.default\">\n\t\t\t\t<div class=\"elementor-widget-container\">\n\t\t\t\t\t\t\t\t\t\t\t\t\t\t\t<img fetchpriority=\"high\" decoding=\"async\" width=\"413\" height=\"697\" src=\"https:\/\/gwinnettcoalition.org\/wp-content\/uploads\/2025\/07\/shutterstock_2154487583.webp\" class=\"attachment-full size-full wp-image-52055\" alt=\"\" srcset=\"https:\/\/gwinnettcoalition.org\/wp-content\/uploads\/2025\/07\/shutterstock_2154487583.webp 413w, https:\/\/gwinnettcoalition.org\/wp-content\/uploads\/2025\/07\/shutterstock_2154487583-178x300.webp 178w\" sizes=\"(max-width: 413px) 100vw, 413px\" \/>\t\t\t\t\t\t\t\t\t\t\t\t\t\t\t<\/div>\n\t\t\t\t<\/div>\n\t\t\t\t<\/div>\n\t\t<div class=\"elementor-element elementor-element-9bd130b e-con-full e-flex e-con e-child\" data-id=\"9bd130b\" data-element_type=\"container\" data-e-type=\"container\">\n\t\t\t\t<div class=\"elementor-element elementor-element-38cd004 elementor-widget__width-inherit elementor-widget elementor-widget-text-editor\" data-id=\"38cd004\" data-element_type=\"widget\" data-e-type=\"widget\" data-widget_type=\"text-editor.default\">\n\t\t\t\t<div class=\"elementor-widget-container\">\n\t\t\t\t\t\t\t\t\t<h2>Desaf\u00edos para el acceso a la salud en el Condado de Gwinnett<\/h2>\t\t\t\t\t\t\t\t<\/div>\n\t\t\t\t<\/div>\n\t\t\t\t<div class=\"elementor-element elementor-element-fbea173 elementor-widget__width-inherit elementor-widget elementor-widget-text-editor\" data-id=\"fbea173\" data-element_type=\"widget\" data-e-type=\"widget\" data-widget_type=\"text-editor.default\">\n\t\t\t\t<div class=\"elementor-widget-container\">\n\t\t\t\t\t\t\t\t\t<p>La diversidad del Condado de Gwinnett es una de sus mayores fortalezas, pero demasiados residentes contin\u00faan enfrentando barreras significativas para acceder a la atenci\u00f3n m\u00e9dica.<\/p><ul><li>El 2% de los residentes no tiene seguro m\u00e9dico, lo que limita el acceso a la atenci\u00f3n de rutina y preventiva<\/li><li>Los resultados de salud var\u00edan ampliamente entre comunidades y vecindarios<\/li><li>Las barreras del idioma y la alfabetizaci\u00f3n limitada en salud dificultan la capacidad de los residentes para navegar un sistema de salud complejo<\/li><li>Muchos residentes dependen de la atenci\u00f3n de emergencia porque carecen de acceso a servicios primarios y preventivos<\/li><\/ul><p> <\/p><p>Cuando las personas no saben ad\u00f3nde ir o no pueden acceder a atenci\u00f3n m\u00e9dica, los problemas de salud menores pueden convertirse en problemas de salud mayores.<\/p>\t\t\t\t\t\t\t\t<\/div>\n\t\t\t\t<\/div>\n\t\t\t\t<\/div>\n\t\t\t\t\t<\/div>\n\t\t\t\t<\/div>\n\t\t\t\t\t<\/div>\n\t\t\t\t<\/div>\n\t\t\t\t<\/div>\n\t\t<div class=\"elementor-element elementor-element-e35a26b e-con-full e-flex e-con e-parent\" data-id=\"e35a26b\" data-element_type=\"container\" data-e-type=\"container\" data-settings=\"{&quot;background_background&quot;:&quot;classic&quot;}\">\n\t\t<div class=\"elementor-element elementor-element-930340b e-flex e-con-boxed e-con e-child\" data-id=\"930340b\" data-element_type=\"container\" data-e-type=\"container\">\n\t\t\t\t\t<div class=\"e-con-inner\">\n\t\t\t\t<div class=\"elementor-element elementor-element-c6b0f4e elementor-widget__width-inherit elementor-widget elementor-widget-text-editor\" data-id=\"c6b0f4e\" data-element_type=\"widget\" data-e-type=\"widget\" data-widget_type=\"text-editor.default\">\n\t\t\t\t<div class=\"elementor-widget-container\">\n\t\t\t\t\t\t\t\t\t<h2><span style=\"font-family: 'Calibri',sans-serif;\">Qu\u00e9 hacemos<\/span><\/h2>\t\t\t\t\t\t\t\t<\/div>\n\t\t\t\t<\/div>\n\t\t<div class=\"elementor-element elementor-element-90b3b5f e-con-full e-flex e-con e-child\" data-id=\"90b3b5f\" data-element_type=\"container\" data-e-type=\"container\">\n\t\t<div class=\"elementor-element elementor-element-b9e92e5 e-con-full e-flex e-con e-child\" data-id=\"b9e92e5\" data-element_type=\"container\" data-e-type=\"container\">\n\t\t\t\t<div class=\"elementor-element elementor-element-db5d27a elementor-widget elementor-widget-text-editor\" data-id=\"db5d27a\" data-element_type=\"widget\" data-e-type=\"widget\" data-widget_type=\"text-editor.default\">\n\t\t\t\t<div class=\"elementor-widget-container\">\n\t\t\t\t\t\t\t\t\t<p>Conectamos a los residentes con el conocimiento, la atenci\u00f3n y los recursos que necesitan para prosperar. Lo hacemos mediante: <\/p><ul><li>Impartir talleres de alfabetizaci\u00f3n en salud en ingl\u00e9s y espa\u00f1ol<\/li><li>Servir como el socio designado del Condado de Gwinnett<\/li><li>Construir y cultivar alianzas para ampliar el acceso a la atenci\u00f3n m\u00e9dica<\/li><li>Compartir informaci\u00f3n y recursos de salud culturalmente relevantes a trav\u00e9s de espacios de confianza como iglesias, despensas de alimentos, ferias de salud y eventos comunitarios<\/li><li>Brindar orientaci\u00f3n en alfabetizaci\u00f3n en salud para ayudar a los residentes a comprender los servicios preventivos y las opciones de atenci\u00f3n m\u00e9dica<\/li><\/ul>\t\t\t\t\t\t\t\t<\/div>\n\t\t\t\t<\/div>\n\t\t\t\t<\/div>\n\t\t\t\t<\/div>\n\t\t\t\t\t<\/div>\n\t\t\t\t<\/div>\n\t\t\t\t<\/div>\n\t\t<div class=\"elementor-element elementor-element-dbc552f e-con-full e-flex e-con e-parent\" data-id=\"dbc552f\" data-element_type=\"container\" data-e-type=\"container\" data-settings=\"{&quot;background_background&quot;:&quot;classic&quot;}\">\n\t\t<div class=\"elementor-element elementor-element-283ad2d e-flex e-con-boxed e-con e-child\" data-id=\"283ad2d\" data-element_type=\"container\" data-e-type=\"container\">\n\t\t\t\t\t<div class=\"e-con-inner\">\n\t\t\t\t<div class=\"elementor-element elementor-element-51a24cb elementor-widget elementor-widget-text-editor\" data-id=\"51a24cb\" data-element_type=\"widget\" data-e-type=\"widget\" data-widget_type=\"text-editor.default\">\n\t\t\t\t<div class=\"elementor-widget-container\">\n\t\t\t\t\t\t\t\t\t<h2>Educaci\u00f3n en salud que funciona<\/h2>\t\t\t\t\t\t\t\t<\/div>\n\t\t\t\t<\/div>\n\t\t\t\t<div class=\"elementor-element elementor-element-f7ef041 elementor-widget__width-inherit elementor-widget elementor-widget-text-editor\" data-id=\"f7ef041\" data-element_type=\"widget\" data-e-type=\"widget\" data-widget_type=\"text-editor.default\">\n\t\t\t\t<div class=\"elementor-widget-container\">\n\t\t\t\t\t\t\t\t\t<p>Ofrecemos talleres biling\u00fces y culturalmente relevantes que ayudan a las personas a comprender y manejar su salud f\u00edsica, mental y socialmente. Estas sesiones son interactivas, pr\u00e1cticas y dirigidas por voces comunitarias de confianza. <\/p><p>\u00bfLe interesa un taller de alfabetizaci\u00f3n en salud para su organizaci\u00f3n? Env\u00edenos un correo electr\u00f3nico a <a href=\"mailto:healthliteracy@gwinnettcoalition.org\">healthliteracy@gwinnettcoalition.org<\/a>. <\/p>\t\t\t\t\t\t\t\t<\/div>\n\t\t\t\t<\/div>\n\t\t\t\t\t<\/div>\n\t\t\t\t<\/div>\n\t\t\t\t<\/div>\n\t\t<div class=\"elementor-element elementor-element-bd1b0d7 e-flex e-con-boxed e-con e-parent\" data-id=\"bd1b0d7\" data-element_type=\"container\" data-e-type=\"container\" data-settings=\"{&quot;background_background&quot;:&quot;classic&quot;}\">\n\t\t\t\t\t<div class=\"e-con-inner\">\n\t\t\t\t<div class=\"elementor-element elementor-element-451351c elementor-widget elementor-widget-text-editor\" data-id=\"451351c\" data-element_type=\"widget\" data-e-type=\"widget\" data-widget_type=\"text-editor.default\">\n\t\t\t\t<div class=\"elementor-widget-container\">\n\t\t\t\t\t\t\t\t\t<h2>Acceso a la atenci\u00f3n m\u00e9dica<\/h2>\t\t\t\t\t\t\t\t<\/div>\n\t\t\t\t<\/div>\n\t\t\t\t<div class=\"elementor-element elementor-element-4346496 elementor-widget__width-initial elementor-widget elementor-widget-text-editor\" data-id=\"4346496\" data-element_type=\"widget\" data-e-type=\"widget\" data-widget_type=\"text-editor.default\">\n\t\t\t\t<div class=\"elementor-widget-container\">\n\t\t\t\t\t\t\t\t\t<p>Georgia Access es el mercado oficial de seguros de salud de Georgia. Es donde las personas y las familias pueden comparar planes e inscribirse en una cobertura de salud de calidad y asequible. <\/p>\t\t\t\t\t\t\t\t<\/div>\n\t\t\t\t<\/div>\n\t\t\t\t<div class=\"elementor-element elementor-element-583b185 elementor-widget elementor-widget-text-editor\" data-id=\"583b185\" data-element_type=\"widget\" data-e-type=\"widget\" data-widget_type=\"text-editor.default\">\n\t\t\t\t<div class=\"elementor-widget-container\">\n\t\t\t\t\t\t\t\t\t<h2>Impulsado por la colaboraci\u00f3n<\/h2>\t\t\t\t\t\t\t\t<\/div>\n\t\t\t\t<\/div>\n\t\t\t\t<div class=\"elementor-element elementor-element-871a6e5 elementor-widget__width-initial elementor-widget elementor-widget-text-editor\" data-id=\"871a6e5\" data-element_type=\"widget\" data-e-type=\"widget\" data-widget_type=\"text-editor.default\">\n\t\t\t\t<div class=\"elementor-widget-container\">\n\t\t\t\t\t\t\t\t\t<p>Este trabajo solo es posible a trav\u00e9s de una s\u00f3lida colaboraci\u00f3n.<\/p><p>Nos asociamos con organizaciones de todo Gwinnett para brindar recursos coordinados y culturalmente receptivos a las comunidades que m\u00e1s los necesitan.<\/p>\t\t\t\t\t\t\t\t<\/div>\n\t\t\t\t<\/div>\n\t\t\t\t\t<\/div>\n\t\t\t\t<\/div>\n\t\t<div class=\"elementor-element elementor-element-7951993 e-con-full e-flex e-con e-parent\" data-id=\"7951993\" data-element_type=\"container\" data-e-type=\"container\" data-settings=\"{&quot;background_background&quot;:&quot;classic&quot;}\">\n\t\t\t\t<\/div>\n\t\t\t\t<\/div>\n\t\t","protected":false},"excerpt":{"rendered":"<p>Equidad en Salud Acceso a la salud en el Condado de Gwinnett Todas las personas en Gwinnett merecen acceso a atenci\u00f3n m\u00e9dica, informaci\u00f3n clara y el apoyo que necesitan para [&hellip;]<\/p>\n","protected":false},"author":6,"featured_media":0,"parent":0,"menu_order":0,"comment_status":"closed","ping_status":"closed","template":"","meta":{"_monsterinsights_skip_tracking":false,"_monsterinsights_sitenote_active":false,"_monsterinsights_sitenote_note":"","_monsterinsights_sitenote_category":0,"footnotes":""},"class_list":["post-29915","page","type-page","status-publish","hentry"],"yoast_head":"<!-- This site is optimized with the Yoast SEO plugin v27.6 - https:\/\/yoast.com\/product\/yoast-seo-wordpress\/ -->\n<title>Equidad en Salud - Gwinnett Coalition<\/title>\n<meta name=\"robots\" content=\"index, follow, max-snippet:-1, max-image-preview:large, max-video-preview:-1\" \/>\n<link rel=\"canonical\" href=\"https:\/\/gwinnettcoalition.org\/es\/equidad-sanitaria\/\" \/>\n<meta property=\"og:locale\" content=\"es_ES\" \/>\n<meta property=\"og:type\" content=\"article\" \/>\n<meta property=\"og:title\" content=\"Equidad en Salud - Gwinnett Coalition\" \/>\n<meta property=\"og:description\" content=\"Equidad en Salud Acceso a la salud en el Condado de Gwinnett Todas las personas en Gwinnett merecen acceso a atenci\u00f3n m\u00e9dica, informaci\u00f3n clara y el apoyo que necesitan para [&hellip;]\" \/>\n<meta property=\"og:url\" content=\"https:\/\/gwinnettcoalition.org\/es\/equidad-sanitaria\/\" \/>\n<meta property=\"og:site_name\" content=\"Gwinnett Coalition\" \/>\n<meta property=\"article:publisher\" content=\"https:\/\/www.facebook.com\/GwinnettCoalition\/\" \/>\n<meta property=\"article:modified_time\" content=\"2026-04-27T19:56:08+00:00\" \/>\n<meta property=\"og:image\" content=\"https:\/\/gwinnettcoalition.org\/wp-content\/uploads\/2025\/07\/shutterstock_2154487583.webp\" \/>\n\t<meta property=\"og:image:width\" content=\"413\" \/>\n\t<meta property=\"og:image:height\" content=\"697\" \/>\n\t<meta property=\"og:image:type\" content=\"image\/webp\" \/>\n<meta name=\"twitter:card\" content=\"summary_large_image\" \/>\n<meta name=\"twitter:label1\" content=\"Tiempo de lectura\" \/>\n\t<meta name=\"twitter:data1\" content=\"6 minutos\" \/>\n<script type=\"application\/ld+json\" class=\"yoast-schema-graph\">{\"@context\":\"https:\\\/\\\/schema.org\",\"@graph\":[{\"@type\":\"WebPage\",\"@id\":\"https:\\\/\\\/gwinnettcoalition.org\\\/es\\\/equidad-sanitaria\\\/\",\"url\":\"https:\\\/\\\/gwinnettcoalition.org\\\/es\\\/equidad-sanitaria\\\/\",\"name\":\"Equidad en Salud - Gwinnett Coalition\",\"isPartOf\":{\"@id\":\"https:\\\/\\\/gwinnettcoalition.org\\\/es\\\/#website\"},\"primaryImageOfPage\":{\"@id\":\"https:\\\/\\\/gwinnettcoalition.org\\\/es\\\/equidad-sanitaria\\\/#primaryimage\"},\"image\":{\"@id\":\"https:\\\/\\\/gwinnettcoalition.org\\\/es\\\/equidad-sanitaria\\\/#primaryimage\"},\"thumbnailUrl\":\"https:\\\/\\\/gwinnettcoalition.org\\\/wp-content\\\/uploads\\\/2025\\\/07\\\/shutterstock_2154487583.webp\",\"datePublished\":\"2023-10-12T20:26:53+00:00\",\"dateModified\":\"2026-04-27T19:56:08+00:00\",\"breadcrumb\":{\"@id\":\"https:\\\/\\\/gwinnettcoalition.org\\\/es\\\/equidad-sanitaria\\\/#breadcrumb\"},\"inLanguage\":\"es\",\"potentialAction\":[{\"@type\":\"ReadAction\",\"target\":[\"https:\\\/\\\/gwinnettcoalition.org\\\/es\\\/equidad-sanitaria\\\/\"]}]},{\"@type\":\"ImageObject\",\"inLanguage\":\"es\",\"@id\":\"https:\\\/\\\/gwinnettcoalition.org\\\/es\\\/equidad-sanitaria\\\/#primaryimage\",\"url\":\"https:\\\/\\\/gwinnettcoalition.org\\\/wp-content\\\/uploads\\\/2025\\\/07\\\/shutterstock_2154487583.webp\",\"contentUrl\":\"https:\\\/\\\/gwinnettcoalition.org\\\/wp-content\\\/uploads\\\/2025\\\/07\\\/shutterstock_2154487583.webp\"},{\"@type\":\"BreadcrumbList\",\"@id\":\"https:\\\/\\\/gwinnettcoalition.org\\\/es\\\/equidad-sanitaria\\\/#breadcrumb\",\"itemListElement\":[{\"@type\":\"ListItem\",\"position\":1,\"name\":\"Home\",\"item\":\"https:\\\/\\\/gwinnettcoalition.org\\\/es\\\/\"},{\"@type\":\"ListItem\",\"position\":2,\"name\":\"Equidad en Salud\"}]},{\"@type\":\"WebSite\",\"@id\":\"https:\\\/\\\/gwinnettcoalition.org\\\/es\\\/#website\",\"url\":\"https:\\\/\\\/gwinnettcoalition.org\\\/es\\\/\",\"name\":\"Gwinnett\",\"description\":\"Advancing the health and well-being of Gwinnett residents.\",\"publisher\":{\"@id\":\"https:\\\/\\\/gwinnettcoalition.org\\\/es\\\/#organization\"},\"potentialAction\":[{\"@type\":\"SearchAction\",\"target\":{\"@type\":\"EntryPoint\",\"urlTemplate\":\"https:\\\/\\\/gwinnettcoalition.org\\\/es\\\/?s={search_term_string}\"},\"query-input\":{\"@type\":\"PropertyValueSpecification\",\"valueRequired\":true,\"valueName\":\"search_term_string\"}}],\"inLanguage\":\"es\"},{\"@type\":\"Organization\",\"@id\":\"https:\\\/\\\/gwinnettcoalition.org\\\/es\\\/#organization\",\"name\":\"Gwinnett\",\"url\":\"https:\\\/\\\/gwinnettcoalition.org\\\/es\\\/\",\"logo\":{\"@type\":\"ImageObject\",\"inLanguage\":\"es\",\"@id\":\"https:\\\/\\\/gwinnettcoalition.org\\\/es\\\/#\\\/schema\\\/logo\\\/image\\\/\",\"url\":\"https:\\\/\\\/gwinnettcoalition.org\\\/wp-content\\\/uploads\\\/2023\\\/10\\\/LogoHorizontal-Gwinnett-1.svg\",\"contentUrl\":\"https:\\\/\\\/gwinnettcoalition.org\\\/wp-content\\\/uploads\\\/2023\\\/10\\\/LogoHorizontal-Gwinnett-1.svg\",\"width\":183,\"height\":49,\"caption\":\"Gwinnett\"},\"image\":{\"@id\":\"https:\\\/\\\/gwinnettcoalition.org\\\/es\\\/#\\\/schema\\\/logo\\\/image\\\/\"},\"sameAs\":[\"https:\\\/\\\/www.facebook.com\\\/GwinnettCoalition\\\/\",\"https:\\\/\\\/www.instagram.com\\\/gwinnettcoalition\\\/?hl=en\",\"https:\\\/\\\/www.linkedin.com\\\/company\\\/gwinnett-coalition-for-health-and-human-services\\\/\",\"https:\\\/\\\/www.youtube.com\\\/user\\\/GreatDaysOfService\"]}]}<\/script>\n<!-- \/ Yoast SEO plugin. -->","yoast_head_json":{"title":"Equidad en Salud - Gwinnett Coalition","robots":{"index":"index","follow":"follow","max-snippet":"max-snippet:-1","max-image-preview":"max-image-preview:large","max-video-preview":"max-video-preview:-1"},"canonical":"https:\/\/gwinnettcoalition.org\/es\/equidad-sanitaria\/","og_locale":"es_ES","og_type":"article","og_title":"Equidad en Salud - Gwinnett Coalition","og_description":"Equidad en Salud Acceso a la salud en el Condado de Gwinnett Todas las personas en Gwinnett merecen acceso a atenci\u00f3n m\u00e9dica, informaci\u00f3n clara y el apoyo que necesitan para [&hellip;]","og_url":"https:\/\/gwinnettcoalition.org\/es\/equidad-sanitaria\/","og_site_name":"Gwinnett Coalition","article_publisher":"https:\/\/www.facebook.com\/GwinnettCoalition\/","article_modified_time":"2026-04-27T19:56:08+00:00","og_image":[{"width":413,"height":697,"url":"https:\/\/gwinnettcoalition.org\/wp-content\/uploads\/2025\/07\/shutterstock_2154487583.webp","type":"image\/webp"}],"twitter_card":"summary_large_image","twitter_misc":{"Tiempo de lectura":"6 minutos"},"schema":{"@context":"https:\/\/schema.org","@graph":[{"@type":"WebPage","@id":"https:\/\/gwinnettcoalition.org\/es\/equidad-sanitaria\/","url":"https:\/\/gwinnettcoalition.org\/es\/equidad-sanitaria\/","name":"Equidad en Salud - Gwinnett Coalition","isPartOf":{"@id":"https:\/\/gwinnettcoalition.org\/es\/#website"},"primaryImageOfPage":{"@id":"https:\/\/gwinnettcoalition.org\/es\/equidad-sanitaria\/#primaryimage"},"image":{"@id":"https:\/\/gwinnettcoalition.org\/es\/equidad-sanitaria\/#primaryimage"},"thumbnailUrl":"https:\/\/gwinnettcoalition.org\/wp-content\/uploads\/2025\/07\/shutterstock_2154487583.webp","datePublished":"2023-10-12T20:26:53+00:00","dateModified":"2026-04-27T19:56:08+00:00","breadcrumb":{"@id":"https:\/\/gwinnettcoalition.org\/es\/equidad-sanitaria\/#breadcrumb"},"inLanguage":"es","potentialAction":[{"@type":"ReadAction","target":["https:\/\/gwinnettcoalition.org\/es\/equidad-sanitaria\/"]}]},{"@type":"ImageObject","inLanguage":"es","@id":"https:\/\/gwinnettcoalition.org\/es\/equidad-sanitaria\/#primaryimage","url":"https:\/\/gwinnettcoalition.org\/wp-content\/uploads\/2025\/07\/shutterstock_2154487583.webp","contentUrl":"https:\/\/gwinnettcoalition.org\/wp-content\/uploads\/2025\/07\/shutterstock_2154487583.webp"},{"@type":"BreadcrumbList","@id":"https:\/\/gwinnettcoalition.org\/es\/equidad-sanitaria\/#breadcrumb","itemListElement":[{"@type":"ListItem","position":1,"name":"Home","item":"https:\/\/gwinnettcoalition.org\/es\/"},{"@type":"ListItem","position":2,"name":"Equidad en Salud"}]},{"@type":"WebSite","@id":"https:\/\/gwinnettcoalition.org\/es\/#website","url":"https:\/\/gwinnettcoalition.org\/es\/","name":"Gwinnett","description":"Advancing the health and well-being of Gwinnett residents.","publisher":{"@id":"https:\/\/gwinnettcoalition.org\/es\/#organization"},"potentialAction":[{"@type":"SearchAction","target":{"@type":"EntryPoint","urlTemplate":"https:\/\/gwinnettcoalition.org\/es\/?s={search_term_string}"},"query-input":{"@type":"PropertyValueSpecification","valueRequired":true,"valueName":"search_term_string"}}],"inLanguage":"es"},{"@type":"Organization","@id":"https:\/\/gwinnettcoalition.org\/es\/#organization","name":"Gwinnett","url":"https:\/\/gwinnettcoalition.org\/es\/","logo":{"@type":"ImageObject","inLanguage":"es","@id":"https:\/\/gwinnettcoalition.org\/es\/#\/schema\/logo\/image\/","url":"https:\/\/gwinnettcoalition.org\/wp-content\/uploads\/2023\/10\/LogoHorizontal-Gwinnett-1.svg","contentUrl":"https:\/\/gwinnettcoalition.org\/wp-content\/uploads\/2023\/10\/LogoHorizontal-Gwinnett-1.svg","width":183,"height":49,"caption":"Gwinnett"},"image":{"@id":"https:\/\/gwinnettcoalition.org\/es\/#\/schema\/logo\/image\/"},"sameAs":["https:\/\/www.facebook.com\/GwinnettCoalition\/","https:\/\/www.instagram.com\/gwinnettcoalition\/?hl=en","https:\/\/www.linkedin.com\/company\/gwinnett-coalition-for-health-and-human-services\/","https:\/\/www.youtube.com\/user\/GreatDaysOfService"]}]}},"_links":{"self":[{"href":"https:\/\/gwinnettcoalition.org\/es\/wp-json\/wp\/v2\/pages\/29915","targetHints":{"allow":["GET"]}}],"collection":[{"href":"https:\/\/gwinnettcoalition.org\/es\/wp-json\/wp\/v2\/pages"}],"about":[{"href":"https:\/\/gwinnettcoalition.org\/es\/wp-json\/wp\/v2\/types\/page"}],"author":[{"embeddable":true,"href":"https:\/\/gwinnettcoalition.org\/es\/wp-json\/wp\/v2\/users\/6"}],"replies":[{"embeddable":true,"href":"https:\/\/gwinnettcoalition.org\/es\/wp-json\/wp\/v2\/comments?post=29915"}],"version-history":[{"count":27,"href":"https:\/\/gwinnettcoalition.org\/es\/wp-json\/wp\/v2\/pages\/29915\/revisions"}],"predecessor-version":[{"id":56113,"href":"https:\/\/gwinnettcoalition.org\/es\/wp-json\/wp\/v2\/pages\/29915\/revisions\/56113"}],"wp:attachment":[{"href":"https:\/\/gwinnettcoalition.org\/es\/wp-json\/wp\/v2\/media?parent=29915"}],"curies":[{"name":"wp","href":"https:\/\/api.w.org\/{rel}","templated":true}]}}