{"id":30277,"date":"2024-02-07T13:43:31","date_gmt":"2024-02-07T13:43:31","guid":{"rendered":"https:\/\/gwinnettcoalition.org\/?page_id=30277"},"modified":"2024-02-15T18:59:38","modified_gmt":"2024-02-15T18:59:38","slug":"blog","status":"publish","type":"page","link":"https:\/\/gwinnettcoalition.org\/es\/blog\/","title":{"rendered":"Blog"},"content":{"rendered":"\t\t<div data-elementor-type=\"wp-page\" data-elementor-id=\"30277\" class=\"elementor elementor-30277 elementor-30276\" data-elementor-post-type=\"page\">\n\t\t\t\t<div class=\"elementor-element elementor-element-af31b66 e-con-full e-flex e-con e-parent\" data-id=\"af31b66\" data-element_type=\"container\" data-e-type=\"container\">\n\t\t<div class=\"elementor-element elementor-element-94bfed3 e-flex e-con-boxed e-con e-child\" data-id=\"94bfed3\" data-element_type=\"container\" data-e-type=\"container\">\n\t\t\t\t\t<div class=\"e-con-inner\">\n\t\t\t\t<div class=\"elementor-element elementor-element-bdc31e3 elementor-posts--align-left elementor-grid-3 elementor-grid-tablet-2 elementor-grid-mobile-1 elementor-posts--thumbnail-top elementor-card-shadow-yes elementor-posts__hover-gradient elementor-widget elementor-widget-posts\" data-id=\"bdc31e3\" data-element_type=\"widget\" data-e-type=\"widget\" data-settings=\"{&quot;pagination_type&quot;:&quot;numbers&quot;,&quot;cards_columns&quot;:&quot;3&quot;,&quot;cards_columns_tablet&quot;:&quot;2&quot;,&quot;cards_columns_mobile&quot;:&quot;1&quot;,&quot;cards_row_gap&quot;:{&quot;unit&quot;:&quot;px&quot;,&quot;size&quot;:35,&quot;sizes&quot;:[]},&quot;cards_row_gap_tablet&quot;:{&quot;unit&quot;:&quot;px&quot;,&quot;size&quot;:&quot;&quot;,&quot;sizes&quot;:[]},&quot;cards_row_gap_mobile&quot;:{&quot;unit&quot;:&quot;px&quot;,&quot;size&quot;:&quot;&quot;,&quot;sizes&quot;:[]}}\" data-widget_type=\"posts.cards\">\n\t\t\t\t<div class=\"elementor-widget-container\">\n\t\t\t\t\t\t\t<div class=\"elementor-posts-container elementor-posts elementor-posts--skin-cards elementor-grid\" role=\"list\">\n\t\t\t\t<article class=\"elementor-post elementor-grid-item post-55046 post type-post status-publish format-standard has-post-thumbnail hentry category-sin-categorizar\" role=\"listitem\">\n\t\t\t<div class=\"elementor-post__card\">\n\t\t\t\t<a class=\"elementor-post__thumbnail__link\" href=\"https:\/\/gwinnettcoalition.org\/es\/2026\/03\/27\/el-desarrollo-de-vacunas-e-inmunizaciones-5\/\" tabindex=\"-1\" target=\"_blank\"><div class=\"elementor-post__thumbnail\"><img fetchpriority=\"high\" decoding=\"async\" width=\"2048\" height=\"1366\" src=\"https:\/\/gwinnettcoalition.org\/wp-content\/uploads\/2026\/03\/9Q2A7032.jpg\" class=\"attachment-full size-full wp-image-55043\" alt=\"\" srcset=\"https:\/\/gwinnettcoalition.org\/wp-content\/uploads\/2026\/03\/9Q2A7032.jpg 2048w, https:\/\/gwinnettcoalition.org\/wp-content\/uploads\/2026\/03\/9Q2A7032-300x200.jpg 300w, https:\/\/gwinnettcoalition.org\/wp-content\/uploads\/2026\/03\/9Q2A7032-1024x683.jpg 1024w, https:\/\/gwinnettcoalition.org\/wp-content\/uploads\/2026\/03\/9Q2A7032-768x512.jpg 768w, https:\/\/gwinnettcoalition.org\/wp-content\/uploads\/2026\/03\/9Q2A7032-1536x1025.jpg 1536w\" sizes=\"(max-width: 2048px) 100vw, 2048px\" \/><\/div><\/a>\n\t\t\t\t<div class=\"elementor-post__text\">\n\t\t\t\t<h4 class=\"elementor-post__title\">\n\t\t\t<a href=\"https:\/\/gwinnettcoalition.org\/es\/2026\/03\/27\/el-desarrollo-de-vacunas-e-inmunizaciones-5\/\" target=&quot;_blank&quot;>\n\t\t\t\tEl Desarrollo de Vacunas e Inmunizaciones\t\t\t<\/a>\n\t\t<\/h4>\n\t\t\t\t<div class=\"elementor-post__excerpt\">\n\t\t\t<p>El Desarrollo de Vacunas e Inmunizaciones \u00bfAlguna vez te has preguntado c\u00f3mo se desarrollan las vacunas? La creaci\u00f3n de una vacuna es un proceso complejo y crucial que involucra varias<\/p>\n\t\t<\/div>\n\t\t\n\t\t<a class=\"elementor-post__read-more\" href=\"https:\/\/gwinnettcoalition.org\/es\/2026\/03\/27\/el-desarrollo-de-vacunas-e-inmunizaciones-5\/\" aria-label=\"M\u00e1s informaci\u00f3n sobre El Desarrollo de Vacunas e Inmunizaciones\" tabindex=\"-1\" target=\"_blank\">\n\t\t\tLeer M\u00e1s\t\t<\/a>\n\n\t\t\t\t<\/div>\n\t\t\t\t<div class=\"elementor-post__meta-data\">\n\t\t\t\t\t<span class=\"elementor-post-date\">\n\t\t\t27 de marzo de 2026\t\t<\/span>\n\t\t\t\t<\/div>\n\t\t\t\t\t<\/div>\n\t\t<\/article>\n\t\t\t\t<article class=\"elementor-post elementor-grid-item post-52276 post type-post status-publish format-standard has-post-thumbnail hentry category-sin-categorizar tag-inmunizaciones\" role=\"listitem\">\n\t\t\t<div class=\"elementor-post__card\">\n\t\t\t\t<a class=\"elementor-post__thumbnail__link\" href=\"https:\/\/gwinnettcoalition.org\/es\/2025\/08\/19\/el-desarrollo-de-vacunas-e-inmunizaciones-3\/\" tabindex=\"-1\" target=\"_blank\"><div class=\"elementor-post__thumbnail\"><img decoding=\"async\" width=\"1080\" height=\"714\" src=\"https:\/\/gwinnettcoalition.org\/wp-content\/uploads\/2025\/08\/Nonprofit-Day-Proclamation.webp\" class=\"attachment-full size-full wp-image-52280\" alt=\"Gwinnett Coalition employees stand holding the Nonprofit Day recognition certificate in the Gwinnett County Chamber of Commerce\" srcset=\"https:\/\/gwinnettcoalition.org\/wp-content\/uploads\/2025\/08\/Nonprofit-Day-Proclamation.webp 1080w, https:\/\/gwinnettcoalition.org\/wp-content\/uploads\/2025\/08\/Nonprofit-Day-Proclamation-300x198.webp 300w, https:\/\/gwinnettcoalition.org\/wp-content\/uploads\/2025\/08\/Nonprofit-Day-Proclamation-1024x677.webp 1024w, https:\/\/gwinnettcoalition.org\/wp-content\/uploads\/2025\/08\/Nonprofit-Day-Proclamation-768x508.webp 768w\" sizes=\"(max-width: 1080px) 100vw, 1080px\" \/><\/div><\/a>\n\t\t\t\t<div class=\"elementor-post__text\">\n\t\t\t\t<h4 class=\"elementor-post__title\">\n\t\t\t<a href=\"https:\/\/gwinnettcoalition.org\/es\/2025\/08\/19\/el-desarrollo-de-vacunas-e-inmunizaciones-3\/\" target=&quot;_blank&quot;>\n\t\t\t\tEl Desarrollo de Vacunas e Inmunizaciones\t\t\t<\/a>\n\t\t<\/h4>\n\t\t\t\t<div class=\"elementor-post__excerpt\">\n\t\t\t<p>El Desarrollo de Vacunas e Inmunizaciones \u00bfAlguna vez te has preguntado c\u00f3mo se desarrollan las vacunas? La creaci\u00f3n de una vacuna es un proceso complejo y crucial que involucra varias<\/p>\n\t\t<\/div>\n\t\t\n\t\t<a class=\"elementor-post__read-more\" href=\"https:\/\/gwinnettcoalition.org\/es\/2025\/08\/19\/el-desarrollo-de-vacunas-e-inmunizaciones-3\/\" aria-label=\"M\u00e1s informaci\u00f3n sobre El Desarrollo de Vacunas e Inmunizaciones\" tabindex=\"-1\" target=\"_blank\">\n\t\t\tLeer M\u00e1s\t\t<\/a>\n\n\t\t\t\t<\/div>\n\t\t\t\t<div class=\"elementor-post__meta-data\">\n\t\t\t\t\t<span class=\"elementor-post-date\">\n\t\t\t19 de agosto de 2025\t\t<\/span>\n\t\t\t\t<\/div>\n\t\t\t\t\t<\/div>\n\t\t<\/article>\n\t\t\t\t<article class=\"elementor-post elementor-grid-item post-52290 post type-post status-publish format-standard has-post-thumbnail hentry category-sin-categorizar tag-inmunizaciones\" role=\"listitem\">\n\t\t\t<div class=\"elementor-post__card\">\n\t\t\t\t<a class=\"elementor-post__thumbnail__link\" href=\"https:\/\/gwinnettcoalition.org\/es\/2025\/03\/31\/el-desarrollo-de-vacunas-e-inmunizaciones-4\/\" tabindex=\"-1\" target=\"_blank\"><div class=\"elementor-post__thumbnail\"><img decoding=\"async\" width=\"1024\" height=\"683\" src=\"https:\/\/gwinnettcoalition.org\/wp-content\/uploads\/2025\/08\/Resilient-Gwinnett-Summit.webp\" class=\"attachment-full size-full wp-image-52294\" alt=\"\" srcset=\"https:\/\/gwinnettcoalition.org\/wp-content\/uploads\/2025\/08\/Resilient-Gwinnett-Summit.webp 1024w, https:\/\/gwinnettcoalition.org\/wp-content\/uploads\/2025\/08\/Resilient-Gwinnett-Summit-300x200.webp 300w, https:\/\/gwinnettcoalition.org\/wp-content\/uploads\/2025\/08\/Resilient-Gwinnett-Summit-768x512.webp 768w\" sizes=\"(max-width: 1024px) 100vw, 1024px\" \/><\/div><\/a>\n\t\t\t\t<div class=\"elementor-post__text\">\n\t\t\t\t<h4 class=\"elementor-post__title\">\n\t\t\t<a href=\"https:\/\/gwinnettcoalition.org\/es\/2025\/03\/31\/el-desarrollo-de-vacunas-e-inmunizaciones-4\/\" target=&quot;_blank&quot;>\n\t\t\t\tEl Desarrollo de Vacunas e Inmunizaciones\t\t\t<\/a>\n\t\t<\/h4>\n\t\t\t\t<div class=\"elementor-post__excerpt\">\n\t\t\t<p>El Desarrollo de Vacunas e Inmunizaciones \u00bfAlguna vez te has preguntado c\u00f3mo se desarrollan las vacunas? La creaci\u00f3n de una vacuna es un proceso complejo y crucial que involucra varias<\/p>\n\t\t<\/div>\n\t\t\n\t\t<a class=\"elementor-post__read-more\" href=\"https:\/\/gwinnettcoalition.org\/es\/2025\/03\/31\/el-desarrollo-de-vacunas-e-inmunizaciones-4\/\" aria-label=\"M\u00e1s informaci\u00f3n sobre El Desarrollo de Vacunas e Inmunizaciones\" tabindex=\"-1\" target=\"_blank\">\n\t\t\tLeer M\u00e1s\t\t<\/a>\n\n\t\t\t\t<\/div>\n\t\t\t\t<div class=\"elementor-post__meta-data\">\n\t\t\t\t\t<span class=\"elementor-post-date\">\n\t\t\t31 de marzo de 2025\t\t<\/span>\n\t\t\t\t<\/div>\n\t\t\t\t\t<\/div>\n\t\t<\/article>\n\t\t\t\t<article class=\"elementor-post elementor-grid-item post-50783 post type-post status-publish format-standard has-post-thumbnail hentry category-sin-categorizar tag-salud-publica tag-sanidad tag-talleres\" role=\"listitem\">\n\t\t\t<div class=\"elementor-post__card\">\n\t\t\t\t<a class=\"elementor-post__thumbnail__link\" href=\"https:\/\/gwinnettcoalition.org\/es\/2024\/11\/26\/el-desarrollo-de-vacunas-e-inmunizaciones-2\/\" tabindex=\"-1\" target=\"_blank\"><div class=\"elementor-post__thumbnail\"><img loading=\"lazy\" decoding=\"async\" width=\"512\" height=\"288\" src=\"https:\/\/gwinnettcoalition.org\/wp-content\/uploads\/2024\/11\/gwinnett-essential-world.webp\" class=\"attachment-full size-full wp-image-50787\" alt=\"\" srcset=\"https:\/\/gwinnettcoalition.org\/wp-content\/uploads\/2024\/11\/gwinnett-essential-world.webp 512w, https:\/\/gwinnettcoalition.org\/wp-content\/uploads\/2024\/11\/gwinnett-essential-world-300x169.webp 300w\" sizes=\"(max-width: 512px) 100vw, 512px\" \/><\/div><\/a>\n\t\t\t\t<div class=\"elementor-post__text\">\n\t\t\t\t<h4 class=\"elementor-post__title\">\n\t\t\t<a href=\"https:\/\/gwinnettcoalition.org\/es\/2024\/11\/26\/el-desarrollo-de-vacunas-e-inmunizaciones-2\/\" target=&quot;_blank&quot;>\n\t\t\t\tAlfabetizaci\u00f3n Sanitaria: Esencial en el mundo actual\t\t\t<\/a>\n\t\t<\/h4>\n\t\t\t\t<div class=\"elementor-post__excerpt\">\n\t\t\t<p>Alfabetizaci\u00f3n en salud: esencial en el mundo actual En una era en la que la informaci\u00f3n sobre salud est\u00e1 al alcance de la mano, la capacidad de comprender y utilizar<\/p>\n\t\t<\/div>\n\t\t\n\t\t<a class=\"elementor-post__read-more\" href=\"https:\/\/gwinnettcoalition.org\/es\/2024\/11\/26\/el-desarrollo-de-vacunas-e-inmunizaciones-2\/\" aria-label=\"M\u00e1s informaci\u00f3n sobre Alfabetizaci\u00f3n Sanitaria: Esencial en el mundo actual\" tabindex=\"-1\" target=\"_blank\">\n\t\t\tLeer M\u00e1s\t\t<\/a>\n\n\t\t\t\t<\/div>\n\t\t\t\t<div class=\"elementor-post__meta-data\">\n\t\t\t\t\t<span class=\"elementor-post-date\">\n\t\t\t26 de noviembre de 2024\t\t<\/span>\n\t\t\t\t<\/div>\n\t\t\t\t\t<\/div>\n\t\t<\/article>\n\t\t\t\t<article class=\"elementor-post elementor-grid-item post-50710 post type-post status-publish format-standard has-post-thumbnail hentry category-sin-categorizar tag-inmunizaciones\" role=\"listitem\">\n\t\t\t<div class=\"elementor-post__card\">\n\t\t\t\t<a class=\"elementor-post__thumbnail__link\" href=\"https:\/\/gwinnettcoalition.org\/es\/2024\/10\/30\/el-desarrollo-de-vacunas-e-inmunizaciones\/\" tabindex=\"-1\" target=\"_blank\"><div class=\"elementor-post__thumbnail\"><img loading=\"lazy\" decoding=\"async\" width=\"512\" height=\"288\" src=\"https:\/\/gwinnettcoalition.org\/wp-content\/uploads\/2024\/11\/gwinnett-development-vaccines.jpg\" class=\"attachment-full size-full wp-image-50698\" alt=\"\" srcset=\"https:\/\/gwinnettcoalition.org\/wp-content\/uploads\/2024\/11\/gwinnett-development-vaccines.jpg 512w, https:\/\/gwinnettcoalition.org\/wp-content\/uploads\/2024\/11\/gwinnett-development-vaccines-300x169.jpg 300w\" sizes=\"(max-width: 512px) 100vw, 512px\" \/><\/div><\/a>\n\t\t\t\t<div class=\"elementor-post__text\">\n\t\t\t\t<h4 class=\"elementor-post__title\">\n\t\t\t<a href=\"https:\/\/gwinnettcoalition.org\/es\/2024\/10\/30\/el-desarrollo-de-vacunas-e-inmunizaciones\/\" target=&quot;_blank&quot;>\n\t\t\t\tEl Desarrollo de Vacunas e Inmunizaciones\t\t\t<\/a>\n\t\t<\/h4>\n\t\t\t\t<div class=\"elementor-post__excerpt\">\n\t\t\t<p>El Desarrollo de Vacunas e Inmunizaciones \u00bfAlguna vez te has preguntado c\u00f3mo se desarrollan las vacunas? La creaci\u00f3n de una vacuna es un proceso complejo y crucial que involucra varias<\/p>\n\t\t<\/div>\n\t\t\n\t\t<a class=\"elementor-post__read-more\" href=\"https:\/\/gwinnettcoalition.org\/es\/2024\/10\/30\/el-desarrollo-de-vacunas-e-inmunizaciones\/\" aria-label=\"M\u00e1s informaci\u00f3n sobre El Desarrollo de Vacunas e Inmunizaciones\" tabindex=\"-1\" target=\"_blank\">\n\t\t\tLeer M\u00e1s\t\t<\/a>\n\n\t\t\t\t<\/div>\n\t\t\t\t<div class=\"elementor-post__meta-data\">\n\t\t\t\t\t<span class=\"elementor-post-date\">\n\t\t\t30 de octubre de 2024\t\t<\/span>\n\t\t\t\t<\/div>\n\t\t\t\t\t<\/div>\n\t\t<\/article>\n\t\t\t\t<article class=\"elementor-post elementor-grid-item post-50708 post type-post status-publish format-standard has-post-thumbnail hentry category-sin-categorizar tag-vacunacion\" role=\"listitem\">\n\t\t\t<div class=\"elementor-post__card\">\n\t\t\t\t<a class=\"elementor-post__thumbnail__link\" href=\"https:\/\/gwinnettcoalition.org\/es\/2024\/10\/15\/la-busqueda-de-la-erradicacion-de-enfermedades-progreso-desafios-y-esperanza\/\" tabindex=\"-1\" target=\"_blank\"><div class=\"elementor-post__thumbnail\"><img loading=\"lazy\" decoding=\"async\" width=\"512\" height=\"288\" src=\"https:\/\/gwinnettcoalition.org\/wp-content\/uploads\/2024\/11\/gwinnett-historical-milestones.webp\" class=\"attachment-full size-full wp-image-50685\" alt=\"\" srcset=\"https:\/\/gwinnettcoalition.org\/wp-content\/uploads\/2024\/11\/gwinnett-historical-milestones.webp 512w, https:\/\/gwinnettcoalition.org\/wp-content\/uploads\/2024\/11\/gwinnett-historical-milestones-300x169.webp 300w\" sizes=\"(max-width: 512px) 100vw, 512px\" \/><\/div><\/a>\n\t\t\t\t<div class=\"elementor-post__text\">\n\t\t\t\t<h4 class=\"elementor-post__title\">\n\t\t\t<a href=\"https:\/\/gwinnettcoalition.org\/es\/2024\/10\/15\/la-busqueda-de-la-erradicacion-de-enfermedades-progreso-desafios-y-esperanza\/\" target=&quot;_blank&quot;>\n\t\t\t\tLa B\u00fasqueda de la Erradicaci\u00f3n de Enfermedades: Progreso, Desaf\u00edos y Esperanza\t\t\t<\/a>\n\t\t<\/h4>\n\t\t\t\t<div class=\"elementor-post__excerpt\">\n\t\t\t<p>La B\u00fasqueda de la Erradicaci\u00f3n de Enfermedades: Progreso, Desaf\u00edos y Esperanza La erradicaci\u00f3n de enfermedades ha sido un objetivo monumental en salud p\u00fablica, simbolizando la determinaci\u00f3n de la humanidad por<\/p>\n\t\t<\/div>\n\t\t\n\t\t<a class=\"elementor-post__read-more\" href=\"https:\/\/gwinnettcoalition.org\/es\/2024\/10\/15\/la-busqueda-de-la-erradicacion-de-enfermedades-progreso-desafios-y-esperanza\/\" aria-label=\"M\u00e1s informaci\u00f3n sobre La B\u00fasqueda de la Erradicaci\u00f3n de Enfermedades: Progreso, Desaf\u00edos y Esperanza\" tabindex=\"-1\" target=\"_blank\">\n\t\t\tLeer M\u00e1s\t\t<\/a>\n\n\t\t\t\t<\/div>\n\t\t\t\t<div class=\"elementor-post__meta-data\">\n\t\t\t\t\t<span class=\"elementor-post-date\">\n\t\t\t15 de octubre de 2024\t\t<\/span>\n\t\t\t\t<\/div>\n\t\t\t\t\t<\/div>\n\t\t<\/article>\n\t\t\t\t<\/div>\n\t\t\n\t\t\t\t<div class=\"e-load-more-anchor\" data-page=\"1\" data-max-page=\"3\" data-next-page=\"https:\/\/gwinnettcoalition.org\/es\/wp-json\/wp\/v2\/pages\/30277\/page\/2\/\"><\/div>\n\t\t\t\t<nav class=\"elementor-pagination\" aria-label=\"Paginaci\u00f3n\">\n\t\t\t<span aria-current=\"page\" class=\"page-numbers current\"><span class=\"elementor-screen-only\">P\u00e1gina<\/span>1<\/span>\n<a class=\"page-numbers\" href=\"https:\/\/gwinnettcoalition.org\/es\/wp-json\/wp\/v2\/pages\/30277\/page\/2\/\"><span class=\"elementor-screen-only\">P\u00e1gina<\/span>2<\/a>\n<a class=\"page-numbers\" href=\"https:\/\/gwinnettcoalition.org\/es\/wp-json\/wp\/v2\/pages\/30277\/page\/3\/\"><span class=\"elementor-screen-only\">P\u00e1gina<\/span>3<\/a>\t\t<\/nav>\n\t\t\t\t\t\t<\/div>\n\t\t\t\t<\/div>\n\t\t\t\t\t<\/div>\n\t\t\t\t<\/div>\n\t\t\t\t<\/div>\n\t\t\t\t<\/div>\n\t\t","protected":false},"excerpt":{"rendered":"","protected":false},"author":1,"featured_media":0,"parent":0,"menu_order":0,"comment_status":"closed","ping_status":"closed","template":"","meta":{"_monsterinsights_skip_tracking":false,"_monsterinsights_sitenote_active":false,"_monsterinsights_sitenote_note":"","_monsterinsights_sitenote_category":0,"footnotes":""},"class_list":["post-30277","page","type-page","status-publish","hentry"],"yoast_head":"<!-- This site is optimized with the Yoast SEO plugin v27.3 - https:\/\/yoast.com\/product\/yoast-seo-wordpress\/ -->\n<title>Blog - Gwinnett Coalition<\/title>\n<meta name=\"robots\" content=\"index, follow, max-snippet:-1, max-image-preview:large, max-video-preview:-1\" \/>\n<link rel=\"canonical\" href=\"https:\/\/gwinnettcoalition.org\/es\/blog\/\" \/>\n<meta property=\"og:locale\" content=\"es_ES\" \/>\n<meta property=\"og:type\" content=\"article\" \/>\n<meta property=\"og:title\" content=\"Blog - Gwinnett Coalition\" \/>\n<meta property=\"og:url\" content=\"https:\/\/gwinnettcoalition.org\/es\/blog\/\" \/>\n<meta property=\"og:site_name\" content=\"Gwinnett Coalition\" \/>\n<meta property=\"article:publisher\" content=\"https:\/\/www.facebook.com\/GwinnettCoalition\/\" \/>\n<meta property=\"article:modified_time\" content=\"2024-02-15T18:59:38+00:00\" \/>\n<meta name=\"twitter:card\" content=\"summary_large_image\" \/>\n<script type=\"application\/ld+json\" class=\"yoast-schema-graph\">{\"@context\":\"https:\\\/\\\/schema.org\",\"@graph\":[{\"@type\":\"WebPage\",\"@id\":\"https:\\\/\\\/gwinnettcoalition.org\\\/es\\\/blog\\\/\",\"url\":\"https:\\\/\\\/gwinnettcoalition.org\\\/es\\\/blog\\\/\",\"name\":\"Blog - Gwinnett Coalition\",\"isPartOf\":{\"@id\":\"https:\\\/\\\/gwinnettcoalition.org\\\/es\\\/#website\"},\"datePublished\":\"2024-02-07T13:43:31+00:00\",\"dateModified\":\"2024-02-15T18:59:38+00:00\",\"breadcrumb\":{\"@id\":\"https:\\\/\\\/gwinnettcoalition.org\\\/es\\\/blog\\\/#breadcrumb\"},\"inLanguage\":\"es\",\"potentialAction\":[{\"@type\":\"ReadAction\",\"target\":[\"https:\\\/\\\/gwinnettcoalition.org\\\/es\\\/blog\\\/\"]}]},{\"@type\":\"BreadcrumbList\",\"@id\":\"https:\\\/\\\/gwinnettcoalition.org\\\/es\\\/blog\\\/#breadcrumb\",\"itemListElement\":[{\"@type\":\"ListItem\",\"position\":1,\"name\":\"Home\",\"item\":\"https:\\\/\\\/gwinnettcoalition.org\\\/es\\\/\"},{\"@type\":\"ListItem\",\"position\":2,\"name\":\"Blog\"}]},{\"@type\":\"WebSite\",\"@id\":\"https:\\\/\\\/gwinnettcoalition.org\\\/es\\\/#website\",\"url\":\"https:\\\/\\\/gwinnettcoalition.org\\\/es\\\/\",\"name\":\"Gwinnett\",\"description\":\"Advancing the health and well-being of Gwinnett residents.\",\"publisher\":{\"@id\":\"https:\\\/\\\/gwinnettcoalition.org\\\/es\\\/#organization\"},\"potentialAction\":[{\"@type\":\"SearchAction\",\"target\":{\"@type\":\"EntryPoint\",\"urlTemplate\":\"https:\\\/\\\/gwinnettcoalition.org\\\/es\\\/?s={search_term_string}\"},\"query-input\":{\"@type\":\"PropertyValueSpecification\",\"valueRequired\":true,\"valueName\":\"search_term_string\"}}],\"inLanguage\":\"es\"},{\"@type\":\"Organization\",\"@id\":\"https:\\\/\\\/gwinnettcoalition.org\\\/es\\\/#organization\",\"name\":\"Gwinnett\",\"url\":\"https:\\\/\\\/gwinnettcoalition.org\\\/es\\\/\",\"logo\":{\"@type\":\"ImageObject\",\"inLanguage\":\"es\",\"@id\":\"https:\\\/\\\/gwinnettcoalition.org\\\/es\\\/#\\\/schema\\\/logo\\\/image\\\/\",\"url\":\"https:\\\/\\\/gwinnettcoalition.org\\\/wp-content\\\/uploads\\\/2023\\\/10\\\/LogoHorizontal-Gwinnett-1.svg\",\"contentUrl\":\"https:\\\/\\\/gwinnettcoalition.org\\\/wp-content\\\/uploads\\\/2023\\\/10\\\/LogoHorizontal-Gwinnett-1.svg\",\"width\":183,\"height\":49,\"caption\":\"Gwinnett\"},\"image\":{\"@id\":\"https:\\\/\\\/gwinnettcoalition.org\\\/es\\\/#\\\/schema\\\/logo\\\/image\\\/\"},\"sameAs\":[\"https:\\\/\\\/www.facebook.com\\\/GwinnettCoalition\\\/\",\"https:\\\/\\\/www.instagram.com\\\/gwinnettcoalition\\\/?hl=en\",\"https:\\\/\\\/www.linkedin.com\\\/company\\\/gwinnett-coalition-for-health-and-human-services\\\/\",\"https:\\\/\\\/www.youtube.com\\\/user\\\/GreatDaysOfService\"]}]}<\/script>\n<!-- \/ Yoast SEO plugin. -->","yoast_head_json":{"title":"Blog - Gwinnett Coalition","robots":{"index":"index","follow":"follow","max-snippet":"max-snippet:-1","max-image-preview":"max-image-preview:large","max-video-preview":"max-video-preview:-1"},"canonical":"https:\/\/gwinnettcoalition.org\/es\/blog\/","og_locale":"es_ES","og_type":"article","og_title":"Blog - Gwinnett Coalition","og_url":"https:\/\/gwinnettcoalition.org\/es\/blog\/","og_site_name":"Gwinnett Coalition","article_publisher":"https:\/\/www.facebook.com\/GwinnettCoalition\/","article_modified_time":"2024-02-15T18:59:38+00:00","twitter_card":"summary_large_image","schema":{"@context":"https:\/\/schema.org","@graph":[{"@type":"WebPage","@id":"https:\/\/gwinnettcoalition.org\/es\/blog\/","url":"https:\/\/gwinnettcoalition.org\/es\/blog\/","name":"Blog - Gwinnett Coalition","isPartOf":{"@id":"https:\/\/gwinnettcoalition.org\/es\/#website"},"datePublished":"2024-02-07T13:43:31+00:00","dateModified":"2024-02-15T18:59:38+00:00","breadcrumb":{"@id":"https:\/\/gwinnettcoalition.org\/es\/blog\/#breadcrumb"},"inLanguage":"es","potentialAction":[{"@type":"ReadAction","target":["https:\/\/gwinnettcoalition.org\/es\/blog\/"]}]},{"@type":"BreadcrumbList","@id":"https:\/\/gwinnettcoalition.org\/es\/blog\/#breadcrumb","itemListElement":[{"@type":"ListItem","position":1,"name":"Home","item":"https:\/\/gwinnettcoalition.org\/es\/"},{"@type":"ListItem","position":2,"name":"Blog"}]},{"@type":"WebSite","@id":"https:\/\/gwinnettcoalition.org\/es\/#website","url":"https:\/\/gwinnettcoalition.org\/es\/","name":"Gwinnett","description":"Advancing the health and well-being of Gwinnett residents.","publisher":{"@id":"https:\/\/gwinnettcoalition.org\/es\/#organization"},"potentialAction":[{"@type":"SearchAction","target":{"@type":"EntryPoint","urlTemplate":"https:\/\/gwinnettcoalition.org\/es\/?s={search_term_string}"},"query-input":{"@type":"PropertyValueSpecification","valueRequired":true,"valueName":"search_term_string"}}],"inLanguage":"es"},{"@type":"Organization","@id":"https:\/\/gwinnettcoalition.org\/es\/#organization","name":"Gwinnett","url":"https:\/\/gwinnettcoalition.org\/es\/","logo":{"@type":"ImageObject","inLanguage":"es","@id":"https:\/\/gwinnettcoalition.org\/es\/#\/schema\/logo\/image\/","url":"https:\/\/gwinnettcoalition.org\/wp-content\/uploads\/2023\/10\/LogoHorizontal-Gwinnett-1.svg","contentUrl":"https:\/\/gwinnettcoalition.org\/wp-content\/uploads\/2023\/10\/LogoHorizontal-Gwinnett-1.svg","width":183,"height":49,"caption":"Gwinnett"},"image":{"@id":"https:\/\/gwinnettcoalition.org\/es\/#\/schema\/logo\/image\/"},"sameAs":["https:\/\/www.facebook.com\/GwinnettCoalition\/","https:\/\/www.instagram.com\/gwinnettcoalition\/?hl=en","https:\/\/www.linkedin.com\/company\/gwinnett-coalition-for-health-and-human-services\/","https:\/\/www.youtube.com\/user\/GreatDaysOfService"]}]}},"_links":{"self":[{"href":"https:\/\/gwinnettcoalition.org\/es\/wp-json\/wp\/v2\/pages\/30277","targetHints":{"allow":["GET"]}}],"collection":[{"href":"https:\/\/gwinnettcoalition.org\/es\/wp-json\/wp\/v2\/pages"}],"about":[{"href":"https:\/\/gwinnettcoalition.org\/es\/wp-json\/wp\/v2\/types\/page"}],"author":[{"embeddable":true,"href":"https:\/\/gwinnettcoalition.org\/es\/wp-json\/wp\/v2\/users\/1"}],"replies":[{"embeddable":true,"href":"https:\/\/gwinnettcoalition.org\/es\/wp-json\/wp\/v2\/comments?post=30277"}],"version-history":[{"count":2,"href":"https:\/\/gwinnettcoalition.org\/es\/wp-json\/wp\/v2\/pages\/30277\/revisions"}],"predecessor-version":[{"id":30281,"href":"https:\/\/gwinnettcoalition.org\/es\/wp-json\/wp\/v2\/pages\/30277\/revisions\/30281"}],"wp:attachment":[{"href":"https:\/\/gwinnettcoalition.org\/es\/wp-json\/wp\/v2\/media?parent=30277"}],"curies":[{"name":"wp","href":"https:\/\/api.w.org\/{rel}","templated":true}]}}