{"id":51042,"date":"2025-02-04T20:28:06","date_gmt":"2025-02-04T20:28:06","guid":{"rendered":"https:\/\/gwinnettcoalition.org\/?page_id=51042"},"modified":"2026-04-21T16:35:45","modified_gmt":"2026-04-21T16:35:45","slug":"blog-3","status":"publish","type":"page","link":"https:\/\/gwinnettcoalition.org\/es\/blog-3\/","title":{"rendered":"Pol\u00edtica p\u00fablica"},"content":{"rendered":"\t\t<div data-elementor-type=\"wp-page\" data-elementor-id=\"51042\" class=\"elementor elementor-51042 elementor-51041\" data-elementor-post-type=\"page\">\n\t\t\t\t<div class=\"elementor-element elementor-element-4c9320d e-flex e-con-boxed e-con e-parent\" data-id=\"4c9320d\" data-element_type=\"container\" data-e-type=\"container\" data-settings=\"{&quot;background_background&quot;:&quot;classic&quot;}\">\n\t\t\t\t\t<div class=\"e-con-inner\">\n\t\t\t\t<div class=\"elementor-element elementor-element-2edab02 elementor-widget elementor-widget-heading\" data-id=\"2edab02\" data-element_type=\"widget\" data-e-type=\"widget\" data-widget_type=\"heading.default\">\n\t\t\t\t<div class=\"elementor-widget-container\">\n\t\t\t\t\t<h1 class=\"elementor-heading-title elementor-size-default\">Pol\u00edtica p\u00fablica<\/h1>\t\t\t\t<\/div>\n\t\t\t\t<\/div>\n\t\t\t\t\t<\/div>\n\t\t\t\t<\/div>\n\t\t<div class=\"elementor-element elementor-element-af31b66 e-flex e-con-boxed e-con e-parent\" data-id=\"af31b66\" data-element_type=\"container\" data-e-type=\"container\">\n\t\t\t\t\t<div class=\"e-con-inner\">\n\t\t<div class=\"elementor-element elementor-element-084ab09 e-con-full e-flex e-con e-child\" data-id=\"084ab09\" data-element_type=\"container\" data-e-type=\"container\">\n\t\t\t\t<div class=\"elementor-element elementor-element-11d8b75 elementor-widget elementor-widget-text-editor\" data-id=\"11d8b75\" data-element_type=\"widget\" data-e-type=\"widget\" data-widget_type=\"text-editor.default\">\n\t\t\t\t<div class=\"elementor-widget-container\">\n\t\t\t\t\t\t\t\t\t<p>Gwinnett Coalition monitorea y comparte las \u00faltimas noticias, recursos, llamados a la acci\u00f3n y antecedentes sobre las decisiones que afectan a las organizaciones sin fines de lucro. Ofrecemos un espacio para que las organizaciones que prestan servicios en el condado de Gwinnett se mantengan informadas, brindando acceso f\u00e1cil a informaci\u00f3n y recursos oportunos. <\/p><p> <\/p><p>El trabajo de las organizaciones sin fines de lucro abarca una amplia gama de problemas comunitarios, y las \u00f3rdenes ejecutivas (OE) tienen el potencial de afectar el financiamiento, as\u00ed como las operaciones generales de los servicios comunitarios esenciales. Las implicaciones de las \u00f3rdenes ejecutivas var\u00edan considerablemente y algunas organizaciones las est\u00e1n impugnando en los tribunales. <\/p><p> <\/p><p>Las organizaciones sin fines de lucro que cuenten con subvenciones (grants) y contratos federales deben revisar sus programas y el lenguaje de sus contratos de inmediato en lo que respecta a las diversas OE, y comunicarse con los oficiales de subvenciones o representantes del programa si tienen alguna pregunta. <\/p>\t\t\t\t\t\t\t\t<\/div>\n\t\t\t\t<\/div>\n\t\t\t\t<\/div>\n\t\t\t\t<div class=\"elementor-element elementor-element-cd4e512 elementor-widget elementor-widget-spacer\" data-id=\"cd4e512\" data-element_type=\"widget\" data-e-type=\"widget\" data-widget_type=\"spacer.default\">\n\t\t\t\t<div class=\"elementor-widget-container\">\n\t\t\t\t\t\t\t<div class=\"elementor-spacer\">\n\t\t\t<div class=\"elementor-spacer-inner\"><\/div>\n\t\t<\/div>\n\t\t\t\t\t\t<\/div>\n\t\t\t\t<\/div>\n\t\t\t\t<div class=\"elementor-element elementor-element-5d85c76 elementor-widget elementor-widget-text-editor\" data-id=\"5d85c76\" data-element_type=\"widget\" data-e-type=\"widget\" data-widget_type=\"text-editor.default\">\n\t\t\t\t<div class=\"elementor-widget-container\">\n\t\t\t\t\t\t\t\t\t<p><strong>Reg\u00edstrese para recibir las <a href=\"https:\/\/confirmsubscription.com\/h\/y\/F9BB17C2EBAA3913?fbclid=IwY2xjawN1rIVleHRuA2FlbQIxMABicmlkETE0TENuekhvSmxOcVc1elU1AR5DaX_czjrA6tPOu6P5Q0eM1MizWMKQxaHN2M1QYujYXFTWBKyk_osooUih7w_aem_r5KazzN3Pzjq7alWgACguw\" target=\"_blank\" rel=\"noopener\">comunicaciones de Gwinnett Coalition<\/a> y mantenerse al tanto de las \u00faltimas noticias y recursos.<\/strong><\/p>\t\t\t\t\t\t\t\t<\/div>\n\t\t\t\t<\/div>\n\t\t\t\t<div class=\"elementor-element elementor-element-4e9ca8d elementor-widget elementor-widget-spacer\" data-id=\"4e9ca8d\" data-element_type=\"widget\" data-e-type=\"widget\" data-widget_type=\"spacer.default\">\n\t\t\t\t<div class=\"elementor-widget-container\">\n\t\t\t\t\t\t\t<div class=\"elementor-spacer\">\n\t\t\t<div class=\"elementor-spacer-inner\"><\/div>\n\t\t<\/div>\n\t\t\t\t\t\t<\/div>\n\t\t\t\t<\/div>\n\t\t\t\t<div class=\"elementor-element elementor-element-08e4410 elementor-widget elementor-widget-heading\" data-id=\"08e4410\" data-element_type=\"widget\" data-e-type=\"widget\" data-widget_type=\"heading.default\">\n\t\t\t\t<div class=\"elementor-widget-container\">\n\t\t\t\t\t<h2 class=\"elementor-heading-title elementor-size-default\">Recursos de Pol\u00edtica P\u00fablica<\/h2>\t\t\t\t<\/div>\n\t\t\t\t<\/div>\n\t\t\t\t<div class=\"elementor-element elementor-element-3b59b97 elementor-widget elementor-widget-text-editor\" data-id=\"3b59b97\" data-element_type=\"widget\" data-e-type=\"widget\" data-widget_type=\"text-editor.default\">\n\t\t\t\t<div class=\"elementor-widget-container\">\n\t\t\t\t\t\t\t\t\t<h3><strong>Gwinnett Nonprofit Coalition<\/strong><\/h3><ul><li><a href=\"https:\/\/gwinnettcoalition.org\/wp-content\/uploads\/2025\/03\/Advocacy-in-Action-Engaging-Elected-Officials.pdf\" target=\"_blank\" rel=\"noopener\">La Incidencia Pol\u00edtica en Acci\u00f3n: C\u00f3mo involucrar a los cargos electos [PDF]<\/a><\/li><li><a href=\"https:\/\/gwinnettcoalition.org\/wp-content\/uploads\/2025\/03\/The-Power-of-Elected-Officials-Advocating-for-Nonprofit-Needs.pdf\" target=\"_blank\" rel=\"noopener\">El Poder de los Funcionarios Electos: Defender las necesidades de las organizaciones sin \u00e1nimo de lucro [PDF]<\/a><\/li><li><a href=\"https:\/\/gwinnettcoalition.org\/wp-content\/uploads\/2025\/03\/Navigating-Uncertainty-Key-Strategies-for-Sustainability.pdf\" target=\"_blank\" rel=\"noopener\">Navegando por la Incertidumbre: Estrategias clave para la sostenibilidad [PDF]<\/a><\/li><li><a href=\"https:\/\/gwinnettcoalition.org\/wp-content\/uploads\/2025\/03\/Keeping-Stakeholders-Informed-Navigating-the-Impact-of-Funding-Challenges.pdf\" target=\"_blank\" rel=\"noopener\">Mantenimiento informado a las partes interesadas: Navegando el Impacto de los Retos Financieros [PDF]<\/a><\/li><li style=\"list-style-type: none;\"> <\/li><\/ul><h3><strong>Recursos del IRS<\/strong><\/h3><ul><li><a href=\"https:\/\/www.stayexempt.irs.gov\/home\/existing-organizations\/maintaining-501c3-tax-exempt-status\" target=\"_blank\" rel=\"noopener\">C\u00f3mo mantener el estatus de exenci\u00f3n de impuestos. <\/a><\/li><li><a href=\"https:\/\/www.irs.gov\/charities-non-profits\/churches-religious-organizations\" target=\"_blank\" rel=\"noopener\">Informaci\u00f3n fiscal para iglesias y organizaciones religiosas<\/a><\/li><li><a href=\"https:\/\/www.irs.gov\/pub\/irs-pdf\/p4221pc.pdf\" target=\"_blank\" rel=\"noopener\">Gu\u00eda de cumplimiento para organizaciones ben\u00e9ficas p\u00fablicas [PDF]<\/a><\/li><li><a href=\"https:\/\/www.irs.gov\/pub\/irs-tege\/How%20to%20Lose%20Your%20Tax%20Exempt%20Status.pdf\" target=\"_blank\" rel=\"noopener\">C\u00f3mo perder su estatus de exenci\u00f3n fiscal 501(c)(3) (sin intentarlo realmente) [PDF]<\/a>  <\/li><\/ul><h4> <\/h4><h3><strong>Recursos del Consejo Nacional de Organizaciones Sin Fines de Lucro<\/strong><\/h3><ul><li><a href=\"https:\/\/www.councilofnonprofits.org\/running-nonprofit\/governance-leadership\/political-campaign-activities-risks-tax-exempt-status\" target=\"_blank\" rel=\"noopener\">Actividad Pol\u00edtica y el riesgo para el Estatus de Exenci\u00f3n Fiscal<\/a><\/li><li><a href=\"https:\/\/www.councilofnonprofits.org\/running-nonprofit\/governance-leadership\/what-do-if-your-nonprofits-tax-exemption-status-revoked\" target=\"_blank\" rel=\"noopener\">Qu\u00e9 hacer si se revoca el estatus de exenci\u00f3n de impuestos de su organizaci\u00f3n.<\/a><\/li><li><a href=\"https:\/\/www.councilofnonprofits.org\/articles\/major-tax-package-advances-senate-call-your-members-congress-today\"><span data-olk-copy-source=\"MessageBody\">Paquete de reconciliaci\u00f3n fiscal del Senado: an\u00e1lisis completo.<\/span><\/a><\/li><li><a href=\"https:\/\/www.councilofnonprofits.org\/files\/media\/documents\/2025\/risk-assessment-checklist.pdf\" target=\"_blank\" rel=\"noopener\"><span data-olk-copy-source=\"MessageBody\">Una lista de comprobaci\u00f3n sin \u00e1nimo de lucro: Realizaci\u00f3n de una evaluaci\u00f3n de riesgos para la financiaci\u00f3n federal (NCN) [PDF]<\/span><\/a><\/li><li><a href=\"https:\/\/www.councilofnonprofits.org\/files\/media\/documents\/2025\/chart-executive-orders.pdf\" target=\"_blank\" rel=\"noopener\">\u00d3rdenes ejecutivas que afectan a las organizaciones ben\u00e9ficas sin \u00e1nimo de lucro <\/a><a href=\"https:\/\/www.councilofnonprofits.org\/files\/media\/documents\/2025\/risk-assessment-checklist.pdf\" target=\"_blank\" rel=\"noopener\"><span data-olk-copy-source=\"MessageBody\">(NCN) [PDF]<\/span><\/a><\/li><li><a href=\"https:\/\/gwinnettcoalition.org\/wp-content\/uploads\/2025\/03\/faq-executive-orders-nonprofits.pdf\" target=\"_blank\" rel=\"noopener\">Preguntas frecuentes generales sobre las medidas ejecutivas que afectan a las organizaciones sin \u00e1nimo de lucro <\/a><a href=\"https:\/\/www.councilofnonprofits.org\/files\/media\/documents\/2025\/risk-assessment-checklist.pdf\" target=\"_blank\" rel=\"noopener\"><span data-olk-copy-source=\"MessageBody\">(NCN) [PDF]<\/span><\/a><\/li><li><a href=\"https:\/\/www.councilofnonprofits.org\/files\/media\/documents\/2025\/myth-v-reality-executive-authority.pdf\" target=\"_blank\" rel=\"noopener\">Mitos vs Realidad: El Poder Ejecutivo carece de autoridad para perseguir a las organizaciones sin \u00e1nimo de lucro <\/a><a href=\"https:\/\/www.councilofnonprofits.org\/files\/media\/documents\/2025\/risk-assessment-checklist.pdf\" target=\"_blank\" rel=\"noopener\"><span data-olk-copy-source=\"MessageBody\">(NCN) [PDF]<\/span><\/a><\/li><li><a href=\"https:\/\/www.councilofnonprofits.org\/files\/media\/documents\/2025\/protecting-nonprofit-sector-tax-reconciliation.pdf\" target=\"_blank\" rel=\"noopener\">Protegiendo a las organizaciones sin \u00e1nimo de lucro en la conciliaci\u00f3n fiscal (NCN) [PDF]<\/a><\/li><li><a href=\"https:\/\/www.finance.senate.gov\/imo\/media\/doc\/finance_committee_legislative_text_title_vii.pdf\">Ley &#8220;One Beautiful Bill&#8221;: Revisiones del Comit\u00e9 de Finanzas del Senado [PDF]<\/a><\/li><\/ul>\t\t\t\t\t\t\t\t<\/div>\n\t\t\t\t<\/div>\n\t\t<div class=\"elementor-element elementor-element-b1b00c5 e-con-full e-flex e-con e-child\" data-id=\"b1b00c5\" data-element_type=\"container\" data-e-type=\"container\">\n\t\t<div class=\"elementor-element elementor-element-7944a9c e-con-full e-flex e-con e-child\" data-id=\"7944a9c\" data-element_type=\"container\" data-e-type=\"container\">\n\t\t<div class=\"elementor-element elementor-element-421d95a e-con-full e-flex e-con e-child\" data-id=\"421d95a\" data-element_type=\"container\" data-e-type=\"container\">\n\t\t\t\t<div class=\"elementor-element elementor-element-aac6953 elementor-widget elementor-widget-spacer\" data-id=\"aac6953\" data-element_type=\"widget\" data-e-type=\"widget\" data-widget_type=\"spacer.default\">\n\t\t\t\t<div class=\"elementor-widget-container\">\n\t\t\t\t\t\t\t<div class=\"elementor-spacer\">\n\t\t\t<div class=\"elementor-spacer-inner\"><\/div>\n\t\t<\/div>\n\t\t\t\t\t\t<\/div>\n\t\t\t\t<\/div>\n\t\t\t\t<div class=\"elementor-element elementor-element-d40f85d elementor-widget elementor-widget-text-editor\" data-id=\"d40f85d\" data-element_type=\"widget\" data-e-type=\"widget\" data-widget_type=\"text-editor.default\">\n\t\t\t\t<div class=\"elementor-widget-container\">\n\t\t\t\t\t\t\t\t\t<h3><strong>Centro de Organizaciones sin Fines de Lucro de Georgia<\/strong><\/h3><ul><li><a href=\"https:\/\/gcn.org\/resource-hubs\/us-policy-changes-resource-hub\/\" target=\"_blank\" rel=\"noopener\">Centro de recursos sobre cambios en las pol\u00edticas de EE. UU. <\/a><\/li><li class=\"style-scope ytd-watch-metadata\"><a href=\"https:\/\/www.youtube.com\/watch?v=hJZzAG2YJXA\" target=\"_blank\" rel=\"noopener\">Grabaci\u00f3n del Ayuntamiento: \u00d3rdenes ejecutivas e impacto en las organizaciones sin \u00e1nimo de lucro (v\u00eddeo)<\/a><\/li><\/ul><h4> <\/h4><h3><strong>Pro Bono Partnership de Atlanta<\/strong><\/h3><ul><li><a href=\"https:\/\/pbpatl.org\/navigating-major-government-changes-strategic-conversations-your-board-should-be-having-now\/\" target=\"_blank\" rel=\"noopener\"><span data-olk-copy-source=\"MessageBody\">C\u00f3mo afrontar grandes cambios gubernamentales: conversaciones estrat\u00e9gicas que su junta directiva deber\u00eda tener ahora.<\/span><\/a><\/li><li><a href=\"https:\/\/pbpatl.org\/updates-for-organizations-with-dei-questions\/\" target=\"_blank\" rel=\"noopener\"><span data-olk-copy-source=\"MessageBody\">Actualizaciones para organizaciones con preguntas sobre DEI (Diversidad, Equidad e Inclusi\u00f3n).<\/span><\/a><\/li><\/ul><h3> <\/h3><h3><strong>Recursos Legislativos<\/strong><\/h3><ul><li><a href=\"https:\/\/www.georgiavoices.org\/state-resources\" target=\"_blank\" rel=\"noopener\">Voces por los Ni\u00f1os de Georgia<\/a><\/li><li><a href=\"https:\/\/www.gwinnettcounty.com\/government\/departments\/elections\/elected-officials\" target=\"_blank\" rel=\"noopener\">Funcionarios Electos<\/a><\/li><\/ul><h4> <\/h4><h3><strong>Recursos varios <\/strong><\/h3><ul><li><a href=\"https:\/\/podcasts.apple.com\/us\/podcast\/emergency-episode-making-sense-of-the-federal\/id1645021359?i=1000687496604\" target=\"_blank\" rel=\"noopener\">Public Money Pod \u2013 un p\u00f3dcast con la exrepresentante de EE. UU. Carolyn Bourdeaux.<\/a><\/li><li><a href=\"https:\/\/www.americanbar.org\/groups\/public_education\/publications\/teaching-legal-docs\/what-is-an-executive-order-\/\" target=\"_blank\" rel=\"noopener\">Asociaci\u00f3n de Abogados de Estados Unidos \u2013 \u00bfQu\u00e9 es una orden ejecutiva?<\/a><\/li><li><a href=\"https:\/\/pbpatl.org\/resources-3\/nonprofits-and-the-new-administration\/\" target=\"_blank\" rel=\"noopener\">Pro Bono Partnership de Atlanta \u2013 Iniciativas federales de la nueva administraci\u00f3n que impactan a las organizaciones sin fines de lucro.<\/a><\/li><li><a href=\"https:\/\/www.nsf.gov\/about\/budget\/process\" target=\"_blank\" rel=\"noopener\">Proceso de elaboraci\u00f3n y asignaci\u00f3n del presupuesto federal.<\/a><\/li><li><a href=\"https:\/\/www.nonprofitvote.org\/resource\/staying-nonpartisan-permissible-election-activities-checklist-2\/\" target=\"_blank\" rel=\"noopener\">Lista de verificaci\u00f3n de actividades electorales permitidas.<\/a><\/li><\/ul>\t\t\t\t\t\t\t\t<\/div>\n\t\t\t\t<\/div>\n\t\t\t\t<div class=\"elementor-element elementor-element-5c24dd8 elementor-widget elementor-widget-spacer\" data-id=\"5c24dd8\" data-element_type=\"widget\" data-e-type=\"widget\" data-widget_type=\"spacer.default\">\n\t\t\t\t<div class=\"elementor-widget-container\">\n\t\t\t\t\t\t\t<div class=\"elementor-spacer\">\n\t\t\t<div class=\"elementor-spacer-inner\"><\/div>\n\t\t<\/div>\n\t\t\t\t\t\t<\/div>\n\t\t\t\t<\/div>\n\t\t\t\t<div class=\"elementor-element elementor-element-cade339 elementor-widget elementor-widget-spacer\" data-id=\"cade339\" data-element_type=\"widget\" data-e-type=\"widget\" data-widget_type=\"spacer.default\">\n\t\t\t\t<div class=\"elementor-widget-container\">\n\t\t\t\t\t\t\t<div class=\"elementor-spacer\">\n\t\t\t<div class=\"elementor-spacer-inner\"><\/div>\n\t\t<\/div>\n\t\t\t\t\t\t<\/div>\n\t\t\t\t<\/div>\n\t\t\t\t<\/div>\n\t\t\t\t<\/div>\n\t\t\t\t<\/div>\n\t\t\t\t\t<\/div>\n\t\t\t\t<\/div>\n\t\t\t\t<\/div>\n\t\t","protected":false},"excerpt":{"rendered":"<p>Pol\u00edtica p\u00fablica Gwinnett Coalition monitorea y comparte las \u00faltimas noticias, recursos, llamados a la acci\u00f3n y antecedentes sobre las decisiones que afectan a las organizaciones sin fines de lucro. Ofrecemos [&hellip;]<\/p>\n","protected":false},"author":1,"featured_media":0,"parent":0,"menu_order":0,"comment_status":"closed","ping_status":"closed","template":"","meta":{"_monsterinsights_skip_tracking":false,"_monsterinsights_sitenote_active":false,"_monsterinsights_sitenote_note":"","_monsterinsights_sitenote_category":0,"footnotes":""},"class_list":["post-51042","page","type-page","status-publish","hentry"],"yoast_head":"<!-- This site is optimized with the Yoast SEO plugin v27.4 - https:\/\/yoast.com\/product\/yoast-seo-wordpress\/ -->\n<title>Pol\u00edtica p\u00fablica - Gwinnett Coalition<\/title>\n<meta name=\"robots\" content=\"index, follow, max-snippet:-1, max-image-preview:large, max-video-preview:-1\" \/>\n<link rel=\"canonical\" href=\"https:\/\/gwinnettcoalition.org\/es\/blog-3\/\" \/>\n<meta property=\"og:locale\" content=\"es_ES\" \/>\n<meta property=\"og:type\" content=\"article\" \/>\n<meta property=\"og:title\" content=\"Pol\u00edtica p\u00fablica - Gwinnett Coalition\" \/>\n<meta property=\"og:description\" content=\"Pol\u00edtica p\u00fablica Gwinnett Coalition monitorea y comparte las \u00faltimas noticias, recursos, llamados a la acci\u00f3n y antecedentes sobre las decisiones que afectan a las organizaciones sin fines de lucro. Ofrecemos [&hellip;]\" \/>\n<meta property=\"og:url\" content=\"https:\/\/gwinnettcoalition.org\/es\/blog-3\/\" \/>\n<meta property=\"og:site_name\" content=\"Gwinnett Coalition\" \/>\n<meta property=\"article:publisher\" content=\"https:\/\/www.facebook.com\/GwinnettCoalition\/\" \/>\n<meta property=\"article:modified_time\" content=\"2026-04-21T16:35:45+00:00\" \/>\n<meta name=\"twitter:card\" content=\"summary_large_image\" \/>\n<meta name=\"twitter:label1\" content=\"Tiempo de lectura\" \/>\n\t<meta name=\"twitter:data1\" content=\"3 minutos\" \/>\n<script type=\"application\/ld+json\" class=\"yoast-schema-graph\">{\"@context\":\"https:\\\/\\\/schema.org\",\"@graph\":[{\"@type\":\"WebPage\",\"@id\":\"https:\\\/\\\/gwinnettcoalition.org\\\/es\\\/blog-3\\\/\",\"url\":\"https:\\\/\\\/gwinnettcoalition.org\\\/es\\\/blog-3\\\/\",\"name\":\"Pol\u00edtica p\u00fablica - Gwinnett Coalition\",\"isPartOf\":{\"@id\":\"https:\\\/\\\/gwinnettcoalition.org\\\/es\\\/#website\"},\"datePublished\":\"2025-02-04T20:28:06+00:00\",\"dateModified\":\"2026-04-21T16:35:45+00:00\",\"breadcrumb\":{\"@id\":\"https:\\\/\\\/gwinnettcoalition.org\\\/es\\\/blog-3\\\/#breadcrumb\"},\"inLanguage\":\"es\",\"potentialAction\":[{\"@type\":\"ReadAction\",\"target\":[\"https:\\\/\\\/gwinnettcoalition.org\\\/es\\\/blog-3\\\/\"]}]},{\"@type\":\"BreadcrumbList\",\"@id\":\"https:\\\/\\\/gwinnettcoalition.org\\\/es\\\/blog-3\\\/#breadcrumb\",\"itemListElement\":[{\"@type\":\"ListItem\",\"position\":1,\"name\":\"Home\",\"item\":\"https:\\\/\\\/gwinnettcoalition.org\\\/es\\\/\"},{\"@type\":\"ListItem\",\"position\":2,\"name\":\"Pol\u00edtica p\u00fablica\"}]},{\"@type\":\"WebSite\",\"@id\":\"https:\\\/\\\/gwinnettcoalition.org\\\/es\\\/#website\",\"url\":\"https:\\\/\\\/gwinnettcoalition.org\\\/es\\\/\",\"name\":\"Gwinnett\",\"description\":\"Advancing the health and well-being of Gwinnett residents.\",\"publisher\":{\"@id\":\"https:\\\/\\\/gwinnettcoalition.org\\\/es\\\/#organization\"},\"potentialAction\":[{\"@type\":\"SearchAction\",\"target\":{\"@type\":\"EntryPoint\",\"urlTemplate\":\"https:\\\/\\\/gwinnettcoalition.org\\\/es\\\/?s={search_term_string}\"},\"query-input\":{\"@type\":\"PropertyValueSpecification\",\"valueRequired\":true,\"valueName\":\"search_term_string\"}}],\"inLanguage\":\"es\"},{\"@type\":\"Organization\",\"@id\":\"https:\\\/\\\/gwinnettcoalition.org\\\/es\\\/#organization\",\"name\":\"Gwinnett\",\"url\":\"https:\\\/\\\/gwinnettcoalition.org\\\/es\\\/\",\"logo\":{\"@type\":\"ImageObject\",\"inLanguage\":\"es\",\"@id\":\"https:\\\/\\\/gwinnettcoalition.org\\\/es\\\/#\\\/schema\\\/logo\\\/image\\\/\",\"url\":\"https:\\\/\\\/gwinnettcoalition.org\\\/wp-content\\\/uploads\\\/2023\\\/10\\\/LogoHorizontal-Gwinnett-1.svg\",\"contentUrl\":\"https:\\\/\\\/gwinnettcoalition.org\\\/wp-content\\\/uploads\\\/2023\\\/10\\\/LogoHorizontal-Gwinnett-1.svg\",\"width\":183,\"height\":49,\"caption\":\"Gwinnett\"},\"image\":{\"@id\":\"https:\\\/\\\/gwinnettcoalition.org\\\/es\\\/#\\\/schema\\\/logo\\\/image\\\/\"},\"sameAs\":[\"https:\\\/\\\/www.facebook.com\\\/GwinnettCoalition\\\/\",\"https:\\\/\\\/www.instagram.com\\\/gwinnettcoalition\\\/?hl=en\",\"https:\\\/\\\/www.linkedin.com\\\/company\\\/gwinnett-coalition-for-health-and-human-services\\\/\",\"https:\\\/\\\/www.youtube.com\\\/user\\\/GreatDaysOfService\"]}]}<\/script>\n<!-- \/ Yoast SEO plugin. -->","yoast_head_json":{"title":"Pol\u00edtica p\u00fablica - Gwinnett Coalition","robots":{"index":"index","follow":"follow","max-snippet":"max-snippet:-1","max-image-preview":"max-image-preview:large","max-video-preview":"max-video-preview:-1"},"canonical":"https:\/\/gwinnettcoalition.org\/es\/blog-3\/","og_locale":"es_ES","og_type":"article","og_title":"Pol\u00edtica p\u00fablica - Gwinnett Coalition","og_description":"Pol\u00edtica p\u00fablica Gwinnett Coalition monitorea y comparte las \u00faltimas noticias, recursos, llamados a la acci\u00f3n y antecedentes sobre las decisiones que afectan a las organizaciones sin fines de lucro. Ofrecemos [&hellip;]","og_url":"https:\/\/gwinnettcoalition.org\/es\/blog-3\/","og_site_name":"Gwinnett Coalition","article_publisher":"https:\/\/www.facebook.com\/GwinnettCoalition\/","article_modified_time":"2026-04-21T16:35:45+00:00","twitter_card":"summary_large_image","twitter_misc":{"Tiempo de lectura":"3 minutos"},"schema":{"@context":"https:\/\/schema.org","@graph":[{"@type":"WebPage","@id":"https:\/\/gwinnettcoalition.org\/es\/blog-3\/","url":"https:\/\/gwinnettcoalition.org\/es\/blog-3\/","name":"Pol\u00edtica p\u00fablica - Gwinnett Coalition","isPartOf":{"@id":"https:\/\/gwinnettcoalition.org\/es\/#website"},"datePublished":"2025-02-04T20:28:06+00:00","dateModified":"2026-04-21T16:35:45+00:00","breadcrumb":{"@id":"https:\/\/gwinnettcoalition.org\/es\/blog-3\/#breadcrumb"},"inLanguage":"es","potentialAction":[{"@type":"ReadAction","target":["https:\/\/gwinnettcoalition.org\/es\/blog-3\/"]}]},{"@type":"BreadcrumbList","@id":"https:\/\/gwinnettcoalition.org\/es\/blog-3\/#breadcrumb","itemListElement":[{"@type":"ListItem","position":1,"name":"Home","item":"https:\/\/gwinnettcoalition.org\/es\/"},{"@type":"ListItem","position":2,"name":"Pol\u00edtica p\u00fablica"}]},{"@type":"WebSite","@id":"https:\/\/gwinnettcoalition.org\/es\/#website","url":"https:\/\/gwinnettcoalition.org\/es\/","name":"Gwinnett","description":"Advancing the health and well-being of Gwinnett residents.","publisher":{"@id":"https:\/\/gwinnettcoalition.org\/es\/#organization"},"potentialAction":[{"@type":"SearchAction","target":{"@type":"EntryPoint","urlTemplate":"https:\/\/gwinnettcoalition.org\/es\/?s={search_term_string}"},"query-input":{"@type":"PropertyValueSpecification","valueRequired":true,"valueName":"search_term_string"}}],"inLanguage":"es"},{"@type":"Organization","@id":"https:\/\/gwinnettcoalition.org\/es\/#organization","name":"Gwinnett","url":"https:\/\/gwinnettcoalition.org\/es\/","logo":{"@type":"ImageObject","inLanguage":"es","@id":"https:\/\/gwinnettcoalition.org\/es\/#\/schema\/logo\/image\/","url":"https:\/\/gwinnettcoalition.org\/wp-content\/uploads\/2023\/10\/LogoHorizontal-Gwinnett-1.svg","contentUrl":"https:\/\/gwinnettcoalition.org\/wp-content\/uploads\/2023\/10\/LogoHorizontal-Gwinnett-1.svg","width":183,"height":49,"caption":"Gwinnett"},"image":{"@id":"https:\/\/gwinnettcoalition.org\/es\/#\/schema\/logo\/image\/"},"sameAs":["https:\/\/www.facebook.com\/GwinnettCoalition\/","https:\/\/www.instagram.com\/gwinnettcoalition\/?hl=en","https:\/\/www.linkedin.com\/company\/gwinnett-coalition-for-health-and-human-services\/","https:\/\/www.youtube.com\/user\/GreatDaysOfService"]}]}},"_links":{"self":[{"href":"https:\/\/gwinnettcoalition.org\/es\/wp-json\/wp\/v2\/pages\/51042","targetHints":{"allow":["GET"]}}],"collection":[{"href":"https:\/\/gwinnettcoalition.org\/es\/wp-json\/wp\/v2\/pages"}],"about":[{"href":"https:\/\/gwinnettcoalition.org\/es\/wp-json\/wp\/v2\/types\/page"}],"author":[{"embeddable":true,"href":"https:\/\/gwinnettcoalition.org\/es\/wp-json\/wp\/v2\/users\/1"}],"replies":[{"embeddable":true,"href":"https:\/\/gwinnettcoalition.org\/es\/wp-json\/wp\/v2\/comments?post=51042"}],"version-history":[{"count":11,"href":"https:\/\/gwinnettcoalition.org\/es\/wp-json\/wp\/v2\/pages\/51042\/revisions"}],"predecessor-version":[{"id":55894,"href":"https:\/\/gwinnettcoalition.org\/es\/wp-json\/wp\/v2\/pages\/51042\/revisions\/55894"}],"wp:attachment":[{"href":"https:\/\/gwinnettcoalition.org\/es\/wp-json\/wp\/v2\/media?parent=51042"}],"curies":[{"name":"wp","href":"https:\/\/api.w.org\/{rel}","templated":true}]}}