{"id":52188,"date":"2025-03-24T13:40:38","date_gmt":"2025-03-24T13:40:38","guid":{"rendered":"https:\/\/gwinnettcoalition.org\/conjunto-de-herramientas-informadas-por-el-trauma\/"},"modified":"2026-01-14T17:12:14","modified_gmt":"2026-01-14T17:12:14","slug":"conjunto-de-herramientas-informadas-por-el-trauma","status":"publish","type":"page","link":"https:\/\/gwinnettcoalition.org\/es\/conjunto-de-herramientas-informadas-por-el-trauma\/","title":{"rendered":"Toolkit para el Cuidado Informado sobre el Trauma"},"content":{"rendered":"\t\t<div data-elementor-type=\"wp-page\" data-elementor-id=\"52188\" class=\"elementor elementor-52188 elementor-51358\" data-elementor-post-type=\"page\">\n\t\t\t\t<div class=\"elementor-element elementor-element-2a77316 e-flex e-con-boxed e-con e-parent\" data-id=\"2a77316\" data-element_type=\"container\" data-e-type=\"container\" data-settings=\"{&quot;background_background&quot;:&quot;classic&quot;}\">\n\t\t\t\t\t<div class=\"e-con-inner\">\n\t\t\t\t<div class=\"elementor-element elementor-element-aa5f345 elementor-widget elementor-widget-spacer\" data-id=\"aa5f345\" data-element_type=\"widget\" data-e-type=\"widget\" data-widget_type=\"spacer.default\">\n\t\t\t\t<div class=\"elementor-widget-container\">\n\t\t\t\t\t\t\t<div class=\"elementor-spacer\">\n\t\t\t<div class=\"elementor-spacer-inner\"><\/div>\n\t\t<\/div>\n\t\t\t\t\t\t<\/div>\n\t\t\t\t<\/div>\n\t\t\t\t<div class=\"elementor-element elementor-element-7adf5dc elementor-widget elementor-widget-heading\" data-id=\"7adf5dc\" data-element_type=\"widget\" data-e-type=\"widget\" data-widget_type=\"heading.default\">\n\t\t\t\t<div class=\"elementor-widget-container\">\n\t\t\t\t\t<h1 class=\"elementor-heading-title elementor-size-default\">Toolkit para el Cuidado Informado sobre el Trauma<\/h1>\t\t\t\t<\/div>\n\t\t\t\t<\/div>\n\t\t\t\t\t<\/div>\n\t\t\t\t<\/div>\n\t\t<div class=\"elementor-element elementor-element-64f0187 e-flex e-con-boxed e-con e-parent\" data-id=\"64f0187\" data-element_type=\"container\" data-e-type=\"container\" data-settings=\"{&quot;background_background&quot;:&quot;classic&quot;}\">\n\t\t\t\t\t<div class=\"e-con-inner\">\n\t\t\t\t<div class=\"elementor-element elementor-element-dab5574 elementor-widget elementor-widget-spacer\" data-id=\"dab5574\" data-element_type=\"widget\" data-e-type=\"widget\" data-widget_type=\"spacer.default\">\n\t\t\t\t<div class=\"elementor-widget-container\">\n\t\t\t\t\t\t\t<div class=\"elementor-spacer\">\n\t\t\t<div class=\"elementor-spacer-inner\"><\/div>\n\t\t<\/div>\n\t\t\t\t\t\t<\/div>\n\t\t\t\t<\/div>\n\t\t\t\t<div class=\"elementor-element elementor-element-c790a50 elementor-widget elementor-widget-text-editor\" data-id=\"c790a50\" data-element_type=\"widget\" data-e-type=\"widget\" data-widget_type=\"text-editor.default\">\n\t\t\t\t<div class=\"elementor-widget-container\">\n\t\t\t\t\t\t\t\t\t<p data-start=\"388\" data-end=\"725\">El trauma afecta a cada parte de nuestra comunidad, y construir resiliencia debe ser un esfuerzo compartido. <strong><span style=\"text-decoration: underline;\"><a href=\"https:\/\/gwinnettcoalition.org\/wp-content\/uploads\/2025\/05\/ResilientGwinnett-ToolKit-EN-2.pdf\" target=\"_blank\" rel=\"noopener\">El Kit de Herramientas Informado sobre el Trauma de Resilient Gwinnett [PDF] <\/a><\/span><\/strong>proporciona una gu\u00eda pr\u00e1ctica para l\u00edderes locales, educadores, empleadores y profesionales que atienden a j\u00f3venes que desean comprender mejor los efectos del trauma y crear entornos de apoyo centrados en la sanaci\u00f3n.<\/p>\t\t\t\t\t\t\t\t<\/div>\n\t\t\t\t<\/div>\n\t\t\t\t<div class=\"elementor-element elementor-element-8bf30ba elementor-widget elementor-widget-spacer\" data-id=\"8bf30ba\" data-element_type=\"widget\" data-e-type=\"widget\" data-widget_type=\"spacer.default\">\n\t\t\t\t<div class=\"elementor-widget-container\">\n\t\t\t\t\t\t\t<div class=\"elementor-spacer\">\n\t\t\t<div class=\"elementor-spacer-inner\"><\/div>\n\t\t<\/div>\n\t\t\t\t\t\t<\/div>\n\t\t\t\t<\/div>\n\t\t<div class=\"elementor-element elementor-element-a1d87a4 e-con-full e-flex e-con e-child\" data-id=\"a1d87a4\" data-element_type=\"container\" data-e-type=\"container\">\n\t\t\t\t<div class=\"elementor-element elementor-element-c207298 elementor-widget elementor-widget-text-editor\" data-id=\"c207298\" data-element_type=\"widget\" data-e-type=\"widget\" data-widget_type=\"text-editor.default\">\n\t\t\t\t<div class=\"elementor-widget-container\">\n\t\t\t\t\t\t\t\t\t<p data-start=\"727\" data-end=\"762\">Este kit de herramientas integral incluye:<\/p><p data-start=\"727\" data-end=\"762\"> <\/p><ul data-start=\"764\" data-end=\"1153\"><li data-start=\"764\" data-end=\"861\"><p data-start=\"766\" data-end=\"861\"><strong data-start=\"766\" data-end=\"794\">Perspectivas espec\u00edficas por sector<\/strong> para escuelas, lugares de trabajo y organizaciones de atenci\u00f3n a la juventud.<\/p><\/li><li data-start=\"862\" data-end=\"948\"><p data-start=\"864\" data-end=\"948\"><strong data-start=\"864\" data-end=\"897\">Datos locales del condado de Gwinnett<\/strong> que demuestran la necesidad de pr\u00e1cticas informadas sobre el trauma.<\/p><\/li><li data-start=\"949\" data-end=\"1032\"><p data-start=\"951\" data-end=\"1032\"><strong data-start=\"953\" data-end=\"980\">Una biblioteca de lenguaje compartido<\/strong> para promover la coherencia y la claridad en todos los sistemas.<\/p><\/li><li data-start=\"1033\" data-end=\"1153\"><p data-start=\"1035\" data-end=\"1153\">Una <strong data-start=\"1047\" data-end=\"1088\">hoja de ruta hacia la Atenci\u00f3n Informada sobre el Trauma<\/strong> con estrategias de acci\u00f3n, herramientas de reflexi\u00f3n y recursos pr\u00e1cticos.<\/p><\/li><\/ul>\t\t\t\t\t\t\t\t<\/div>\n\t\t\t\t<\/div>\n\t\t\t\t<div class=\"elementor-element elementor-element-4a357a0 elementor-widget elementor-widget-spacer\" data-id=\"4a357a0\" data-element_type=\"widget\" data-e-type=\"widget\" data-widget_type=\"spacer.default\">\n\t\t\t\t<div class=\"elementor-widget-container\">\n\t\t\t\t\t\t\t<div class=\"elementor-spacer\">\n\t\t\t<div class=\"elementor-spacer-inner\"><\/div>\n\t\t<\/div>\n\t\t\t\t\t\t<\/div>\n\t\t\t\t<\/div>\n\t\t<div class=\"elementor-element elementor-element-72674ee e-con-full e-flex e-con e-child\" data-id=\"72674ee\" data-element_type=\"container\" data-e-type=\"container\">\n\t\t\t\t<div class=\"elementor-element elementor-element-50333db elementor-widget elementor-widget-text-editor\" data-id=\"50333db\" data-element_type=\"widget\" data-e-type=\"widget\" data-widget_type=\"text-editor.default\">\n\t\t\t\t<div class=\"elementor-widget-container\">\n\t\t\t\t\t\t\t\t\t<p data-start=\"1155\" data-end=\"1361\">Ya sea que su organizaci\u00f3n est\u00e9 apenas comenzando a explorar la atenci\u00f3n informada sobre el trauma o profundizando sus esfuerzos existentes, este kit de herramientas ofrece estrategias claras y accesibles para establecer pr\u00e1cticas de atenci\u00f3n informada sobre el trauma y cultivar la resiliencia en toda nuestra comunidad.<\/p><p><strong><br>Descargue nuestro Toolkit para el Cuidado Informado sobre el Trauma:<\/strong><\/p><ul><li><a href=\"https:\/\/gwinnettcoalition.org\/wp-content\/uploads\/2025\/05\/ResilientGwinnett-ToolKit-EN-2.pdf\" target=\"_blank\" rel=\"noopener\">Versi\u00f3n en ingl\u00e9s [PDF]<\/a><\/li><li><a href=\"https:\/\/gwinnettcoalition.org\/wp-content\/uploads\/2025\/06\/ResilientGwinnett-ToolKit-SP-4_compressed.pdf\" target=\"_blank\" rel=\"noopener\">Versi\u00f3n en espa\u00f1ol [PDF]<\/a><\/li><\/ul>\t\t\t\t\t\t\t\t<\/div>\n\t\t\t\t<\/div>\n\t\t\t\t<\/div>\n\t\t\t\t<\/div>\n\t\t\t\t<div class=\"elementor-element elementor-element-7a6e151 elementor-widget elementor-widget-spacer\" data-id=\"7a6e151\" data-element_type=\"widget\" data-e-type=\"widget\" data-widget_type=\"spacer.default\">\n\t\t\t\t<div class=\"elementor-widget-container\">\n\t\t\t\t\t\t\t<div class=\"elementor-spacer\">\n\t\t\t<div class=\"elementor-spacer-inner\"><\/div>\n\t\t<\/div>\n\t\t\t\t\t\t<\/div>\n\t\t\t\t<\/div>\n\t\t\t\t\t<\/div>\n\t\t\t\t<\/div>\n\t\t\t\t<\/div>\n\t\t","protected":false},"excerpt":{"rendered":"<p>Toolkit para el Cuidado Informado sobre el Trauma El trauma afecta a cada parte de nuestra comunidad, y construir resiliencia debe ser un esfuerzo compartido. El Kit de Herramientas Informado [&hellip;]<\/p>\n","protected":false},"author":2,"featured_media":0,"parent":0,"menu_order":0,"comment_status":"closed","ping_status":"closed","template":"","meta":{"_monsterinsights_skip_tracking":false,"_monsterinsights_sitenote_active":false,"_monsterinsights_sitenote_note":"","_monsterinsights_sitenote_category":0,"footnotes":""},"class_list":["post-52188","page","type-page","status-publish","hentry"],"yoast_head":"<!-- This site is optimized with the Yoast SEO plugin v27.3 - https:\/\/yoast.com\/product\/yoast-seo-wordpress\/ -->\n<title>Toolkit para el Cuidado Informado sobre el Trauma - Gwinnett Coalition<\/title>\n<meta name=\"robots\" content=\"index, follow, max-snippet:-1, max-image-preview:large, max-video-preview:-1\" \/>\n<link rel=\"canonical\" href=\"https:\/\/gwinnettcoalition.org\/es\/conjunto-de-herramientas-informadas-por-el-trauma\/\" \/>\n<meta property=\"og:locale\" content=\"es_ES\" \/>\n<meta property=\"og:type\" content=\"article\" \/>\n<meta property=\"og:title\" content=\"Toolkit para el Cuidado Informado sobre el Trauma - Gwinnett Coalition\" \/>\n<meta property=\"og:description\" content=\"Toolkit para el Cuidado Informado sobre el Trauma El trauma afecta a cada parte de nuestra comunidad, y construir resiliencia debe ser un esfuerzo compartido. El Kit de Herramientas Informado [&hellip;]\" \/>\n<meta property=\"og:url\" content=\"https:\/\/gwinnettcoalition.org\/es\/conjunto-de-herramientas-informadas-por-el-trauma\/\" \/>\n<meta property=\"og:site_name\" content=\"Gwinnett Coalition\" \/>\n<meta property=\"article:publisher\" content=\"https:\/\/www.facebook.com\/GwinnettCoalition\/\" \/>\n<meta property=\"article:modified_time\" content=\"2026-01-14T17:12:14+00:00\" \/>\n<meta name=\"twitter:card\" content=\"summary_large_image\" \/>\n<meta name=\"twitter:label1\" content=\"Tiempo de lectura\" \/>\n\t<meta name=\"twitter:data1\" content=\"1 minuto\" \/>\n<script type=\"application\/ld+json\" class=\"yoast-schema-graph\">{\"@context\":\"https:\\\/\\\/schema.org\",\"@graph\":[{\"@type\":\"WebPage\",\"@id\":\"https:\\\/\\\/gwinnettcoalition.org\\\/es\\\/conjunto-de-herramientas-informadas-por-el-trauma\\\/\",\"url\":\"https:\\\/\\\/gwinnettcoalition.org\\\/es\\\/conjunto-de-herramientas-informadas-por-el-trauma\\\/\",\"name\":\"Toolkit para el Cuidado Informado sobre el Trauma - Gwinnett Coalition\",\"isPartOf\":{\"@id\":\"https:\\\/\\\/gwinnettcoalition.org\\\/es\\\/#website\"},\"datePublished\":\"2025-03-24T13:40:38+00:00\",\"dateModified\":\"2026-01-14T17:12:14+00:00\",\"breadcrumb\":{\"@id\":\"https:\\\/\\\/gwinnettcoalition.org\\\/es\\\/conjunto-de-herramientas-informadas-por-el-trauma\\\/#breadcrumb\"},\"inLanguage\":\"es\",\"potentialAction\":[{\"@type\":\"ReadAction\",\"target\":[\"https:\\\/\\\/gwinnettcoalition.org\\\/es\\\/conjunto-de-herramientas-informadas-por-el-trauma\\\/\"]}]},{\"@type\":\"BreadcrumbList\",\"@id\":\"https:\\\/\\\/gwinnettcoalition.org\\\/es\\\/conjunto-de-herramientas-informadas-por-el-trauma\\\/#breadcrumb\",\"itemListElement\":[{\"@type\":\"ListItem\",\"position\":1,\"name\":\"Home\",\"item\":\"https:\\\/\\\/gwinnettcoalition.org\\\/es\\\/\"},{\"@type\":\"ListItem\",\"position\":2,\"name\":\"Toolkit para el Cuidado Informado sobre el Trauma\"}]},{\"@type\":\"WebSite\",\"@id\":\"https:\\\/\\\/gwinnettcoalition.org\\\/es\\\/#website\",\"url\":\"https:\\\/\\\/gwinnettcoalition.org\\\/es\\\/\",\"name\":\"Gwinnett\",\"description\":\"Advancing the health and well-being of Gwinnett residents.\",\"publisher\":{\"@id\":\"https:\\\/\\\/gwinnettcoalition.org\\\/es\\\/#organization\"},\"potentialAction\":[{\"@type\":\"SearchAction\",\"target\":{\"@type\":\"EntryPoint\",\"urlTemplate\":\"https:\\\/\\\/gwinnettcoalition.org\\\/es\\\/?s={search_term_string}\"},\"query-input\":{\"@type\":\"PropertyValueSpecification\",\"valueRequired\":true,\"valueName\":\"search_term_string\"}}],\"inLanguage\":\"es\"},{\"@type\":\"Organization\",\"@id\":\"https:\\\/\\\/gwinnettcoalition.org\\\/es\\\/#organization\",\"name\":\"Gwinnett\",\"url\":\"https:\\\/\\\/gwinnettcoalition.org\\\/es\\\/\",\"logo\":{\"@type\":\"ImageObject\",\"inLanguage\":\"es\",\"@id\":\"https:\\\/\\\/gwinnettcoalition.org\\\/es\\\/#\\\/schema\\\/logo\\\/image\\\/\",\"url\":\"https:\\\/\\\/gwinnettcoalition.org\\\/wp-content\\\/uploads\\\/2023\\\/10\\\/LogoHorizontal-Gwinnett-1.svg\",\"contentUrl\":\"https:\\\/\\\/gwinnettcoalition.org\\\/wp-content\\\/uploads\\\/2023\\\/10\\\/LogoHorizontal-Gwinnett-1.svg\",\"width\":183,\"height\":49,\"caption\":\"Gwinnett\"},\"image\":{\"@id\":\"https:\\\/\\\/gwinnettcoalition.org\\\/es\\\/#\\\/schema\\\/logo\\\/image\\\/\"},\"sameAs\":[\"https:\\\/\\\/www.facebook.com\\\/GwinnettCoalition\\\/\",\"https:\\\/\\\/www.instagram.com\\\/gwinnettcoalition\\\/?hl=en\",\"https:\\\/\\\/www.linkedin.com\\\/company\\\/gwinnett-coalition-for-health-and-human-services\\\/\",\"https:\\\/\\\/www.youtube.com\\\/user\\\/GreatDaysOfService\"]}]}<\/script>\n<!-- \/ Yoast SEO plugin. -->","yoast_head_json":{"title":"Toolkit para el Cuidado Informado sobre el Trauma - Gwinnett Coalition","robots":{"index":"index","follow":"follow","max-snippet":"max-snippet:-1","max-image-preview":"max-image-preview:large","max-video-preview":"max-video-preview:-1"},"canonical":"https:\/\/gwinnettcoalition.org\/es\/conjunto-de-herramientas-informadas-por-el-trauma\/","og_locale":"es_ES","og_type":"article","og_title":"Toolkit para el Cuidado Informado sobre el Trauma - Gwinnett Coalition","og_description":"Toolkit para el Cuidado Informado sobre el Trauma El trauma afecta a cada parte de nuestra comunidad, y construir resiliencia debe ser un esfuerzo compartido. El Kit de Herramientas Informado [&hellip;]","og_url":"https:\/\/gwinnettcoalition.org\/es\/conjunto-de-herramientas-informadas-por-el-trauma\/","og_site_name":"Gwinnett Coalition","article_publisher":"https:\/\/www.facebook.com\/GwinnettCoalition\/","article_modified_time":"2026-01-14T17:12:14+00:00","twitter_card":"summary_large_image","twitter_misc":{"Tiempo de lectura":"1 minuto"},"schema":{"@context":"https:\/\/schema.org","@graph":[{"@type":"WebPage","@id":"https:\/\/gwinnettcoalition.org\/es\/conjunto-de-herramientas-informadas-por-el-trauma\/","url":"https:\/\/gwinnettcoalition.org\/es\/conjunto-de-herramientas-informadas-por-el-trauma\/","name":"Toolkit para el Cuidado Informado sobre el Trauma - Gwinnett Coalition","isPartOf":{"@id":"https:\/\/gwinnettcoalition.org\/es\/#website"},"datePublished":"2025-03-24T13:40:38+00:00","dateModified":"2026-01-14T17:12:14+00:00","breadcrumb":{"@id":"https:\/\/gwinnettcoalition.org\/es\/conjunto-de-herramientas-informadas-por-el-trauma\/#breadcrumb"},"inLanguage":"es","potentialAction":[{"@type":"ReadAction","target":["https:\/\/gwinnettcoalition.org\/es\/conjunto-de-herramientas-informadas-por-el-trauma\/"]}]},{"@type":"BreadcrumbList","@id":"https:\/\/gwinnettcoalition.org\/es\/conjunto-de-herramientas-informadas-por-el-trauma\/#breadcrumb","itemListElement":[{"@type":"ListItem","position":1,"name":"Home","item":"https:\/\/gwinnettcoalition.org\/es\/"},{"@type":"ListItem","position":2,"name":"Toolkit para el Cuidado Informado sobre el Trauma"}]},{"@type":"WebSite","@id":"https:\/\/gwinnettcoalition.org\/es\/#website","url":"https:\/\/gwinnettcoalition.org\/es\/","name":"Gwinnett","description":"Advancing the health and well-being of Gwinnett residents.","publisher":{"@id":"https:\/\/gwinnettcoalition.org\/es\/#organization"},"potentialAction":[{"@type":"SearchAction","target":{"@type":"EntryPoint","urlTemplate":"https:\/\/gwinnettcoalition.org\/es\/?s={search_term_string}"},"query-input":{"@type":"PropertyValueSpecification","valueRequired":true,"valueName":"search_term_string"}}],"inLanguage":"es"},{"@type":"Organization","@id":"https:\/\/gwinnettcoalition.org\/es\/#organization","name":"Gwinnett","url":"https:\/\/gwinnettcoalition.org\/es\/","logo":{"@type":"ImageObject","inLanguage":"es","@id":"https:\/\/gwinnettcoalition.org\/es\/#\/schema\/logo\/image\/","url":"https:\/\/gwinnettcoalition.org\/wp-content\/uploads\/2023\/10\/LogoHorizontal-Gwinnett-1.svg","contentUrl":"https:\/\/gwinnettcoalition.org\/wp-content\/uploads\/2023\/10\/LogoHorizontal-Gwinnett-1.svg","width":183,"height":49,"caption":"Gwinnett"},"image":{"@id":"https:\/\/gwinnettcoalition.org\/es\/#\/schema\/logo\/image\/"},"sameAs":["https:\/\/www.facebook.com\/GwinnettCoalition\/","https:\/\/www.instagram.com\/gwinnettcoalition\/?hl=en","https:\/\/www.linkedin.com\/company\/gwinnett-coalition-for-health-and-human-services\/","https:\/\/www.youtube.com\/user\/GreatDaysOfService"]}]}},"_links":{"self":[{"href":"https:\/\/gwinnettcoalition.org\/es\/wp-json\/wp\/v2\/pages\/52188","targetHints":{"allow":["GET"]}}],"collection":[{"href":"https:\/\/gwinnettcoalition.org\/es\/wp-json\/wp\/v2\/pages"}],"about":[{"href":"https:\/\/gwinnettcoalition.org\/es\/wp-json\/wp\/v2\/types\/page"}],"author":[{"embeddable":true,"href":"https:\/\/gwinnettcoalition.org\/es\/wp-json\/wp\/v2\/users\/2"}],"replies":[{"embeddable":true,"href":"https:\/\/gwinnettcoalition.org\/es\/wp-json\/wp\/v2\/comments?post=52188"}],"version-history":[{"count":7,"href":"https:\/\/gwinnettcoalition.org\/es\/wp-json\/wp\/v2\/pages\/52188\/revisions"}],"predecessor-version":[{"id":53477,"href":"https:\/\/gwinnettcoalition.org\/es\/wp-json\/wp\/v2\/pages\/52188\/revisions\/53477"}],"wp:attachment":[{"href":"https:\/\/gwinnettcoalition.org\/es\/wp-json\/wp\/v2\/media?parent=52188"}],"curies":[{"name":"wp","href":"https:\/\/api.w.org\/{rel}","templated":true}]}}