{"id":52193,"date":"2025-02-20T18:13:00","date_gmt":"2025-02-20T18:13:00","guid":{"rendered":"https:\/\/gwinnettcoalition.org\/como-convertirse-en-patrocinador-de-la-cumbre-resiliente-de-gwinnett\/"},"modified":"2025-08-13T16:58:49","modified_gmt":"2025-08-13T16:58:49","slug":"como-convertirse-en-patrocinador-de-la-cumbre-resiliente-de-gwinnett","status":"publish","type":"page","link":"https:\/\/gwinnettcoalition.org\/es\/como-convertirse-en-patrocinador-de-la-cumbre-resiliente-de-gwinnett\/","title":{"rendered":"C\u00f3mo convertirse en patrocinador de Becoming a Resilient Gwinnett Summit"},"content":{"rendered":"\t\t<div data-elementor-type=\"wp-page\" data-elementor-id=\"52193\" class=\"elementor elementor-52193 elementor-51128\" data-elementor-post-type=\"page\">\n\t\t\t\t<div class=\"elementor-element elementor-element-110f9f6 e-flex e-con-boxed e-con e-parent\" data-id=\"110f9f6\" data-element_type=\"container\" data-e-type=\"container\">\n\t\t\t\t\t<div class=\"e-con-inner\">\n\t\t\t\t<div class=\"elementor-element elementor-element-d164729 elementor-widget elementor-widget-image\" data-id=\"d164729\" data-element_type=\"widget\" data-e-type=\"widget\" data-widget_type=\"image.default\">\n\t\t\t\t<div class=\"elementor-widget-container\">\n\t\t\t\t\t\t\t\t\t\t\t\t\t\t\t<img fetchpriority=\"high\" decoding=\"async\" width=\"600\" height=\"200\" src=\"https:\/\/gwinnettcoalition.org\/wp-content\/uploads\/2025\/02\/sponsorship-header.png\" class=\"attachment-full size-full wp-image-51145\" alt=\"\" srcset=\"https:\/\/gwinnettcoalition.org\/wp-content\/uploads\/2025\/02\/sponsorship-header.png 600w, https:\/\/gwinnettcoalition.org\/wp-content\/uploads\/2025\/02\/sponsorship-header-300x100.png 300w\" sizes=\"(max-width: 600px) 100vw, 600px\" \/>\t\t\t\t\t\t\t\t\t\t\t\t\t\t\t<\/div>\n\t\t\t\t<\/div>\n\t\t\t\t<div class=\"elementor-element elementor-element-6ff75e4 elementor-widget elementor-widget-heading\" data-id=\"6ff75e4\" data-element_type=\"widget\" data-e-type=\"widget\" data-widget_type=\"heading.default\">\n\t\t\t\t<div class=\"elementor-widget-container\">\n\t\t\t\t\t<h2 class=\"elementor-heading-title elementor-size-default\"> Oportunidades de patrocinio<\/h2>\t\t\t\t<\/div>\n\t\t\t\t<\/div>\n\t\t\t\t\t<\/div>\n\t\t\t\t<\/div>\n\t\t<div class=\"elementor-element elementor-element-c73663d e-flex e-con-boxed e-con e-parent\" data-id=\"c73663d\" data-element_type=\"container\" data-e-type=\"container\">\n\t\t\t\t\t<div class=\"e-con-inner\">\n\t\t\t\t<div class=\"elementor-element elementor-element-eb4a782 elementor-widget elementor-widget-text-editor\" data-id=\"eb4a782\" data-element_type=\"widget\" data-e-type=\"widget\" data-widget_type=\"text-editor.default\">\n\t\t\t\t<div class=\"elementor-widget-container\">\n\t\t\t\t\t\t\t\t\t<p>Comunica tu compromiso de fomentar el bienestar emocional y empoderar a personas, familias y organizaciones en el condado de Gwinnett; alinea a tu organizaci\u00f3n con expertos y l\u00edderes comunitarios clave; y obt\u00e9n visibilidad de marca a trav\u00e9s del patrocinio de eventos.<\/p><p> <\/p><p>Comun\u00edcate con <a href=\"mailto:resilientgwinnett@gwinnettcoalition.org\">resilientgwinnett@gwinnettcoalition.org<\/a> para m\u00e1s detalles.<\/p><h2> <\/h2><h2><strong>L\u00edder en resiliencia &#8211; $7,500<\/strong><\/h2><ul><li>Logotipo destacado en los materiales de marketing del evento<\/li><li>Oportunidad de proporcionar un regalo de marca o material promocional en cada asiento durante el discurso de apertura<\/li><li>V\u00eddeo promocional de un minuto u oportunidad de hablar en el discurso inaugural<\/li><li>Mesa preferente para diez (10) personas en el discurso inaugural o en el almuerzo con el panel<\/li><li>Presentaci\u00f3n del ponente en una sesi\u00f3n de trabajo<\/li><li>Diez (10) lugares garantizados para asistentes en las sesiones de trabajo<\/li><li>Reconocimiento verbal durante todas las sesiones de trabajo<\/li><li>Menci\u00f3n exclusiva en redes sociales en todos los canales<\/li><li>Cita destacada en el comunicado de prensa posterior al evento<\/li><li>Reconocimiento verbal durante todas las sesiones de trabajo<\/li><li>Mesa de expositor de participaci\u00f3n gratuita<\/li><li>Colocaci\u00f3n destacada del logotipo<\/li><\/ul><h2> <\/h2><h2><strong>Bienestar en el lugar de trabajo &#8211; $5,000<\/strong><\/h2><ul><li>Logotipo destacado en los materiales de marketing del evento<\/li><li>Oportunidad de proporcionar un regalo de marca o material promocional en cada asiento durante el discurso de apertura<\/li><li>V\u00eddeo promocional de 30 segundos u oportunidad de hablar en el discurso inaugural<\/li><li>Ubicaci\u00f3n preferente de ocho (8) asistentes en el discurso inaugural o en el almuerzo del panel<\/li><li>Presentaci\u00f3n del ponente en una sesi\u00f3n de trabajo<\/li><li>Ocho (8) lugares garantizados en las sesiones de trabajo<\/li><li>Difusi\u00f3n en las redes sociales a trav\u00e9s de todos los canales<\/li><li>Mesa de expositor de participaci\u00f3n gratuita<\/li><\/ul><h2> <\/h2><h2><strong>Aliado de la Comunidad &#8211; $2,500<\/strong><\/h2><ul><li>Prescencia del logotipo en los materiales de marketing del evento<\/li><li>Reconocimiento verbal en el discurso de apertura<\/li><li>Ubicaci\u00f3n preferente de seis (6) asistentes en el discurso inaugural o en el almuerzo del panel<\/li><li>Seis (6) lugares garantizados en las sesiones de trabajo<\/li><li>Difusi\u00f3n en las redes sociales a trav\u00e9s de todos los canales<\/li><li>Mesa de expositor de participaci\u00f3n gratuita<\/li><\/ul><h2> <\/h2><h2><strong>Aliado de Empoderamiento &#8211; $1,000<\/strong><\/h2><ul><li>Inclusi\u00f3n en los materiales de marketing del evento<\/li><li>Reconocimiento verbal en el discurso de apertura<\/li><li>Ubicaci\u00f3n preferente de cuatro (4) asistentes en el discurso inaugural o en el almuerzo del panel<\/li><li>Cuatro (4) lugares garantizados en las sesiones de trabajo<\/li><li>Difusi\u00f3n en las redes sociales a trav\u00e9s de todos los canales<\/li><li>Mesa de expositor de participaci\u00f3n gratuita<\/li><\/ul><h2> <\/h2><h2><strong>Expositor de Impacto &#8211; $500<\/strong><\/h2><ul><li>Dos (2) lugares garantizados para los asistentes al discurso inaugural<\/li><li>Dos (2) lugares garantizados en las sesiones de trabajo<\/li><li>Mesa de expositor de cortes\u00eda en el \u00e1rea previa al evento<\/li><\/ul><p> <\/p><p>Ponte en contacto con <a href=\"mailto:resilientgwinnett@gwinnettcoalition.org\">resilientgwinnett@gwinnettcoalition.org<\/a> para m\u00e1s detalles.<\/p>\t\t\t\t\t\t\t\t<\/div>\n\t\t\t\t<\/div>\n\t\t\t\t\t<\/div>\n\t\t\t\t<\/div>\n\t\t\t\t<\/div>\n\t\t","protected":false},"excerpt":{"rendered":"<p>Oportunidades de patrocinio Comunica tu compromiso de fomentar el bienestar emocional y empoderar a personas, familias y organizaciones en el condado de Gwinnett; alinea a tu organizaci\u00f3n con expertos y [&hellip;]<\/p>\n","protected":false},"author":2,"featured_media":0,"parent":0,"menu_order":0,"comment_status":"closed","ping_status":"closed","template":"","meta":{"_monsterinsights_skip_tracking":false,"_monsterinsights_sitenote_active":false,"_monsterinsights_sitenote_note":"","_monsterinsights_sitenote_category":0,"footnotes":""},"class_list":["post-52193","page","type-page","status-publish","hentry"],"yoast_head":"<!-- This site is optimized with the Yoast SEO plugin v27.3 - https:\/\/yoast.com\/product\/yoast-seo-wordpress\/ -->\n<title>C\u00f3mo convertirse en patrocinador de Becoming a Resilient Gwinnett Summit - Gwinnett Coalition<\/title>\n<meta name=\"robots\" content=\"index, follow, max-snippet:-1, max-image-preview:large, max-video-preview:-1\" \/>\n<link rel=\"canonical\" href=\"https:\/\/gwinnettcoalition.org\/es\/como-convertirse-en-patrocinador-de-la-cumbre-resiliente-de-gwinnett\/\" \/>\n<meta property=\"og:locale\" content=\"es_ES\" \/>\n<meta property=\"og:type\" content=\"article\" \/>\n<meta property=\"og:title\" content=\"C\u00f3mo convertirse en patrocinador de Becoming a Resilient Gwinnett Summit - Gwinnett Coalition\" \/>\n<meta property=\"og:description\" content=\"Oportunidades de patrocinio Comunica tu compromiso de fomentar el bienestar emocional y empoderar a personas, familias y organizaciones en el condado de Gwinnett; alinea a tu organizaci\u00f3n con expertos y [&hellip;]\" \/>\n<meta property=\"og:url\" content=\"https:\/\/gwinnettcoalition.org\/es\/como-convertirse-en-patrocinador-de-la-cumbre-resiliente-de-gwinnett\/\" \/>\n<meta property=\"og:site_name\" content=\"Gwinnett Coalition\" \/>\n<meta property=\"article:publisher\" content=\"https:\/\/www.facebook.com\/GwinnettCoalition\/\" \/>\n<meta property=\"article:modified_time\" content=\"2025-08-13T16:58:49+00:00\" \/>\n<meta property=\"og:image\" content=\"https:\/\/gwinnettcoalition.org\/wp-content\/uploads\/2025\/02\/sponsorship-header.png\" \/>\n<meta name=\"twitter:card\" content=\"summary_large_image\" \/>\n<meta name=\"twitter:label1\" content=\"Tiempo de lectura\" \/>\n\t<meta name=\"twitter:data1\" content=\"2 minutos\" \/>\n<script type=\"application\/ld+json\" class=\"yoast-schema-graph\">{\"@context\":\"https:\\\/\\\/schema.org\",\"@graph\":[{\"@type\":\"WebPage\",\"@id\":\"https:\\\/\\\/gwinnettcoalition.org\\\/es\\\/como-convertirse-en-patrocinador-de-la-cumbre-resiliente-de-gwinnett\\\/\",\"url\":\"https:\\\/\\\/gwinnettcoalition.org\\\/es\\\/como-convertirse-en-patrocinador-de-la-cumbre-resiliente-de-gwinnett\\\/\",\"name\":\"C\u00f3mo convertirse en patrocinador de Becoming a Resilient Gwinnett Summit - Gwinnett Coalition\",\"isPartOf\":{\"@id\":\"https:\\\/\\\/gwinnettcoalition.org\\\/es\\\/#website\"},\"primaryImageOfPage\":{\"@id\":\"https:\\\/\\\/gwinnettcoalition.org\\\/es\\\/como-convertirse-en-patrocinador-de-la-cumbre-resiliente-de-gwinnett\\\/#primaryimage\"},\"image\":{\"@id\":\"https:\\\/\\\/gwinnettcoalition.org\\\/es\\\/como-convertirse-en-patrocinador-de-la-cumbre-resiliente-de-gwinnett\\\/#primaryimage\"},\"thumbnailUrl\":\"https:\\\/\\\/gwinnettcoalition.org\\\/wp-content\\\/uploads\\\/2025\\\/02\\\/sponsorship-header.png\",\"datePublished\":\"2025-02-20T18:13:00+00:00\",\"dateModified\":\"2025-08-13T16:58:49+00:00\",\"breadcrumb\":{\"@id\":\"https:\\\/\\\/gwinnettcoalition.org\\\/es\\\/como-convertirse-en-patrocinador-de-la-cumbre-resiliente-de-gwinnett\\\/#breadcrumb\"},\"inLanguage\":\"es\",\"potentialAction\":[{\"@type\":\"ReadAction\",\"target\":[\"https:\\\/\\\/gwinnettcoalition.org\\\/es\\\/como-convertirse-en-patrocinador-de-la-cumbre-resiliente-de-gwinnett\\\/\"]}]},{\"@type\":\"ImageObject\",\"inLanguage\":\"es\",\"@id\":\"https:\\\/\\\/gwinnettcoalition.org\\\/es\\\/como-convertirse-en-patrocinador-de-la-cumbre-resiliente-de-gwinnett\\\/#primaryimage\",\"url\":\"https:\\\/\\\/gwinnettcoalition.org\\\/wp-content\\\/uploads\\\/2025\\\/02\\\/sponsorship-header.png\",\"contentUrl\":\"https:\\\/\\\/gwinnettcoalition.org\\\/wp-content\\\/uploads\\\/2025\\\/02\\\/sponsorship-header.png\"},{\"@type\":\"BreadcrumbList\",\"@id\":\"https:\\\/\\\/gwinnettcoalition.org\\\/es\\\/como-convertirse-en-patrocinador-de-la-cumbre-resiliente-de-gwinnett\\\/#breadcrumb\",\"itemListElement\":[{\"@type\":\"ListItem\",\"position\":1,\"name\":\"Home\",\"item\":\"https:\\\/\\\/gwinnettcoalition.org\\\/es\\\/\"},{\"@type\":\"ListItem\",\"position\":2,\"name\":\"C\u00f3mo convertirse en patrocinador de Becoming a Resilient Gwinnett Summit\"}]},{\"@type\":\"WebSite\",\"@id\":\"https:\\\/\\\/gwinnettcoalition.org\\\/es\\\/#website\",\"url\":\"https:\\\/\\\/gwinnettcoalition.org\\\/es\\\/\",\"name\":\"Gwinnett\",\"description\":\"Advancing the health and well-being of Gwinnett residents.\",\"publisher\":{\"@id\":\"https:\\\/\\\/gwinnettcoalition.org\\\/es\\\/#organization\"},\"potentialAction\":[{\"@type\":\"SearchAction\",\"target\":{\"@type\":\"EntryPoint\",\"urlTemplate\":\"https:\\\/\\\/gwinnettcoalition.org\\\/es\\\/?s={search_term_string}\"},\"query-input\":{\"@type\":\"PropertyValueSpecification\",\"valueRequired\":true,\"valueName\":\"search_term_string\"}}],\"inLanguage\":\"es\"},{\"@type\":\"Organization\",\"@id\":\"https:\\\/\\\/gwinnettcoalition.org\\\/es\\\/#organization\",\"name\":\"Gwinnett\",\"url\":\"https:\\\/\\\/gwinnettcoalition.org\\\/es\\\/\",\"logo\":{\"@type\":\"ImageObject\",\"inLanguage\":\"es\",\"@id\":\"https:\\\/\\\/gwinnettcoalition.org\\\/es\\\/#\\\/schema\\\/logo\\\/image\\\/\",\"url\":\"https:\\\/\\\/gwinnettcoalition.org\\\/wp-content\\\/uploads\\\/2023\\\/10\\\/LogoHorizontal-Gwinnett-1.svg\",\"contentUrl\":\"https:\\\/\\\/gwinnettcoalition.org\\\/wp-content\\\/uploads\\\/2023\\\/10\\\/LogoHorizontal-Gwinnett-1.svg\",\"width\":183,\"height\":49,\"caption\":\"Gwinnett\"},\"image\":{\"@id\":\"https:\\\/\\\/gwinnettcoalition.org\\\/es\\\/#\\\/schema\\\/logo\\\/image\\\/\"},\"sameAs\":[\"https:\\\/\\\/www.facebook.com\\\/GwinnettCoalition\\\/\",\"https:\\\/\\\/www.instagram.com\\\/gwinnettcoalition\\\/?hl=en\",\"https:\\\/\\\/www.linkedin.com\\\/company\\\/gwinnett-coalition-for-health-and-human-services\\\/\",\"https:\\\/\\\/www.youtube.com\\\/user\\\/GreatDaysOfService\"]}]}<\/script>\n<!-- \/ Yoast SEO plugin. -->","yoast_head_json":{"title":"C\u00f3mo convertirse en patrocinador de Becoming a Resilient Gwinnett Summit - Gwinnett Coalition","robots":{"index":"index","follow":"follow","max-snippet":"max-snippet:-1","max-image-preview":"max-image-preview:large","max-video-preview":"max-video-preview:-1"},"canonical":"https:\/\/gwinnettcoalition.org\/es\/como-convertirse-en-patrocinador-de-la-cumbre-resiliente-de-gwinnett\/","og_locale":"es_ES","og_type":"article","og_title":"C\u00f3mo convertirse en patrocinador de Becoming a Resilient Gwinnett Summit - Gwinnett Coalition","og_description":"Oportunidades de patrocinio Comunica tu compromiso de fomentar el bienestar emocional y empoderar a personas, familias y organizaciones en el condado de Gwinnett; alinea a tu organizaci\u00f3n con expertos y [&hellip;]","og_url":"https:\/\/gwinnettcoalition.org\/es\/como-convertirse-en-patrocinador-de-la-cumbre-resiliente-de-gwinnett\/","og_site_name":"Gwinnett Coalition","article_publisher":"https:\/\/www.facebook.com\/GwinnettCoalition\/","article_modified_time":"2025-08-13T16:58:49+00:00","og_image":[{"url":"https:\/\/gwinnettcoalition.org\/wp-content\/uploads\/2025\/02\/sponsorship-header.png","type":"","width":"","height":""}],"twitter_card":"summary_large_image","twitter_misc":{"Tiempo de lectura":"2 minutos"},"schema":{"@context":"https:\/\/schema.org","@graph":[{"@type":"WebPage","@id":"https:\/\/gwinnettcoalition.org\/es\/como-convertirse-en-patrocinador-de-la-cumbre-resiliente-de-gwinnett\/","url":"https:\/\/gwinnettcoalition.org\/es\/como-convertirse-en-patrocinador-de-la-cumbre-resiliente-de-gwinnett\/","name":"C\u00f3mo convertirse en patrocinador de Becoming a Resilient Gwinnett Summit - Gwinnett Coalition","isPartOf":{"@id":"https:\/\/gwinnettcoalition.org\/es\/#website"},"primaryImageOfPage":{"@id":"https:\/\/gwinnettcoalition.org\/es\/como-convertirse-en-patrocinador-de-la-cumbre-resiliente-de-gwinnett\/#primaryimage"},"image":{"@id":"https:\/\/gwinnettcoalition.org\/es\/como-convertirse-en-patrocinador-de-la-cumbre-resiliente-de-gwinnett\/#primaryimage"},"thumbnailUrl":"https:\/\/gwinnettcoalition.org\/wp-content\/uploads\/2025\/02\/sponsorship-header.png","datePublished":"2025-02-20T18:13:00+00:00","dateModified":"2025-08-13T16:58:49+00:00","breadcrumb":{"@id":"https:\/\/gwinnettcoalition.org\/es\/como-convertirse-en-patrocinador-de-la-cumbre-resiliente-de-gwinnett\/#breadcrumb"},"inLanguage":"es","potentialAction":[{"@type":"ReadAction","target":["https:\/\/gwinnettcoalition.org\/es\/como-convertirse-en-patrocinador-de-la-cumbre-resiliente-de-gwinnett\/"]}]},{"@type":"ImageObject","inLanguage":"es","@id":"https:\/\/gwinnettcoalition.org\/es\/como-convertirse-en-patrocinador-de-la-cumbre-resiliente-de-gwinnett\/#primaryimage","url":"https:\/\/gwinnettcoalition.org\/wp-content\/uploads\/2025\/02\/sponsorship-header.png","contentUrl":"https:\/\/gwinnettcoalition.org\/wp-content\/uploads\/2025\/02\/sponsorship-header.png"},{"@type":"BreadcrumbList","@id":"https:\/\/gwinnettcoalition.org\/es\/como-convertirse-en-patrocinador-de-la-cumbre-resiliente-de-gwinnett\/#breadcrumb","itemListElement":[{"@type":"ListItem","position":1,"name":"Home","item":"https:\/\/gwinnettcoalition.org\/es\/"},{"@type":"ListItem","position":2,"name":"C\u00f3mo convertirse en patrocinador de Becoming a Resilient Gwinnett Summit"}]},{"@type":"WebSite","@id":"https:\/\/gwinnettcoalition.org\/es\/#website","url":"https:\/\/gwinnettcoalition.org\/es\/","name":"Gwinnett","description":"Advancing the health and well-being of Gwinnett residents.","publisher":{"@id":"https:\/\/gwinnettcoalition.org\/es\/#organization"},"potentialAction":[{"@type":"SearchAction","target":{"@type":"EntryPoint","urlTemplate":"https:\/\/gwinnettcoalition.org\/es\/?s={search_term_string}"},"query-input":{"@type":"PropertyValueSpecification","valueRequired":true,"valueName":"search_term_string"}}],"inLanguage":"es"},{"@type":"Organization","@id":"https:\/\/gwinnettcoalition.org\/es\/#organization","name":"Gwinnett","url":"https:\/\/gwinnettcoalition.org\/es\/","logo":{"@type":"ImageObject","inLanguage":"es","@id":"https:\/\/gwinnettcoalition.org\/es\/#\/schema\/logo\/image\/","url":"https:\/\/gwinnettcoalition.org\/wp-content\/uploads\/2023\/10\/LogoHorizontal-Gwinnett-1.svg","contentUrl":"https:\/\/gwinnettcoalition.org\/wp-content\/uploads\/2023\/10\/LogoHorizontal-Gwinnett-1.svg","width":183,"height":49,"caption":"Gwinnett"},"image":{"@id":"https:\/\/gwinnettcoalition.org\/es\/#\/schema\/logo\/image\/"},"sameAs":["https:\/\/www.facebook.com\/GwinnettCoalition\/","https:\/\/www.instagram.com\/gwinnettcoalition\/?hl=en","https:\/\/www.linkedin.com\/company\/gwinnett-coalition-for-health-and-human-services\/","https:\/\/www.youtube.com\/user\/GreatDaysOfService"]}]}},"_links":{"self":[{"href":"https:\/\/gwinnettcoalition.org\/es\/wp-json\/wp\/v2\/pages\/52193","targetHints":{"allow":["GET"]}}],"collection":[{"href":"https:\/\/gwinnettcoalition.org\/es\/wp-json\/wp\/v2\/pages"}],"about":[{"href":"https:\/\/gwinnettcoalition.org\/es\/wp-json\/wp\/v2\/types\/page"}],"author":[{"embeddable":true,"href":"https:\/\/gwinnettcoalition.org\/es\/wp-json\/wp\/v2\/users\/2"}],"replies":[{"embeddable":true,"href":"https:\/\/gwinnettcoalition.org\/es\/wp-json\/wp\/v2\/comments?post=52193"}],"version-history":[{"count":4,"href":"https:\/\/gwinnettcoalition.org\/es\/wp-json\/wp\/v2\/pages\/52193\/revisions"}],"predecessor-version":[{"id":52197,"href":"https:\/\/gwinnettcoalition.org\/es\/wp-json\/wp\/v2\/pages\/52193\/revisions\/52197"}],"wp:attachment":[{"href":"https:\/\/gwinnettcoalition.org\/es\/wp-json\/wp\/v2\/media?parent=52193"}],"curies":[{"name":"wp","href":"https:\/\/api.w.org\/{rel}","templated":true}]}}