{"id":52327,"date":"2024-05-22T21:06:00","date_gmt":"2024-05-22T21:06:00","guid":{"rendered":"https:\/\/gwinnettcoalition.org\/recursos-para-el-cuidado-de-ninos\/"},"modified":"2026-01-14T21:20:55","modified_gmt":"2026-01-14T21:20:55","slug":"recursos-para-el-cuidado-de-ninos","status":"publish","type":"page","link":"https:\/\/gwinnettcoalition.org\/es\/recursos-para-el-cuidado-de-ninos\/","title":{"rendered":"Recursos de Cuidado Infantil"},"content":{"rendered":"\t\t<div data-elementor-type=\"wp-page\" data-elementor-id=\"52327\" class=\"elementor elementor-52327 elementor-48564\" data-elementor-post-type=\"page\">\n\t\t\t\t<div class=\"elementor-element elementor-element-c67f3fb e-con-full e-flex e-con e-parent\" data-id=\"c67f3fb\" data-element_type=\"container\" data-e-type=\"container\" id=\"bg-img\" data-settings=\"{&quot;background_background&quot;:&quot;classic&quot;}\">\n\t\t<div class=\"elementor-element elementor-element-fb9af01 e-flex e-con-boxed e-con e-child\" data-id=\"fb9af01\" data-element_type=\"container\" data-e-type=\"container\">\n\t\t\t\t\t<div class=\"e-con-inner\">\n\t\t\t\t<div class=\"elementor-element elementor-element-a352293 elementor-widget__width-initial elementor-widget-tablet__width-inherit elementor-widget elementor-widget-heading\" data-id=\"a352293\" data-element_type=\"widget\" data-e-type=\"widget\" data-widget_type=\"heading.default\">\n\t\t\t\t<div class=\"elementor-widget-container\">\n\t\t\t\t\t<h1 class=\"elementor-heading-title elementor-size-default\">Recursos de Cuidado Infantil<\/h1>\t\t\t\t<\/div>\n\t\t\t\t<\/div>\n\t\t\t\t<div class=\"elementor-element elementor-element-f88cf8b elementor-widget__width-initial elementor-widget elementor-widget-heading\" data-id=\"f88cf8b\" data-element_type=\"widget\" data-e-type=\"widget\" data-widget_type=\"heading.default\">\n\t\t\t\t<div class=\"elementor-widget-container\">\n\t\t\t\t\t<p class=\"elementor-heading-title elementor-size-default\">Uno de los mayores desaf\u00edos que enfrentan los padres trabajadores es encontrar centros de cuidado infantil de calidad. Alentamos a las familias a explorar Quality Rated, una herramienta confiable proporcionada por el Departamento de Atenci\u00f3n y Aprendizaje Temprano de Georgia, para ayudar a encontrar programas de cuidado infantil que cumplan o superen los requisitos estatales. <\/p>\t\t\t\t<\/div>\n\t\t\t\t<\/div>\n\t\t\t\t\t<\/div>\n\t\t\t\t<\/div>\n\t\t\t\t<\/div>\n\t\t<div class=\"elementor-element elementor-element-3b96293 e-con-full e-flex e-con e-parent\" data-id=\"3b96293\" data-element_type=\"container\" data-e-type=\"container\">\n\t\t\t\t<div class=\"elementor-element elementor-element-0b668ff elementor-widget elementor-widget-heading\" data-id=\"0b668ff\" data-element_type=\"widget\" data-e-type=\"widget\" data-widget_type=\"heading.default\">\n\t\t\t\t<div class=\"elementor-widget-container\">\n\t\t\t\t\t<h2 class=\"elementor-heading-title elementor-size-default\">\u00bfBusca cuidado infantil de calidad?<\/h2>\t\t\t\t<\/div>\n\t\t\t\t<\/div>\n\t\t\t\t<\/div>\n\t\t<div class=\"elementor-element elementor-element-4c2ab8d e-con-full e-flex e-con e-parent\" data-id=\"4c2ab8d\" data-element_type=\"container\" data-e-type=\"container\">\n\t\t<div class=\"elementor-element elementor-element-3942b69 e-flex e-con-boxed e-con e-child\" data-id=\"3942b69\" data-element_type=\"container\" data-e-type=\"container\" id=\"childcare\">\n\t\t\t\t\t<div class=\"e-con-inner\">\n\t\t<div class=\"elementor-element elementor-element-bc5bf79 e-flex e-con-boxed e-con e-child\" data-id=\"bc5bf79\" data-element_type=\"container\" data-e-type=\"container\">\n\t\t\t\t\t<div class=\"e-con-inner\">\n\t\t\t\t<div class=\"elementor-element elementor-element-55e9ed5 elementor-widget__width-initial elementor-widget-tablet__width-initial elementor-widget elementor-widget-text-editor\" data-id=\"55e9ed5\" data-element_type=\"widget\" data-e-type=\"widget\" data-widget_type=\"text-editor.default\">\n\t\t\t\t<div class=\"elementor-widget-container\">\n\t\t\t\t\t\t\t\t\t<p>Quality Rated es el sistema estatal de Georgia para evaluar y mejorar los programas de cuidado infantil. Similar a los sistemas de calificaci\u00f3n para hoteles y restaurantes, Quality Rated asigna una, dos o tres estrellas a los programas de aprendizaje temprano y edad escolar que van m\u00e1s all\u00e1 de los requisitos estatales b\u00e1sicos. <\/p><p> <\/p><p>Estas calificaciones independientes, realizadas por expertos acreditados en la primera infancia, ayudan a los padres a elegir cuidado infantil de alta calidad con confianza, sabiendo que cada programa ha sido evaluado en cuanto a seguridad, entornos de aprendizaje y mejores pr\u00e1cticas.<\/p>\t\t\t\t\t\t\t\t<\/div>\n\t\t\t\t<\/div>\n\t\t\t\t<div class=\"elementor-element elementor-element-4ab30eb elementor-button-info elementor-widget elementor-widget-button\" data-id=\"4ab30eb\" data-element_type=\"widget\" data-e-type=\"widget\" data-widget_type=\"button.default\">\n\t\t\t\t<div class=\"elementor-widget-container\">\n\t\t\t\t\t\t\t\t\t<div class=\"elementor-button-wrapper\">\n\t\t\t\t\t<a class=\"elementor-button elementor-button-link elementor-size-sm\" href=\"https:\/\/families.decal.ga.gov\/\" target=\"_blank\">\n\t\t\t\t\t\t<span class=\"elementor-button-content-wrapper\">\n\t\t\t\t\t\t\t\t\t<span class=\"elementor-button-text\">Encuentre programas de cuidado infantil o Pre-K<\/span>\n\t\t\t\t\t<\/span>\n\t\t\t\t\t<\/a>\n\t\t\t\t<\/div>\n\t\t\t\t\t\t\t\t<\/div>\n\t\t\t\t<\/div>\n\t\t\t\t\t<\/div>\n\t\t\t\t<\/div>\n\t\t<div class=\"elementor-element elementor-element-d512a1b e-flex e-con-boxed e-con e-child\" data-id=\"d512a1b\" data-element_type=\"container\" data-e-type=\"container\">\n\t\t\t\t\t<div class=\"e-con-inner\">\n\t\t\t\t<div class=\"elementor-element elementor-element-8545c84 elementor-widget elementor-widget-image\" data-id=\"8545c84\" data-element_type=\"widget\" data-e-type=\"widget\" data-widget_type=\"image.default\">\n\t\t\t\t<div class=\"elementor-widget-container\">\n\t\t\t\t\t\t\t\t\t\t\t\t\t\t\t<img decoding=\"async\" src=\"https:\/\/gwinnettcoalition.org\/wp-content\/uploads\/elementor\/thumbs\/gwinnett-quality-rated-logo-qplp16id9ytd6vbdal4n0tcu3k8x9r6vtittd9ho78.png\" title=\"gwinnett-quality-rated-logo\" alt=\"gwinnett-quality-rated-logo\" loading=\"lazy\" \/>\t\t\t\t\t\t\t\t\t\t\t\t\t\t\t<\/div>\n\t\t\t\t<\/div>\n\t\t\t\t\t<\/div>\n\t\t\t\t<\/div>\n\t\t\t\t\t<\/div>\n\t\t\t\t<\/div>\n\t\t<div class=\"elementor-element elementor-element-a0aaeed e-flex e-con-boxed e-con e-child\" data-id=\"a0aaeed\" data-element_type=\"container\" data-e-type=\"container\" id=\"ymca\">\n\t\t\t\t\t<div class=\"e-con-inner\">\n\t\t<div class=\"elementor-element elementor-element-94f7922 e-flex e-con-boxed e-con e-child\" data-id=\"94f7922\" data-element_type=\"container\" data-e-type=\"container\">\n\t\t\t\t\t<div class=\"e-con-inner\">\n\t\t\t\t<div class=\"elementor-element elementor-element-f57c47b elementor-widget elementor-widget-image\" data-id=\"f57c47b\" data-element_type=\"widget\" data-e-type=\"widget\" data-widget_type=\"image.default\">\n\t\t\t\t<div class=\"elementor-widget-container\">\n\t\t\t\t\t\t\t\t\t\t\t\t\t\t\t<img fetchpriority=\"high\" decoding=\"async\" width=\"366\" height=\"280\" src=\"https:\/\/gwinnettcoalition.org\/wp-content\/uploads\/2024\/05\/140-1401233_black-ymca-logo-hd-png-download.webp\" class=\"attachment-large size-large wp-image-48579\" alt=\"\" srcset=\"https:\/\/gwinnettcoalition.org\/wp-content\/uploads\/2024\/05\/140-1401233_black-ymca-logo-hd-png-download.webp 366w, https:\/\/gwinnettcoalition.org\/wp-content\/uploads\/2024\/05\/140-1401233_black-ymca-logo-hd-png-download-300x230.webp 300w\" sizes=\"(max-width: 366px) 100vw, 366px\" \/>\t\t\t\t\t\t\t\t\t\t\t\t\t\t\t<\/div>\n\t\t\t\t<\/div>\n\t\t\t\t\t<\/div>\n\t\t\t\t<\/div>\n\t\t<div class=\"elementor-element elementor-element-4b773e8 e-flex e-con-boxed e-con e-child\" data-id=\"4b773e8\" data-element_type=\"container\" data-e-type=\"container\">\n\t\t\t\t\t<div class=\"e-con-inner\">\n\t\t\t\t<div class=\"elementor-element elementor-element-69927b0 elementor-widget__width-initial elementor-widget-tablet__width-initial elementor-widget elementor-widget-text-editor\" data-id=\"69927b0\" data-element_type=\"widget\" data-e-type=\"widget\" data-widget_type=\"text-editor.default\">\n\t\t\t\t<div class=\"elementor-widget-container\">\n\t\t\t\t\t\t\t\t\t<p>Nuestras YMCA locales<a style=\"color: #f7f7f7; text-decoration: underline;\" href=\"https:\/\/ymcaatlanta.org\/locations\/jm-tull-gwinnett-family-ymca\" target=\"_blank\" rel=\"noopener\">(JM Tull YMCA<\/a> y <a style=\"color: #f7f7f7; text-decoration: underline;\" href=\"https:\/\/ymcaatlanta.org\/locations\/robert-d-fowler-family-ymca\" target=\"_blank\" rel=\"noopener\">Fowler YMCA<\/a>) ofrecen programas extraescolares y servicios de guarder\u00eda los d\u00edas que no hay clases. Tambi\u00e9n tienen algunos programas de becas condicionadas para familias necesitadas que podr\u00edan hacer de \u00e9sta una opci\u00f3n ideal para tu familia. <\/p><p>Los YMCA sirven a estudiantes que asisten a estas escuelas: Benefield, Cooper, Lovin, Mulberry, Cedar Hill, Craig, Jenkins, Lawrenceville, Pharr, Simonton, Starling, Winn Holt, Graves, Nesbit, Stripling, Berkeley Lake, Peachtree y Simonton.<\/p>\t\t\t\t\t\t\t\t<\/div>\n\t\t\t\t<\/div>\n\t\t\t\t<div class=\"elementor-element elementor-element-ec65bf9 elementor-button-info elementor-widget elementor-widget-button\" data-id=\"ec65bf9\" data-element_type=\"widget\" data-e-type=\"widget\" data-widget_type=\"button.default\">\n\t\t\t\t<div class=\"elementor-widget-container\">\n\t\t\t\t\t\t\t\t\t<div class=\"elementor-button-wrapper\">\n\t\t\t\t\t<a class=\"elementor-button elementor-button-link elementor-size-sm\" href=\"https:\/\/ymcaatlanta.org\/learning\/afterschool\" target=\"_blank\">\n\t\t\t\t\t\t<span class=\"elementor-button-content-wrapper\">\n\t\t\t\t\t\t\t\t\t<span class=\"elementor-button-text\">Saber m\u00e1s<\/span>\n\t\t\t\t\t<\/span>\n\t\t\t\t\t<\/a>\n\t\t\t\t<\/div>\n\t\t\t\t\t\t\t\t<\/div>\n\t\t\t\t<\/div>\n\t\t\t\t\t<\/div>\n\t\t\t\t<\/div>\n\t\t\t\t\t<\/div>\n\t\t\t\t<\/div>\n\t\t\t\t<\/div>\n\t\t<div class=\"elementor-element elementor-element-d0d2cee e-flex e-con-boxed e-con e-parent\" data-id=\"d0d2cee\" data-element_type=\"container\" data-e-type=\"container\">\n\t\t\t\t\t<div class=\"e-con-inner\">\n\t\t\t\t\t<\/div>\n\t\t\t\t<\/div>\n\t\t\t\t<\/div>\n\t\t","protected":false},"excerpt":{"rendered":"<p>Recursos de Cuidado Infantil Uno de los mayores desaf\u00edos que enfrentan los padres trabajadores es encontrar centros de cuidado infantil de calidad. Alentamos a las familias a explorar Quality Rated, [&hellip;]<\/p>\n","protected":false},"author":1,"featured_media":0,"parent":0,"menu_order":0,"comment_status":"closed","ping_status":"closed","template":"","meta":{"_monsterinsights_skip_tracking":false,"_monsterinsights_sitenote_active":false,"_monsterinsights_sitenote_note":"","_monsterinsights_sitenote_category":0,"footnotes":""},"class_list":["post-52327","page","type-page","status-publish","hentry"],"yoast_head":"<!-- This site is optimized with the Yoast SEO plugin v27.4 - https:\/\/yoast.com\/product\/yoast-seo-wordpress\/ -->\n<title>Recursos de Cuidado Infantil - Gwinnett Coalition<\/title>\n<meta name=\"description\" content=\"Explora los recursos de guarder\u00eda del condado de Gwinnett, como Quality Rated y YMCA.\" \/>\n<meta name=\"robots\" content=\"index, follow, max-snippet:-1, max-image-preview:large, max-video-preview:-1\" \/>\n<link rel=\"canonical\" href=\"https:\/\/gwinnettcoalition.org\/es\/recursos-para-el-cuidado-de-ninos\/\" \/>\n<meta property=\"og:locale\" content=\"es_ES\" \/>\n<meta property=\"og:type\" content=\"article\" \/>\n<meta property=\"og:title\" content=\"Recursos de Cuidado Infantil - Gwinnett Coalition\" \/>\n<meta property=\"og:description\" content=\"Explora los recursos de guarder\u00eda del condado de Gwinnett, como Quality Rated y YMCA.\" \/>\n<meta property=\"og:url\" content=\"https:\/\/gwinnettcoalition.org\/es\/recursos-para-el-cuidado-de-ninos\/\" \/>\n<meta property=\"og:site_name\" content=\"Gwinnett Coalition\" \/>\n<meta property=\"article:publisher\" content=\"https:\/\/www.facebook.com\/GwinnettCoalition\/\" \/>\n<meta property=\"article:modified_time\" content=\"2026-01-14T21:20:55+00:00\" \/>\n<meta property=\"og:image\" content=\"https:\/\/gwinnettcoalition.org\/wp-content\/uploads\/elementor\/thumbs\/gwinnett-quality-rated-logo-qplp16id9ytd6vbdal4n0tcu3k8x9r6vtittd9ho78.png\" \/>\n<meta name=\"twitter:card\" content=\"summary_large_image\" \/>\n<meta name=\"twitter:label1\" content=\"Tiempo de lectura\" \/>\n\t<meta name=\"twitter:data1\" content=\"1 minuto\" \/>\n<script type=\"application\/ld+json\" class=\"yoast-schema-graph\">{\"@context\":\"https:\\\/\\\/schema.org\",\"@graph\":[{\"@type\":\"WebPage\",\"@id\":\"https:\\\/\\\/gwinnettcoalition.org\\\/es\\\/recursos-para-el-cuidado-de-ninos\\\/\",\"url\":\"https:\\\/\\\/gwinnettcoalition.org\\\/es\\\/recursos-para-el-cuidado-de-ninos\\\/\",\"name\":\"Recursos de Cuidado Infantil - Gwinnett Coalition\",\"isPartOf\":{\"@id\":\"https:\\\/\\\/gwinnettcoalition.org\\\/es\\\/#website\"},\"primaryImageOfPage\":{\"@id\":\"https:\\\/\\\/gwinnettcoalition.org\\\/es\\\/recursos-para-el-cuidado-de-ninos\\\/#primaryimage\"},\"image\":{\"@id\":\"https:\\\/\\\/gwinnettcoalition.org\\\/es\\\/recursos-para-el-cuidado-de-ninos\\\/#primaryimage\"},\"thumbnailUrl\":\"https:\\\/\\\/gwinnettcoalition.org\\\/wp-content\\\/uploads\\\/elementor\\\/thumbs\\\/gwinnett-quality-rated-logo-qplp16id9ytd6vbdal4n0tcu3k8x9r6vtittd9ho78.png\",\"datePublished\":\"2024-05-22T21:06:00+00:00\",\"dateModified\":\"2026-01-14T21:20:55+00:00\",\"description\":\"Explora los recursos de guarder\u00eda del condado de Gwinnett, como Quality Rated y YMCA.\",\"breadcrumb\":{\"@id\":\"https:\\\/\\\/gwinnettcoalition.org\\\/es\\\/recursos-para-el-cuidado-de-ninos\\\/#breadcrumb\"},\"inLanguage\":\"es\",\"potentialAction\":[{\"@type\":\"ReadAction\",\"target\":[\"https:\\\/\\\/gwinnettcoalition.org\\\/es\\\/recursos-para-el-cuidado-de-ninos\\\/\"]}]},{\"@type\":\"ImageObject\",\"inLanguage\":\"es\",\"@id\":\"https:\\\/\\\/gwinnettcoalition.org\\\/es\\\/recursos-para-el-cuidado-de-ninos\\\/#primaryimage\",\"url\":\"https:\\\/\\\/gwinnettcoalition.org\\\/wp-content\\\/uploads\\\/elementor\\\/thumbs\\\/gwinnett-quality-rated-logo-qplp16id9ytd6vbdal4n0tcu3k8x9r6vtittd9ho78.png\",\"contentUrl\":\"https:\\\/\\\/gwinnettcoalition.org\\\/wp-content\\\/uploads\\\/elementor\\\/thumbs\\\/gwinnett-quality-rated-logo-qplp16id9ytd6vbdal4n0tcu3k8x9r6vtittd9ho78.png\"},{\"@type\":\"BreadcrumbList\",\"@id\":\"https:\\\/\\\/gwinnettcoalition.org\\\/es\\\/recursos-para-el-cuidado-de-ninos\\\/#breadcrumb\",\"itemListElement\":[{\"@type\":\"ListItem\",\"position\":1,\"name\":\"Home\",\"item\":\"https:\\\/\\\/gwinnettcoalition.org\\\/es\\\/\"},{\"@type\":\"ListItem\",\"position\":2,\"name\":\"Recursos de Cuidado Infantil\"}]},{\"@type\":\"WebSite\",\"@id\":\"https:\\\/\\\/gwinnettcoalition.org\\\/es\\\/#website\",\"url\":\"https:\\\/\\\/gwinnettcoalition.org\\\/es\\\/\",\"name\":\"Gwinnett\",\"description\":\"Advancing the health and well-being of Gwinnett residents.\",\"publisher\":{\"@id\":\"https:\\\/\\\/gwinnettcoalition.org\\\/es\\\/#organization\"},\"potentialAction\":[{\"@type\":\"SearchAction\",\"target\":{\"@type\":\"EntryPoint\",\"urlTemplate\":\"https:\\\/\\\/gwinnettcoalition.org\\\/es\\\/?s={search_term_string}\"},\"query-input\":{\"@type\":\"PropertyValueSpecification\",\"valueRequired\":true,\"valueName\":\"search_term_string\"}}],\"inLanguage\":\"es\"},{\"@type\":\"Organization\",\"@id\":\"https:\\\/\\\/gwinnettcoalition.org\\\/es\\\/#organization\",\"name\":\"Gwinnett\",\"url\":\"https:\\\/\\\/gwinnettcoalition.org\\\/es\\\/\",\"logo\":{\"@type\":\"ImageObject\",\"inLanguage\":\"es\",\"@id\":\"https:\\\/\\\/gwinnettcoalition.org\\\/es\\\/#\\\/schema\\\/logo\\\/image\\\/\",\"url\":\"https:\\\/\\\/gwinnettcoalition.org\\\/wp-content\\\/uploads\\\/2023\\\/10\\\/LogoHorizontal-Gwinnett-1.svg\",\"contentUrl\":\"https:\\\/\\\/gwinnettcoalition.org\\\/wp-content\\\/uploads\\\/2023\\\/10\\\/LogoHorizontal-Gwinnett-1.svg\",\"width\":183,\"height\":49,\"caption\":\"Gwinnett\"},\"image\":{\"@id\":\"https:\\\/\\\/gwinnettcoalition.org\\\/es\\\/#\\\/schema\\\/logo\\\/image\\\/\"},\"sameAs\":[\"https:\\\/\\\/www.facebook.com\\\/GwinnettCoalition\\\/\",\"https:\\\/\\\/www.instagram.com\\\/gwinnettcoalition\\\/?hl=en\",\"https:\\\/\\\/www.linkedin.com\\\/company\\\/gwinnett-coalition-for-health-and-human-services\\\/\",\"https:\\\/\\\/www.youtube.com\\\/user\\\/GreatDaysOfService\"]}]}<\/script>\n<!-- \/ Yoast SEO plugin. -->","yoast_head_json":{"title":"Recursos de Cuidado Infantil - Gwinnett Coalition","description":"Explora los recursos de guarder\u00eda del condado de Gwinnett, como Quality Rated y YMCA.","robots":{"index":"index","follow":"follow","max-snippet":"max-snippet:-1","max-image-preview":"max-image-preview:large","max-video-preview":"max-video-preview:-1"},"canonical":"https:\/\/gwinnettcoalition.org\/es\/recursos-para-el-cuidado-de-ninos\/","og_locale":"es_ES","og_type":"article","og_title":"Recursos de Cuidado Infantil - Gwinnett Coalition","og_description":"Explora los recursos de guarder\u00eda del condado de Gwinnett, como Quality Rated y YMCA.","og_url":"https:\/\/gwinnettcoalition.org\/es\/recursos-para-el-cuidado-de-ninos\/","og_site_name":"Gwinnett Coalition","article_publisher":"https:\/\/www.facebook.com\/GwinnettCoalition\/","article_modified_time":"2026-01-14T21:20:55+00:00","og_image":[{"url":"https:\/\/gwinnettcoalition.org\/wp-content\/uploads\/elementor\/thumbs\/gwinnett-quality-rated-logo-qplp16id9ytd6vbdal4n0tcu3k8x9r6vtittd9ho78.png","type":"","width":"","height":""}],"twitter_card":"summary_large_image","twitter_misc":{"Tiempo de lectura":"1 minuto"},"schema":{"@context":"https:\/\/schema.org","@graph":[{"@type":"WebPage","@id":"https:\/\/gwinnettcoalition.org\/es\/recursos-para-el-cuidado-de-ninos\/","url":"https:\/\/gwinnettcoalition.org\/es\/recursos-para-el-cuidado-de-ninos\/","name":"Recursos de Cuidado Infantil - Gwinnett Coalition","isPartOf":{"@id":"https:\/\/gwinnettcoalition.org\/es\/#website"},"primaryImageOfPage":{"@id":"https:\/\/gwinnettcoalition.org\/es\/recursos-para-el-cuidado-de-ninos\/#primaryimage"},"image":{"@id":"https:\/\/gwinnettcoalition.org\/es\/recursos-para-el-cuidado-de-ninos\/#primaryimage"},"thumbnailUrl":"https:\/\/gwinnettcoalition.org\/wp-content\/uploads\/elementor\/thumbs\/gwinnett-quality-rated-logo-qplp16id9ytd6vbdal4n0tcu3k8x9r6vtittd9ho78.png","datePublished":"2024-05-22T21:06:00+00:00","dateModified":"2026-01-14T21:20:55+00:00","description":"Explora los recursos de guarder\u00eda del condado de Gwinnett, como Quality Rated y YMCA.","breadcrumb":{"@id":"https:\/\/gwinnettcoalition.org\/es\/recursos-para-el-cuidado-de-ninos\/#breadcrumb"},"inLanguage":"es","potentialAction":[{"@type":"ReadAction","target":["https:\/\/gwinnettcoalition.org\/es\/recursos-para-el-cuidado-de-ninos\/"]}]},{"@type":"ImageObject","inLanguage":"es","@id":"https:\/\/gwinnettcoalition.org\/es\/recursos-para-el-cuidado-de-ninos\/#primaryimage","url":"https:\/\/gwinnettcoalition.org\/wp-content\/uploads\/elementor\/thumbs\/gwinnett-quality-rated-logo-qplp16id9ytd6vbdal4n0tcu3k8x9r6vtittd9ho78.png","contentUrl":"https:\/\/gwinnettcoalition.org\/wp-content\/uploads\/elementor\/thumbs\/gwinnett-quality-rated-logo-qplp16id9ytd6vbdal4n0tcu3k8x9r6vtittd9ho78.png"},{"@type":"BreadcrumbList","@id":"https:\/\/gwinnettcoalition.org\/es\/recursos-para-el-cuidado-de-ninos\/#breadcrumb","itemListElement":[{"@type":"ListItem","position":1,"name":"Home","item":"https:\/\/gwinnettcoalition.org\/es\/"},{"@type":"ListItem","position":2,"name":"Recursos de Cuidado Infantil"}]},{"@type":"WebSite","@id":"https:\/\/gwinnettcoalition.org\/es\/#website","url":"https:\/\/gwinnettcoalition.org\/es\/","name":"Gwinnett","description":"Advancing the health and well-being of Gwinnett residents.","publisher":{"@id":"https:\/\/gwinnettcoalition.org\/es\/#organization"},"potentialAction":[{"@type":"SearchAction","target":{"@type":"EntryPoint","urlTemplate":"https:\/\/gwinnettcoalition.org\/es\/?s={search_term_string}"},"query-input":{"@type":"PropertyValueSpecification","valueRequired":true,"valueName":"search_term_string"}}],"inLanguage":"es"},{"@type":"Organization","@id":"https:\/\/gwinnettcoalition.org\/es\/#organization","name":"Gwinnett","url":"https:\/\/gwinnettcoalition.org\/es\/","logo":{"@type":"ImageObject","inLanguage":"es","@id":"https:\/\/gwinnettcoalition.org\/es\/#\/schema\/logo\/image\/","url":"https:\/\/gwinnettcoalition.org\/wp-content\/uploads\/2023\/10\/LogoHorizontal-Gwinnett-1.svg","contentUrl":"https:\/\/gwinnettcoalition.org\/wp-content\/uploads\/2023\/10\/LogoHorizontal-Gwinnett-1.svg","width":183,"height":49,"caption":"Gwinnett"},"image":{"@id":"https:\/\/gwinnettcoalition.org\/es\/#\/schema\/logo\/image\/"},"sameAs":["https:\/\/www.facebook.com\/GwinnettCoalition\/","https:\/\/www.instagram.com\/gwinnettcoalition\/?hl=en","https:\/\/www.linkedin.com\/company\/gwinnett-coalition-for-health-and-human-services\/","https:\/\/www.youtube.com\/user\/GreatDaysOfService"]}]}},"_links":{"self":[{"href":"https:\/\/gwinnettcoalition.org\/es\/wp-json\/wp\/v2\/pages\/52327","targetHints":{"allow":["GET"]}}],"collection":[{"href":"https:\/\/gwinnettcoalition.org\/es\/wp-json\/wp\/v2\/pages"}],"about":[{"href":"https:\/\/gwinnettcoalition.org\/es\/wp-json\/wp\/v2\/types\/page"}],"author":[{"embeddable":true,"href":"https:\/\/gwinnettcoalition.org\/es\/wp-json\/wp\/v2\/users\/1"}],"replies":[{"embeddable":true,"href":"https:\/\/gwinnettcoalition.org\/es\/wp-json\/wp\/v2\/comments?post=52327"}],"version-history":[{"count":8,"href":"https:\/\/gwinnettcoalition.org\/es\/wp-json\/wp\/v2\/pages\/52327\/revisions"}],"predecessor-version":[{"id":53500,"href":"https:\/\/gwinnettcoalition.org\/es\/wp-json\/wp\/v2\/pages\/52327\/revisions\/53500"}],"wp:attachment":[{"href":"https:\/\/gwinnettcoalition.org\/es\/wp-json\/wp\/v2\/media?parent=52327"}],"curies":[{"name":"wp","href":"https:\/\/api.w.org\/{rel}","templated":true}]}}