{"id":52372,"date":"2024-10-02T20:42:09","date_gmt":"2024-10-02T20:42:09","guid":{"rendered":"https:\/\/gwinnettcoalition.org\/desarrollo-de-capacidades-sin-animo-de-lucro-2\/"},"modified":"2026-01-14T17:19:30","modified_gmt":"2026-01-14T17:19:30","slug":"desarrollo-de-capacidades-sin-animo-de-lucro-2","status":"publish","type":"page","link":"https:\/\/gwinnettcoalition.org\/es\/desarrollo-de-capacidades-sin-animo-de-lucro-2\/","title":{"rendered":"Nonprofit Capacity Building"},"content":{"rendered":"\t\t<div data-elementor-type=\"wp-page\" data-elementor-id=\"52372\" class=\"elementor elementor-52372 elementor-49899\" data-elementor-post-type=\"page\">\n\t\t\t\t<div class=\"elementor-element elementor-element-82117e6 e-flex e-con-boxed e-con e-parent\" data-id=\"82117e6\" data-element_type=\"container\" data-e-type=\"container\" data-settings=\"{&quot;background_background&quot;:&quot;classic&quot;}\">\n\t\t\t\t\t<div class=\"e-con-inner\">\n\t\t<div class=\"elementor-element elementor-element-b626f14 e-con-full e-flex e-con e-child\" data-id=\"b626f14\" data-element_type=\"container\" data-e-type=\"container\">\n\t\t\t\t<div class=\"elementor-element elementor-element-33f04d7 elementor-widget__width-initial elementor-widget elementor-widget-heading\" data-id=\"33f04d7\" data-element_type=\"widget\" data-e-type=\"widget\" data-widget_type=\"heading.default\">\n\t\t\t\t<div class=\"elementor-widget-container\">\n\t\t\t\t\t<h1 class=\"elementor-heading-title elementor-size-default\">Nonprofit Capacity Building<\/h1>\t\t\t\t<\/div>\n\t\t\t\t<\/div>\n\t\t\t\t<\/div>\n\t\t\t\t\t<\/div>\n\t\t\t\t<\/div>\n\t\t<div class=\"elementor-element elementor-element-56a7c15 e-flex e-con-boxed e-con e-parent\" data-id=\"56a7c15\" data-element_type=\"container\" data-e-type=\"container\" data-settings=\"{&quot;background_background&quot;:&quot;classic&quot;}\">\n\t\t\t\t\t<div class=\"e-con-inner\">\n\t\t<div class=\"elementor-element elementor-element-9b21523 e-con-full e-flex e-con e-child\" data-id=\"9b21523\" data-element_type=\"container\" data-e-type=\"container\">\n\t\t<div class=\"elementor-element elementor-element-cd35ce6 e-con-full e-flex e-con e-child\" data-id=\"cd35ce6\" data-element_type=\"container\" data-e-type=\"container\">\n\t\t\t\t<div class=\"elementor-element elementor-element-8577e70 elementor-widget__width-inherit elementor-widget elementor-widget-text-editor\" data-id=\"8577e70\" data-element_type=\"widget\" data-e-type=\"widget\" data-widget_type=\"text-editor.default\">\n\t\t\t\t<div class=\"elementor-widget-container\">\n\t\t\t\t\t\t\t\t\t<h2>Qu\u00e9 es<\/h2>\t\t\t\t\t\t\t\t<\/div>\n\t\t\t\t<\/div>\n\t\t\t\t<div class=\"elementor-element elementor-element-3da28d8 elementor-widget elementor-widget-text-editor\" data-id=\"3da28d8\" data-element_type=\"widget\" data-e-type=\"widget\" data-widget_type=\"text-editor.default\">\n\t\t\t\t<div class=\"elementor-widget-container\">\n\t\t\t\t\t\t\t\t\t<p>En tiempos de incertidumbre econ\u00f3mica y necesidades comunitarias cambiantes, las organizaciones sin fines de lucro son m\u00e1s esenciales y est\u00e1n m\u00e1s presionadas que nunca. Nuestra <strong>iniciativa de fortalecimiento de capacidades (capacity building)<\/strong> ayuda a las organizaciones a enfrentar este momento reforzando los sistemas internos que hacen posible su trabajo. A trav\u00e9s de recursos pr\u00e1cticos, capacitaci\u00f3n experta y apoyo personalizado, ayudamos a las organizaciones sin fines de lucro a mejorar c\u00f3mo operan, gestionan programas y sirven a sus comunidades.  <\/p><p> <\/p><p>Cuando las organizaciones sin fines de lucro tienen habilidades, estructuras y estrategias m\u00e1s fuertes, pueden brindar servicios de manera m\u00e1s eficiente y con mayor impacto. A medida que las organizaciones en todo nuestro ecosistema crecen juntas a trav\u00e9s de la colaboraci\u00f3n y la asociaci\u00f3n, nuestra comunidad se equipa mejor para satisfacer las necesidades de m\u00e1s de un mill\u00f3n de residentes de Gwinnett. <\/p>\t\t\t\t\t\t\t\t<\/div>\n\t\t\t\t<\/div>\n\t\t\t\t<\/div>\n\t\t<div class=\"elementor-element elementor-element-ff0e621 e-con-full e-flex e-con e-child\" data-id=\"ff0e621\" data-element_type=\"container\" data-e-type=\"container\">\n\t\t<div class=\"elementor-element elementor-element-ea84bd9 e-con-full e-flex e-con e-child\" data-id=\"ea84bd9\" data-element_type=\"container\" data-e-type=\"container\">\n\t\t<div class=\"elementor-element elementor-element-5dda7a0 e-con-full e-flex e-con e-child\" data-id=\"5dda7a0\" data-element_type=\"container\" data-e-type=\"container\">\n\t\t<div class=\"elementor-element elementor-element-34e8f98 e-con-full e-flex e-con e-child\" data-id=\"34e8f98\" data-element_type=\"container\" data-e-type=\"container\">\n\t\t\t\t<div class=\"elementor-element elementor-element-995dced elementor-widget elementor-widget-image\" data-id=\"995dced\" data-element_type=\"widget\" data-e-type=\"widget\" data-widget_type=\"image.default\">\n\t\t\t\t<div class=\"elementor-widget-container\">\n\t\t\t\t\t\t\t\t\t\t\t\t\t\t\t<img fetchpriority=\"high\" decoding=\"async\" width=\"555\" height=\"527\" src=\"https:\/\/gwinnettcoalition.org\/wp-content\/uploads\/2024\/10\/gwinnett-nonprofit-image1.png\" class=\"attachment-full size-full wp-image-50280\" alt=\"gwinnett-nonprofit- image2\" srcset=\"https:\/\/gwinnettcoalition.org\/wp-content\/uploads\/2024\/10\/gwinnett-nonprofit-image1.png 555w, https:\/\/gwinnettcoalition.org\/wp-content\/uploads\/2024\/10\/gwinnett-nonprofit-image1-300x285.png 300w\" sizes=\"(max-width: 555px) 100vw, 555px\" \/>\t\t\t\t\t\t\t\t\t\t\t\t\t\t\t<\/div>\n\t\t\t\t<\/div>\n\t\t\t\t<\/div>\n\t\t\t\t<\/div>\n\t\t\t\t<\/div>\n\t\t\t\t<\/div>\n\t\t\t\t<\/div>\n\t\t\t\t\t<\/div>\n\t\t\t\t<\/div>\n\t\t<div class=\"elementor-element elementor-element-50f6ae9 e-flex e-con-boxed e-con e-parent\" data-id=\"50f6ae9\" data-element_type=\"container\" data-e-type=\"container\" id=\"nonprofit-section\" data-settings=\"{&quot;background_background&quot;:&quot;classic&quot;}\">\n\t\t\t\t\t<div class=\"e-con-inner\">\n\t\t<div class=\"elementor-element elementor-element-6b1ad6e e-con-full e-flex e-con e-child\" data-id=\"6b1ad6e\" data-element_type=\"container\" data-e-type=\"container\">\n\t\t<div class=\"elementor-element elementor-element-470aa52 e-con-full elementor-hidden-mobile e-flex e-con e-child\" data-id=\"470aa52\" data-element_type=\"container\" data-e-type=\"container\">\n\t\t\t\t<\/div>\n\t\t<div class=\"elementor-element elementor-element-1f7c6c7 e-con-full e-flex e-con e-child\" data-id=\"1f7c6c7\" data-element_type=\"container\" data-e-type=\"container\">\n\t\t\t\t<div class=\"elementor-element elementor-element-1b53b8d elementor-widget__width-inherit elementor-widget elementor-widget-text-editor\" data-id=\"1b53b8d\" data-element_type=\"widget\" data-e-type=\"widget\" data-widget_type=\"text-editor.default\">\n\t\t\t\t<div class=\"elementor-widget-container\">\n\t\t\t\t\t\t\t\t\t<h2>C\u00f3mo encaja el fortalecimiento de capacidades en nuestra misi\u00f3n<\/h2>\t\t\t\t\t\t\t\t<\/div>\n\t\t\t\t<\/div>\n\t\t\t\t<div class=\"elementor-element elementor-element-05ca260 elementor-widget elementor-widget-text-editor\" data-id=\"05ca260\" data-element_type=\"widget\" data-e-type=\"widget\" data-widget_type=\"text-editor.default\">\n\t\t\t\t<div class=\"elementor-widget-container\">\n\t\t\t\t\t\t\t\t\t<p>La Gwinnett Coalition tiene como objetivo promover la equidad y el bienestar comunitario. En coherencia con nuestro papel como la <span style=\"text-decoration: underline;\"><strong><a href=\"https:\/\/gafcp.org\/\">Colaborativa de Conexi\u00f3n Familiar (Family Connection Collaborative) <\/a><\/strong><\/span>del condado de Gwinnett, visualizamos un Gwinnett donde: <\/p><p> <\/p><ul><li>Todos los ni\u00f1os est\u00e9n sanos, listos para la escuela y tengan \u00e9xito cuando lleguen all\u00ed.<\/li><li>Las familias sean estables, autosuficientes y productivas.<\/li><li>Las comunidades sean vibrantes, robustas y pr\u00f3speras.<\/li><\/ul><p> <\/p><p>Cuando el sector sin fines de lucro es fuerte, toda la comunidad se beneficia, creando un Gwinnett m\u00e1s equitativo, resiliente y saludable.<\/p>\t\t\t\t\t\t\t\t<\/div>\n\t\t\t\t<\/div>\n\t\t\t\t<\/div>\n\t\t\t\t<\/div>\n\t\t\t\t\t<\/div>\n\t\t\t\t<\/div>\n\t\t<div class=\"elementor-element elementor-element-8f41d04 e-flex e-con-boxed e-con e-parent\" data-id=\"8f41d04\" data-element_type=\"container\" data-e-type=\"container\" data-settings=\"{&quot;background_background&quot;:&quot;classic&quot;}\">\n\t\t\t\t\t<div class=\"e-con-inner\">\n\t\t<div class=\"elementor-element elementor-element-a8914b6 e-con-full e-flex e-con e-child\" data-id=\"a8914b6\" data-element_type=\"container\" data-e-type=\"container\">\n\t\t<div class=\"elementor-element elementor-element-b775531 e-con-full e-flex e-con e-child\" data-id=\"b775531\" data-element_type=\"container\" data-e-type=\"container\">\n\t\t\t\t<div class=\"elementor-element elementor-element-50a1069 elementor-widget__width-initial elementor-widget elementor-widget-text-editor\" data-id=\"50a1069\" data-element_type=\"widget\" data-e-type=\"widget\" data-widget_type=\"text-editor.default\">\n\t\t\t\t<div class=\"elementor-widget-container\">\n\t\t\t\t\t\t\t\t\t<h2 style=\"text-align: left;\">Lo que estamos haciendo<\/h2>\t\t\t\t\t\t\t\t<\/div>\n\t\t\t\t<\/div>\n\t\t\t\t<div class=\"elementor-element elementor-element-3f9029b elementor-widget elementor-widget-text-editor\" data-id=\"3f9029b\" data-element_type=\"widget\" data-e-type=\"widget\" data-widget_type=\"text-editor.default\">\n\t\t\t\t<div class=\"elementor-widget-container\">\n\t\t\t\t\t\t\t\t\t<p>La <span style=\"text-decoration: underline;\"><a href=\"https:\/\/gwinnettcoalition.org\/es\/coalicion-sin-animo-de-lucro-de-gwinnett\/\">Gwinnett Nonprofit Coalition (GNC)<\/a><\/span> es nuestra iniciativa de fortalecimiento de capacidades. Est\u00e1 compuesta por una gran red de organizaciones sin fines de lucro que conecta a sus miembros con recursos valiosos, experiencia y oportunidades para colaborar y crecer. <\/p><p> <\/p><p>La membres\u00eda a la GNC brinda acceso a:<\/p><p> <\/p><ul><li><span style=\"text-decoration: underline;\"><a href=\"https:\/\/members.gwinnettcoalition.org\/atlas\/directory\/search\">Directorio de organizaciones sin fines de lucro<\/a><\/span> en l\u00ednea.<\/li><li>Desarrollo de liderazgo.<\/li><li>Fundamentos esenciales para organizaciones sin fines de lucro.<\/li><li>Aprendizaje entre pares (Peer-to-peer learning).<\/li><li>Eventos de networking.<\/li><li>Herramientas y recursos de pol\u00edtica p\u00fablica.<\/li><\/ul><p> <\/p><p>En 2025, la GNC realiz\u00f3 <strong>20 <\/strong>eventos con <strong>550 <\/strong>asistentes. Esto incluy\u00f3 series de networking, pol\u00edtica p\u00fablica y aprendizaje y desarrollo. <\/p>\t\t\t\t\t\t\t\t<\/div>\n\t\t\t\t<\/div>\n\t\t\t\t<\/div>\n\t\t\t\t<\/div>\n\t\t\t\t\t<\/div>\n\t\t\t\t<\/div>\n\t\t<div class=\"elementor-element elementor-element-3ee1f5d e-flex e-con-boxed e-con e-parent\" data-id=\"3ee1f5d\" data-element_type=\"container\" data-e-type=\"container\" data-settings=\"{&quot;background_background&quot;:&quot;classic&quot;}\">\n\t\t\t\t\t<div class=\"e-con-inner\">\n\t\t<div class=\"elementor-element elementor-element-37d0674 e-grid e-con-full e-con e-child\" data-id=\"37d0674\" data-element_type=\"container\" data-e-type=\"container\">\n\t\t\t\t<div class=\"elementor-element elementor-element-f5ad09c elementor-widget elementor-widget-text-editor\" data-id=\"f5ad09c\" data-element_type=\"widget\" data-e-type=\"widget\" data-widget_type=\"text-editor.default\">\n\t\t\t\t<div class=\"elementor-widget-container\">\n\t\t\t\t\t\t\t\t\t<p>Conocemos Gwinnett. Conocemos a las organizaciones sin fines de lucro. <span style=\"text-align: center;\">\u00a1\u00danase a nosotros mientras somos pioneros en un nuevo camino hacia una mayor sostenibilidad e impacto!Come and join us as we pioneer a new path to increased sustainability and impact!<\/span><\/p><p> <\/p><p><strong>\u00bfEs usted miembro?<\/strong> Revise su listado en nuestro <span style=\"text-decoration: underline;\"><strong><a href=\"https:\/\/members.gwinnettcoalition.org\/atlas\/directory\/all-categories\">directorio de miembros.<\/a><\/strong><\/span><\/p><p> <\/p><p><strong>\u00bfQuiere hacerse miembro?<\/strong> Complete nuestro <strong><span style=\"text-decoration: underline;\"><a href=\"https:\/\/members.gwinnettcoalition.org\/atlas\/forms\/8\">formulario<\/a><\/span><\/strong>.<\/p>\t\t\t\t\t\t\t\t<\/div>\n\t\t\t\t<\/div>\n\t\t<div class=\"elementor-element elementor-element-d61f6ee e-con-full e-flex e-con e-child\" data-id=\"d61f6ee\" data-element_type=\"container\" data-e-type=\"container\">\n\t\t\t\t<div class=\"elementor-element elementor-element-786aa7c elementor-widget elementor-widget-image\" data-id=\"786aa7c\" data-element_type=\"widget\" data-e-type=\"widget\" data-widget_type=\"image.default\">\n\t\t\t\t<div class=\"elementor-widget-container\">\n\t\t\t\t\t\t\t\t\t\t\t\t\t\t\t<img decoding=\"async\" width=\"1315\" height=\"534\" src=\"https:\/\/gwinnettcoalition.org\/wp-content\/uploads\/2024\/10\/why-gwinnett-coalition-image.png\" class=\"attachment-full size-full wp-image-50290\" alt=\"why-gwinnett-coalition-image\" srcset=\"https:\/\/gwinnettcoalition.org\/wp-content\/uploads\/2024\/10\/why-gwinnett-coalition-image.png 1315w, https:\/\/gwinnettcoalition.org\/wp-content\/uploads\/2024\/10\/why-gwinnett-coalition-image-300x122.png 300w, https:\/\/gwinnettcoalition.org\/wp-content\/uploads\/2024\/10\/why-gwinnett-coalition-image-1024x416.png 1024w, https:\/\/gwinnettcoalition.org\/wp-content\/uploads\/2024\/10\/why-gwinnett-coalition-image-768x312.png 768w\" sizes=\"(max-width: 1315px) 100vw, 1315px\" \/>\t\t\t\t\t\t\t\t\t\t\t\t\t\t\t<\/div>\n\t\t\t\t<\/div>\n\t\t\t\t<\/div>\n\t\t\t\t<\/div>\n\t\t\t\t\t<\/div>\n\t\t\t\t<\/div>\n\t\t\t\t<\/div>\n\t\t","protected":false},"excerpt":{"rendered":"<p>Nonprofit Capacity Building Qu\u00e9 es En tiempos de incertidumbre econ\u00f3mica y necesidades comunitarias cambiantes, las organizaciones sin fines de lucro son m\u00e1s esenciales y est\u00e1n m\u00e1s presionadas que nunca. Nuestra [&hellip;]<\/p>\n","protected":false},"author":1,"featured_media":0,"parent":0,"menu_order":0,"comment_status":"closed","ping_status":"closed","template":"","meta":{"_monsterinsights_skip_tracking":false,"_monsterinsights_sitenote_active":false,"_monsterinsights_sitenote_note":"","_monsterinsights_sitenote_category":0,"footnotes":""},"class_list":["post-52372","page","type-page","status-publish","hentry"],"yoast_head":"<!-- This site is optimized with the Yoast SEO plugin v27.3 - https:\/\/yoast.com\/product\/yoast-seo-wordpress\/ -->\n<title>Nonprofit Capacity Building - Gwinnett Coalition<\/title>\n<meta name=\"description\" content=\"Con recursos pr\u00e1cticos, capacitaci\u00f3n experta y apoyo personalizado, ayudamos a las organizaciones sin fines de lucro a mejorar c\u00f3mo operan y sirven a sus comunidades.\" \/>\n<meta name=\"robots\" content=\"index, follow, max-snippet:-1, max-image-preview:large, max-video-preview:-1\" \/>\n<link rel=\"canonical\" href=\"https:\/\/gwinnettcoalition.org\/es\/desarrollo-de-capacidades-sin-animo-de-lucro-2\/\" \/>\n<meta property=\"og:locale\" content=\"es_ES\" \/>\n<meta property=\"og:type\" content=\"article\" \/>\n<meta property=\"og:title\" content=\"Nonprofit Capacity Building - Gwinnett Coalition\" \/>\n<meta property=\"og:description\" content=\"Con recursos pr\u00e1cticos, capacitaci\u00f3n experta y apoyo personalizado, ayudamos a las organizaciones sin fines de lucro a mejorar c\u00f3mo operan y sirven a sus comunidades.\" \/>\n<meta property=\"og:url\" content=\"https:\/\/gwinnettcoalition.org\/es\/desarrollo-de-capacidades-sin-animo-de-lucro-2\/\" \/>\n<meta property=\"og:site_name\" content=\"Gwinnett Coalition\" \/>\n<meta property=\"article:publisher\" content=\"https:\/\/www.facebook.com\/GwinnettCoalition\/\" \/>\n<meta property=\"article:modified_time\" content=\"2026-01-14T17:19:30+00:00\" \/>\n<meta property=\"og:image\" content=\"https:\/\/gwinnettcoalition.org\/wp-content\/uploads\/2024\/10\/gwinnett-nonprofit-image1.png\" \/>\n\t<meta property=\"og:image:width\" content=\"555\" \/>\n\t<meta property=\"og:image:height\" content=\"527\" \/>\n\t<meta property=\"og:image:type\" content=\"image\/png\" \/>\n<meta name=\"twitter:card\" content=\"summary_large_image\" \/>\n<meta name=\"twitter:label1\" content=\"Tiempo de lectura\" \/>\n\t<meta name=\"twitter:data1\" content=\"2 minutos\" \/>\n<script type=\"application\/ld+json\" class=\"yoast-schema-graph\">{\"@context\":\"https:\\\/\\\/schema.org\",\"@graph\":[{\"@type\":\"WebPage\",\"@id\":\"https:\\\/\\\/gwinnettcoalition.org\\\/es\\\/desarrollo-de-capacidades-sin-animo-de-lucro-2\\\/\",\"url\":\"https:\\\/\\\/gwinnettcoalition.org\\\/es\\\/desarrollo-de-capacidades-sin-animo-de-lucro-2\\\/\",\"name\":\"Nonprofit Capacity Building - Gwinnett Coalition\",\"isPartOf\":{\"@id\":\"https:\\\/\\\/gwinnettcoalition.org\\\/es\\\/#website\"},\"primaryImageOfPage\":{\"@id\":\"https:\\\/\\\/gwinnettcoalition.org\\\/es\\\/desarrollo-de-capacidades-sin-animo-de-lucro-2\\\/#primaryimage\"},\"image\":{\"@id\":\"https:\\\/\\\/gwinnettcoalition.org\\\/es\\\/desarrollo-de-capacidades-sin-animo-de-lucro-2\\\/#primaryimage\"},\"thumbnailUrl\":\"https:\\\/\\\/gwinnettcoalition.org\\\/wp-content\\\/uploads\\\/2024\\\/10\\\/gwinnett-nonprofit-image1.png\",\"datePublished\":\"2024-10-02T20:42:09+00:00\",\"dateModified\":\"2026-01-14T17:19:30+00:00\",\"description\":\"Con recursos pr\u00e1cticos, capacitaci\u00f3n experta y apoyo personalizado, ayudamos a las organizaciones sin fines de lucro a mejorar c\u00f3mo operan y sirven a sus comunidades.\",\"breadcrumb\":{\"@id\":\"https:\\\/\\\/gwinnettcoalition.org\\\/es\\\/desarrollo-de-capacidades-sin-animo-de-lucro-2\\\/#breadcrumb\"},\"inLanguage\":\"es\",\"potentialAction\":[{\"@type\":\"ReadAction\",\"target\":[\"https:\\\/\\\/gwinnettcoalition.org\\\/es\\\/desarrollo-de-capacidades-sin-animo-de-lucro-2\\\/\"]}]},{\"@type\":\"ImageObject\",\"inLanguage\":\"es\",\"@id\":\"https:\\\/\\\/gwinnettcoalition.org\\\/es\\\/desarrollo-de-capacidades-sin-animo-de-lucro-2\\\/#primaryimage\",\"url\":\"https:\\\/\\\/gwinnettcoalition.org\\\/wp-content\\\/uploads\\\/2024\\\/10\\\/gwinnett-nonprofit-image1.png\",\"contentUrl\":\"https:\\\/\\\/gwinnettcoalition.org\\\/wp-content\\\/uploads\\\/2024\\\/10\\\/gwinnett-nonprofit-image1.png\"},{\"@type\":\"BreadcrumbList\",\"@id\":\"https:\\\/\\\/gwinnettcoalition.org\\\/es\\\/desarrollo-de-capacidades-sin-animo-de-lucro-2\\\/#breadcrumb\",\"itemListElement\":[{\"@type\":\"ListItem\",\"position\":1,\"name\":\"Home\",\"item\":\"https:\\\/\\\/gwinnettcoalition.org\\\/es\\\/\"},{\"@type\":\"ListItem\",\"position\":2,\"name\":\"Nonprofit Capacity Building\"}]},{\"@type\":\"WebSite\",\"@id\":\"https:\\\/\\\/gwinnettcoalition.org\\\/es\\\/#website\",\"url\":\"https:\\\/\\\/gwinnettcoalition.org\\\/es\\\/\",\"name\":\"Gwinnett\",\"description\":\"Advancing the health and well-being of Gwinnett residents.\",\"publisher\":{\"@id\":\"https:\\\/\\\/gwinnettcoalition.org\\\/es\\\/#organization\"},\"potentialAction\":[{\"@type\":\"SearchAction\",\"target\":{\"@type\":\"EntryPoint\",\"urlTemplate\":\"https:\\\/\\\/gwinnettcoalition.org\\\/es\\\/?s={search_term_string}\"},\"query-input\":{\"@type\":\"PropertyValueSpecification\",\"valueRequired\":true,\"valueName\":\"search_term_string\"}}],\"inLanguage\":\"es\"},{\"@type\":\"Organization\",\"@id\":\"https:\\\/\\\/gwinnettcoalition.org\\\/es\\\/#organization\",\"name\":\"Gwinnett\",\"url\":\"https:\\\/\\\/gwinnettcoalition.org\\\/es\\\/\",\"logo\":{\"@type\":\"ImageObject\",\"inLanguage\":\"es\",\"@id\":\"https:\\\/\\\/gwinnettcoalition.org\\\/es\\\/#\\\/schema\\\/logo\\\/image\\\/\",\"url\":\"https:\\\/\\\/gwinnettcoalition.org\\\/wp-content\\\/uploads\\\/2023\\\/10\\\/LogoHorizontal-Gwinnett-1.svg\",\"contentUrl\":\"https:\\\/\\\/gwinnettcoalition.org\\\/wp-content\\\/uploads\\\/2023\\\/10\\\/LogoHorizontal-Gwinnett-1.svg\",\"width\":183,\"height\":49,\"caption\":\"Gwinnett\"},\"image\":{\"@id\":\"https:\\\/\\\/gwinnettcoalition.org\\\/es\\\/#\\\/schema\\\/logo\\\/image\\\/\"},\"sameAs\":[\"https:\\\/\\\/www.facebook.com\\\/GwinnettCoalition\\\/\",\"https:\\\/\\\/www.instagram.com\\\/gwinnettcoalition\\\/?hl=en\",\"https:\\\/\\\/www.linkedin.com\\\/company\\\/gwinnett-coalition-for-health-and-human-services\\\/\",\"https:\\\/\\\/www.youtube.com\\\/user\\\/GreatDaysOfService\"]}]}<\/script>\n<!-- \/ Yoast SEO plugin. -->","yoast_head_json":{"title":"Nonprofit Capacity Building - Gwinnett Coalition","description":"Con recursos pr\u00e1cticos, capacitaci\u00f3n experta y apoyo personalizado, ayudamos a las organizaciones sin fines de lucro a mejorar c\u00f3mo operan y sirven a sus comunidades.","robots":{"index":"index","follow":"follow","max-snippet":"max-snippet:-1","max-image-preview":"max-image-preview:large","max-video-preview":"max-video-preview:-1"},"canonical":"https:\/\/gwinnettcoalition.org\/es\/desarrollo-de-capacidades-sin-animo-de-lucro-2\/","og_locale":"es_ES","og_type":"article","og_title":"Nonprofit Capacity Building - Gwinnett Coalition","og_description":"Con recursos pr\u00e1cticos, capacitaci\u00f3n experta y apoyo personalizado, ayudamos a las organizaciones sin fines de lucro a mejorar c\u00f3mo operan y sirven a sus comunidades.","og_url":"https:\/\/gwinnettcoalition.org\/es\/desarrollo-de-capacidades-sin-animo-de-lucro-2\/","og_site_name":"Gwinnett Coalition","article_publisher":"https:\/\/www.facebook.com\/GwinnettCoalition\/","article_modified_time":"2026-01-14T17:19:30+00:00","og_image":[{"width":555,"height":527,"url":"https:\/\/gwinnettcoalition.org\/wp-content\/uploads\/2024\/10\/gwinnett-nonprofit-image1.png","type":"image\/png"}],"twitter_card":"summary_large_image","twitter_misc":{"Tiempo de lectura":"2 minutos"},"schema":{"@context":"https:\/\/schema.org","@graph":[{"@type":"WebPage","@id":"https:\/\/gwinnettcoalition.org\/es\/desarrollo-de-capacidades-sin-animo-de-lucro-2\/","url":"https:\/\/gwinnettcoalition.org\/es\/desarrollo-de-capacidades-sin-animo-de-lucro-2\/","name":"Nonprofit Capacity Building - Gwinnett Coalition","isPartOf":{"@id":"https:\/\/gwinnettcoalition.org\/es\/#website"},"primaryImageOfPage":{"@id":"https:\/\/gwinnettcoalition.org\/es\/desarrollo-de-capacidades-sin-animo-de-lucro-2\/#primaryimage"},"image":{"@id":"https:\/\/gwinnettcoalition.org\/es\/desarrollo-de-capacidades-sin-animo-de-lucro-2\/#primaryimage"},"thumbnailUrl":"https:\/\/gwinnettcoalition.org\/wp-content\/uploads\/2024\/10\/gwinnett-nonprofit-image1.png","datePublished":"2024-10-02T20:42:09+00:00","dateModified":"2026-01-14T17:19:30+00:00","description":"Con recursos pr\u00e1cticos, capacitaci\u00f3n experta y apoyo personalizado, ayudamos a las organizaciones sin fines de lucro a mejorar c\u00f3mo operan y sirven a sus comunidades.","breadcrumb":{"@id":"https:\/\/gwinnettcoalition.org\/es\/desarrollo-de-capacidades-sin-animo-de-lucro-2\/#breadcrumb"},"inLanguage":"es","potentialAction":[{"@type":"ReadAction","target":["https:\/\/gwinnettcoalition.org\/es\/desarrollo-de-capacidades-sin-animo-de-lucro-2\/"]}]},{"@type":"ImageObject","inLanguage":"es","@id":"https:\/\/gwinnettcoalition.org\/es\/desarrollo-de-capacidades-sin-animo-de-lucro-2\/#primaryimage","url":"https:\/\/gwinnettcoalition.org\/wp-content\/uploads\/2024\/10\/gwinnett-nonprofit-image1.png","contentUrl":"https:\/\/gwinnettcoalition.org\/wp-content\/uploads\/2024\/10\/gwinnett-nonprofit-image1.png"},{"@type":"BreadcrumbList","@id":"https:\/\/gwinnettcoalition.org\/es\/desarrollo-de-capacidades-sin-animo-de-lucro-2\/#breadcrumb","itemListElement":[{"@type":"ListItem","position":1,"name":"Home","item":"https:\/\/gwinnettcoalition.org\/es\/"},{"@type":"ListItem","position":2,"name":"Nonprofit Capacity Building"}]},{"@type":"WebSite","@id":"https:\/\/gwinnettcoalition.org\/es\/#website","url":"https:\/\/gwinnettcoalition.org\/es\/","name":"Gwinnett","description":"Advancing the health and well-being of Gwinnett residents.","publisher":{"@id":"https:\/\/gwinnettcoalition.org\/es\/#organization"},"potentialAction":[{"@type":"SearchAction","target":{"@type":"EntryPoint","urlTemplate":"https:\/\/gwinnettcoalition.org\/es\/?s={search_term_string}"},"query-input":{"@type":"PropertyValueSpecification","valueRequired":true,"valueName":"search_term_string"}}],"inLanguage":"es"},{"@type":"Organization","@id":"https:\/\/gwinnettcoalition.org\/es\/#organization","name":"Gwinnett","url":"https:\/\/gwinnettcoalition.org\/es\/","logo":{"@type":"ImageObject","inLanguage":"es","@id":"https:\/\/gwinnettcoalition.org\/es\/#\/schema\/logo\/image\/","url":"https:\/\/gwinnettcoalition.org\/wp-content\/uploads\/2023\/10\/LogoHorizontal-Gwinnett-1.svg","contentUrl":"https:\/\/gwinnettcoalition.org\/wp-content\/uploads\/2023\/10\/LogoHorizontal-Gwinnett-1.svg","width":183,"height":49,"caption":"Gwinnett"},"image":{"@id":"https:\/\/gwinnettcoalition.org\/es\/#\/schema\/logo\/image\/"},"sameAs":["https:\/\/www.facebook.com\/GwinnettCoalition\/","https:\/\/www.instagram.com\/gwinnettcoalition\/?hl=en","https:\/\/www.linkedin.com\/company\/gwinnett-coalition-for-health-and-human-services\/","https:\/\/www.youtube.com\/user\/GreatDaysOfService"]}]}},"_links":{"self":[{"href":"https:\/\/gwinnettcoalition.org\/es\/wp-json\/wp\/v2\/pages\/52372","targetHints":{"allow":["GET"]}}],"collection":[{"href":"https:\/\/gwinnettcoalition.org\/es\/wp-json\/wp\/v2\/pages"}],"about":[{"href":"https:\/\/gwinnettcoalition.org\/es\/wp-json\/wp\/v2\/types\/page"}],"author":[{"embeddable":true,"href":"https:\/\/gwinnettcoalition.org\/es\/wp-json\/wp\/v2\/users\/1"}],"replies":[{"embeddable":true,"href":"https:\/\/gwinnettcoalition.org\/es\/wp-json\/wp\/v2\/comments?post=52372"}],"version-history":[{"count":9,"href":"https:\/\/gwinnettcoalition.org\/es\/wp-json\/wp\/v2\/pages\/52372\/revisions"}],"predecessor-version":[{"id":53480,"href":"https:\/\/gwinnettcoalition.org\/es\/wp-json\/wp\/v2\/pages\/52372\/revisions\/53480"}],"wp:attachment":[{"href":"https:\/\/gwinnettcoalition.org\/es\/wp-json\/wp\/v2\/media?parent=52372"}],"curies":[{"name":"wp","href":"https:\/\/api.w.org\/{rel}","templated":true}]}}