{"id":55701,"date":"2026-03-31T12:27:28","date_gmt":"2026-03-31T12:27:28","guid":{"rendered":"https:\/\/gwinnettcoalition.org\/llamada-general-mensual\/"},"modified":"2026-04-20T16:12:21","modified_gmt":"2026-04-20T16:12:21","slug":"llamada-general-mensual","status":"publish","type":"page","link":"https:\/\/gwinnettcoalition.org\/es\/llamada-general-mensual\/","title":{"rendered":"Llamada General Mensual"},"content":{"rendered":"\t\t<div data-elementor-type=\"wp-page\" data-elementor-id=\"55701\" class=\"elementor elementor-55701 elementor-55053\" data-elementor-post-type=\"page\">\n\t\t\t\t<div class=\"elementor-element elementor-element-be6a745 e-flex e-con-boxed e-con e-parent\" data-id=\"be6a745\" data-element_type=\"container\" data-e-type=\"container\" data-settings=\"{&quot;background_background&quot;:&quot;classic&quot;}\">\n\t\t\t\t\t<div class=\"e-con-inner\">\n\t\t\t\t<div class=\"elementor-element elementor-element-91ac6b7 elementor-widget elementor-widget-heading\" data-id=\"91ac6b7\" data-element_type=\"widget\" data-e-type=\"widget\" data-widget_type=\"heading.default\">\n\t\t\t\t<div class=\"elementor-widget-container\">\n\t\t\t\t\t<h1 class=\"elementor-heading-title elementor-size-default\">Llamada General Mensual<\/h1>\t\t\t\t<\/div>\n\t\t\t\t<\/div>\n\t\t\t\t\t<\/div>\n\t\t\t\t<\/div>\n\t\t<div class=\"elementor-element elementor-element-37b0815 e-flex e-con-boxed e-con e-parent\" data-id=\"37b0815\" data-element_type=\"container\" data-e-type=\"container\">\n\t\t\t\t\t<div class=\"e-con-inner\">\n\t\t<div class=\"elementor-element elementor-element-792f328 e-con-full e-flex e-con e-child\" data-id=\"792f328\" data-element_type=\"container\" data-e-type=\"container\">\n\t\t\t\t<div class=\"elementor-element elementor-element-cd04dca elementor-widget elementor-widget-image\" data-id=\"cd04dca\" data-element_type=\"widget\" data-e-type=\"widget\" data-widget_type=\"image.default\">\n\t\t\t\t<div class=\"elementor-widget-container\">\n\t\t\t\t\t\t\t\t\t\t\t\t\t\t\t<img fetchpriority=\"high\" decoding=\"async\" width=\"443\" height=\"575\" src=\"https:\/\/gwinnettcoalition.org\/wp-content\/uploads\/2026\/04\/montly-all-call-image.webp\" class=\"attachment-large size-large wp-image-55554\" alt=\"montly all call image\" srcset=\"https:\/\/gwinnettcoalition.org\/wp-content\/uploads\/2026\/04\/montly-all-call-image.webp 443w, https:\/\/gwinnettcoalition.org\/wp-content\/uploads\/2026\/04\/montly-all-call-image-231x300.webp 231w\" sizes=\"(max-width: 443px) 100vw, 443px\" \/>\t\t\t\t\t\t\t\t\t\t\t\t\t\t\t<\/div>\n\t\t\t\t<\/div>\n\t\t\t\t<\/div>\n\t\t<div class=\"elementor-element elementor-element-e1f739a e-con-full e-flex e-con e-child\" data-id=\"e1f739a\" data-element_type=\"container\" data-e-type=\"container\">\n\t\t\t\t<div class=\"elementor-element elementor-element-ff7d0d4 elementor-widget elementor-widget-text-editor\" data-id=\"ff7d0d4\" data-element_type=\"widget\" data-e-type=\"widget\" data-widget_type=\"text-editor.default\">\n\t\t\t\t<div class=\"elementor-widget-container\">\n\t\t\t\t\t\t\t\t\t<p>La Llamada General es el informe mensual de la Coalici\u00f3n de Gwinnett para organizaciones y l\u00edderes sin fines de lucro.<\/p><p> <\/p><p>Realizada el \u00faltimo lunes de cada mes de 4:00 a 5:00 PM por Zoom, esta llamada peri\u00f3dica ofrece presentaciones enfocadas y de alto valor sobre los temas que est\u00e1n definiendo nuestro sector en este momento. Solo informaci\u00f3n relevante, actualizaciones importantes y conclusiones pr\u00e1cticas sobre las que puede actuar. <\/p><p> <\/p><p>Cada sesi\u00f3n cuenta con expertos en la materia y socios comunitarios que abordan temas de actualidad como tendencias de financiamiento, cambios en pol\u00edticas, necesidades comunitarias emergentes, colaboraci\u00f3n intersectorial y estrategias para el fortalecimiento de capacidades.<\/p>\t\t\t\t\t\t\t\t<\/div>\n\t\t\t\t<\/div>\n\t\t\t\t<\/div>\n\t\t\t\t\t<\/div>\n\t\t\t\t<\/div>\n\t\t<div class=\"elementor-element elementor-element-04a3c77 e-flex e-con-boxed e-con e-parent\" data-id=\"04a3c77\" data-element_type=\"container\" data-e-type=\"container\" data-settings=\"{&quot;background_background&quot;:&quot;classic&quot;}\">\n\t\t\t\t\t<div class=\"e-con-inner\">\n\t\t<div class=\"elementor-element elementor-element-3bb3a4d e-con-full e-flex e-con e-child\" data-id=\"3bb3a4d\" data-element_type=\"container\" data-e-type=\"container\">\n\t\t<div class=\"elementor-element elementor-element-c6aa8de e-con-full e-flex e-con e-child\" data-id=\"c6aa8de\" data-element_type=\"container\" data-e-type=\"container\">\n\t\t\t\t<div class=\"elementor-element elementor-element-c00138b elementor-widget elementor-widget-heading\" data-id=\"c00138b\" data-element_type=\"widget\" data-e-type=\"widget\" data-widget_type=\"heading.default\">\n\t\t\t\t<div class=\"elementor-widget-container\">\n\t\t\t\t\t<h2 class=\"elementor-heading-title elementor-size-default\">Por qu\u00e9 es importante<\/h2>\t\t\t\t<\/div>\n\t\t\t\t<\/div>\n\t\t\t\t<\/div>\n\t\t<div class=\"elementor-element elementor-element-593045a e-con-full e-flex e-con e-child\" data-id=\"593045a\" data-element_type=\"container\" data-e-type=\"container\">\n\t\t<div class=\"elementor-element elementor-element-9a5e884 e-con-full e-flex e-con e-child\" data-id=\"9a5e884\" data-element_type=\"container\" data-e-type=\"container\">\n\t\t\t\t<div class=\"elementor-element elementor-element-ad6fc22 elementor-widget elementor-widget-image\" data-id=\"ad6fc22\" data-element_type=\"widget\" data-e-type=\"widget\" data-widget_type=\"image.default\">\n\t\t\t\t<div class=\"elementor-widget-container\">\n\t\t\t\t\t\t\t\t\t\t\t\t\t\t\t<img decoding=\"async\" width=\"64\" height=\"64\" src=\"https:\/\/gwinnettcoalition.org\/wp-content\/uploads\/2026\/04\/icons-01-1.svg\" class=\"attachment-large size-large wp-image-55556\" alt=\"icons-01 1\" \/>\t\t\t\t\t\t\t\t\t\t\t\t\t\t\t<\/div>\n\t\t\t\t<\/div>\n\t\t\t\t<div class=\"elementor-element elementor-element-6a12566 elementor-widget elementor-widget-text-editor\" data-id=\"6a12566\" data-element_type=\"widget\" data-e-type=\"widget\" data-widget_type=\"text-editor.default\">\n\t\t\t\t<div class=\"elementor-widget-container\">\n\t\t\t\t\t\t\t\t\t<p>Mant\u00e9ngase a la vanguardia de los cambios en el sector<\/p>\t\t\t\t\t\t\t\t<\/div>\n\t\t\t\t<\/div>\n\t\t\t\t<\/div>\n\t\t<div class=\"elementor-element elementor-element-ee769d8 e-con-full e-flex e-con e-child\" data-id=\"ee769d8\" data-element_type=\"container\" data-e-type=\"container\">\n\t\t\t\t<div class=\"elementor-element elementor-element-bef8558 elementor-widget elementor-widget-image\" data-id=\"bef8558\" data-element_type=\"widget\" data-e-type=\"widget\" data-widget_type=\"image.default\">\n\t\t\t\t<div class=\"elementor-widget-container\">\n\t\t\t\t\t\t\t\t\t\t\t\t\t\t\t<img decoding=\"async\" width=\"62\" height=\"64\" src=\"https:\/\/gwinnettcoalition.org\/wp-content\/uploads\/2026\/04\/icons-02-1.svg\" class=\"attachment-large size-large wp-image-55558\" alt=\"icons-02 1\" \/>\t\t\t\t\t\t\t\t\t\t\t\t\t\t\t<\/div>\n\t\t\t\t<\/div>\n\t\t\t\t<div class=\"elementor-element elementor-element-71b20bc elementor-widget elementor-widget-text-editor\" data-id=\"71b20bc\" data-element_type=\"widget\" data-e-type=\"widget\" data-widget_type=\"text-editor.default\">\n\t\t\t\t<div class=\"elementor-widget-container\">\n\t\t\t\t\t\t\t\t\t<p>Fortalezca la alineaci\u00f3n dentro de la comunidad sin fines de lucro<\/p>\t\t\t\t\t\t\t\t<\/div>\n\t\t\t\t<\/div>\n\t\t\t\t<\/div>\n\t\t<div class=\"elementor-element elementor-element-3f9a641 e-con-full e-flex e-con e-child\" data-id=\"3f9a641\" data-element_type=\"container\" data-e-type=\"container\">\n\t\t\t\t<div class=\"elementor-element elementor-element-4aa3737 elementor-widget elementor-widget-image\" data-id=\"4aa3737\" data-element_type=\"widget\" data-e-type=\"widget\" data-widget_type=\"image.default\">\n\t\t\t\t<div class=\"elementor-widget-container\">\n\t\t\t\t\t\t\t\t\t\t\t\t\t\t\t<img loading=\"lazy\" decoding=\"async\" width=\"63\" height=\"64\" src=\"https:\/\/gwinnettcoalition.org\/wp-content\/uploads\/2026\/04\/icons-03-1.svg\" class=\"attachment-large size-large wp-image-55560\" alt=\"icons-03 1\" \/>\t\t\t\t\t\t\t\t\t\t\t\t\t\t\t<\/div>\n\t\t\t\t<\/div>\n\t\t\t\t<div class=\"elementor-element elementor-element-7405652 elementor-widget elementor-widget-text-editor\" data-id=\"7405652\" data-element_type=\"widget\" data-e-type=\"widget\" data-widget_type=\"text-editor.default\">\n\t\t\t\t<div class=\"elementor-widget-container\">\n\t\t\t\t\t\t\t\t\t<p>Tome decisiones estrat\u00e9gicas informadas<\/p>\t\t\t\t\t\t\t\t<\/div>\n\t\t\t\t<\/div>\n\t\t\t\t<\/div>\n\t\t<div class=\"elementor-element elementor-element-269c6b8 e-con-full e-flex e-con e-child\" data-id=\"269c6b8\" data-element_type=\"container\" data-e-type=\"container\">\n\t\t\t\t<div class=\"elementor-element elementor-element-46b342f elementor-widget elementor-widget-image\" data-id=\"46b342f\" data-element_type=\"widget\" data-e-type=\"widget\" data-widget_type=\"image.default\">\n\t\t\t\t<div class=\"elementor-widget-container\">\n\t\t\t\t\t\t\t\t\t\t\t\t\t\t\t<img loading=\"lazy\" decoding=\"async\" width=\"64\" height=\"64\" src=\"https:\/\/gwinnettcoalition.org\/wp-content\/uploads\/2026\/04\/icons-04-1.svg\" class=\"attachment-large size-large wp-image-55562\" alt=\"\" \/>\t\t\t\t\t\t\t\t\t\t\t\t\t\t\t<\/div>\n\t\t\t\t<\/div>\n\t\t\t\t<div class=\"elementor-element elementor-element-640a768 elementor-widget__width-initial elementor-widget elementor-widget-text-editor\" data-id=\"640a768\" data-element_type=\"widget\" data-e-type=\"widget\" data-widget_type=\"text-editor.default\">\n\t\t\t\t<div class=\"elementor-widget-container\">\n\t\t\t\t\t\t\t\t\t<p>Acceda a informaci\u00f3n confiable y actualizada en una hora<\/p>\t\t\t\t\t\t\t\t<\/div>\n\t\t\t\t<\/div>\n\t\t\t\t<\/div>\n\t\t\t\t<\/div>\n\t\t\t\t<\/div>\n\t\t\t\t\t<\/div>\n\t\t\t\t<\/div>\n\t\t<div class=\"elementor-element elementor-element-b6c1514 e-flex e-con-boxed e-con e-parent\" data-id=\"b6c1514\" data-element_type=\"container\" data-e-type=\"container\">\n\t\t\t\t\t<div class=\"e-con-inner\">\n\t\t<div class=\"elementor-element elementor-element-e3145d0 e-con-full e-flex e-con e-child\" data-id=\"e3145d0\" data-element_type=\"container\" data-e-type=\"container\">\n\t\t\t\t<div class=\"elementor-element elementor-element-5e89c41 elementor-widget elementor-widget-heading\" data-id=\"5e89c41\" data-element_type=\"widget\" data-e-type=\"widget\" data-widget_type=\"heading.default\">\n\t\t\t\t<div class=\"elementor-widget-container\">\n\t\t\t\t\t<h2 class=\"elementor-heading-title elementor-size-default\">Pr\u00f3xima Llamada General<\/h2>\t\t\t\t<\/div>\n\t\t\t\t<\/div>\n\t\t\t\t<div class=\"elementor-element elementor-element-b72297f elementor-widget elementor-widget-text-editor\" data-id=\"b72297f\" data-element_type=\"widget\" data-e-type=\"widget\" data-widget_type=\"text-editor.default\">\n\t\t\t\t<div class=\"elementor-widget-container\">\n\t\t\t\t\t\t\t\t\t<p>\u00danase a nuestra Llamada General de abril el 27 de abril | 4\u20135 PM (Zoom), donde presentaremos a Gwinnett <a href=\"https:\/\/buildingbabiesbrains.com\/\" target=\"_blank\" rel=\"noopener\">Building Babies\u2019 Brains<\/a> y analizaremos su \u00faltimo informe de impacto. Hablaremos sobre por qu\u00e9 el aprendizaje temprano comienza desde el nacimiento y c\u00f3mo las herramientas y el apoyo adecuados pueden marcar la diferencia. <\/p><p>Si usted lidera una organizaci\u00f3n sin fines de lucro, esta llamada debe estar en su calendario.<\/p><p><strong>\u00daltimo lunes. Cada mes. 4\u20135 PM. Por Zoom.   <\/strong><\/p>\t\t\t\t\t\t\t\t<\/div>\n\t\t\t\t<\/div>\n\t\t\t\t<div class=\"elementor-element elementor-element-353662f elementor-widget elementor-widget-button\" data-id=\"353662f\" data-element_type=\"widget\" data-e-type=\"widget\" data-widget_type=\"button.default\">\n\t\t\t\t<div class=\"elementor-widget-container\">\n\t\t\t\t\t\t\t\t\t<div class=\"elementor-button-wrapper\">\n\t\t\t\t\t<a class=\"elementor-button elementor-button-link elementor-size-sm\" href=\"https:\/\/us06web.zoom.us\/j\/83154972595#success\" target=\"_blank\">\n\t\t\t\t\t\t<span class=\"elementor-button-content-wrapper\">\n\t\t\t\t\t\t\t\t\t<span class=\"elementor-button-text\">Enlace de Zoom<\/span>\n\t\t\t\t\t<\/span>\n\t\t\t\t\t<\/a>\n\t\t\t\t<\/div>\n\t\t\t\t\t\t\t\t<\/div>\n\t\t\t\t<\/div>\n\t\t\t\t<\/div>\n\t\t<div class=\"elementor-element elementor-element-2fe92af e-con-full e-flex e-con e-child\" data-id=\"2fe92af\" data-element_type=\"container\" data-e-type=\"container\" data-settings=\"{&quot;background_background&quot;:&quot;classic&quot;}\">\n\t\t\t\t<div class=\"elementor-element elementor-element-61d44e8 elementor-widget elementor-widget-heading\" data-id=\"61d44e8\" data-element_type=\"widget\" data-e-type=\"widget\" data-widget_type=\"heading.default\">\n\t\t\t\t<div class=\"elementor-widget-container\">\n\t\t\t\t\t<h2 class=\"elementor-heading-title elementor-size-default\">Llamadas Generales Anteriores<\/h2>\t\t\t\t<\/div>\n\t\t\t\t<\/div>\n\t\t\t\t<div class=\"elementor-element elementor-element-1ffbb6d elementor-widget-tablet__width-initial elementor-widget elementor-widget-text-editor\" data-id=\"1ffbb6d\" data-element_type=\"widget\" data-e-type=\"widget\" data-widget_type=\"text-editor.default\">\n\t\t\t\t<div class=\"elementor-widget-container\">\n\t\t\t\t\t\t\t\t\t<ul><li><span style=\"text-decoration: underline;\"><a href=\"https:\/\/www.youtube.com\/watch?v=8LB49fC7AHQ\" target=\"_blank\" rel=\"noopener\">Marzo 2026: Requisitos de trabajo de SNAP y Medicaid<\/a><\/span><\/li><li><span style=\"text-decoration: underline;\"><a href=\"https:\/\/www.youtube.com\/watch?v=PwamEyiDQIQ\" target=\"_blank\" rel=\"noopener\">Enero 2026: Actualizaciones de la Coalici\u00f3n de Gwinnett<\/a><\/span><\/li><li><span style=\"text-decoration: underline;\"><a href=\"https:\/\/www.youtube.com\/watch?v=ICLUVWqQ2mE\" target=\"_blank\" rel=\"noopener\">Noviembre 2025: Ley One Big Beautiful Bill Act: Lo que las organizaciones sin fines de lucro necesitan saber<\/a><\/span><\/li><li><span style=\"text-decoration: underline;\"><a href=\"https:\/\/www.youtube.com\/watch?v=jyIwKy9tXIU\" target=\"_blank\" rel=\"noopener\">Agosto 2025: Tendencias de Kids Count Georgia<\/a><\/span><\/li><li><span style=\"text-decoration: underline;\"><a href=\"https:\/\/www.youtube.com\/watch?v=qFkTDGmu9wo\" target=\"_blank\" rel=\"noopener\">Marzo 2025: Intervenciones nutricionales de Open Hand Atlanta<\/a><\/span><\/li><li><span style=\"text-decoration: underline;\"><a href=\"https:\/\/www.youtube.com\/watch?v=aH9ex_7kxe4\" target=\"_blank\" rel=\"noopener\">Febrero 2025: Impactos de las \u00f3rdenes ejecutivas<\/a><\/span><\/li><li><span style=\"text-decoration: underline;\"><a href=\"https:\/\/www.youtube.com\/watch?v=EmVWQ7w4tvg\" target=\"_blank\" rel=\"noopener\">Enero 2025: Oportunidad de financiamiento y Giving Health<\/a><\/span><\/li><\/ul>\t\t\t\t\t\t\t\t<\/div>\n\t\t\t\t<\/div>\n\t\t\t\t<\/div>\n\t\t\t\t\t<\/div>\n\t\t\t\t<\/div>\n\t\t\t\t<\/div>\n\t\t","protected":false},"excerpt":{"rendered":"<p>Llamada General Mensual La Llamada General es el informe mensual de la Coalici\u00f3n de Gwinnett para organizaciones y l\u00edderes sin fines de lucro. Realizada el \u00faltimo lunes de cada mes [&hellip;]<\/p>\n","protected":false},"author":6,"featured_media":0,"parent":0,"menu_order":0,"comment_status":"closed","ping_status":"closed","template":"","meta":{"_monsterinsights_skip_tracking":false,"_monsterinsights_sitenote_active":false,"_monsterinsights_sitenote_note":"","_monsterinsights_sitenote_category":0,"footnotes":""},"class_list":["post-55701","page","type-page","status-publish","hentry"],"yoast_head":"<!-- This site is optimized with the Yoast SEO plugin v27.4 - https:\/\/yoast.com\/product\/yoast-seo-wordpress\/ -->\n<title>Llamada General Mensual - Gwinnett Coalition<\/title>\n<meta name=\"robots\" content=\"index, follow, max-snippet:-1, max-image-preview:large, max-video-preview:-1\" \/>\n<link rel=\"canonical\" href=\"https:\/\/gwinnettcoalition.org\/es\/llamada-general-mensual\/\" \/>\n<meta property=\"og:locale\" content=\"es_ES\" \/>\n<meta property=\"og:type\" content=\"article\" \/>\n<meta property=\"og:title\" content=\"Llamada General Mensual - Gwinnett Coalition\" \/>\n<meta property=\"og:description\" content=\"Llamada General Mensual La Llamada General es el informe mensual de la Coalici\u00f3n de Gwinnett para organizaciones y l\u00edderes sin fines de lucro. Realizada el \u00faltimo lunes de cada mes [&hellip;]\" \/>\n<meta property=\"og:url\" content=\"https:\/\/gwinnettcoalition.org\/es\/llamada-general-mensual\/\" \/>\n<meta property=\"og:site_name\" content=\"Gwinnett Coalition\" \/>\n<meta property=\"article:publisher\" content=\"https:\/\/www.facebook.com\/GwinnettCoalition\/\" \/>\n<meta property=\"article:modified_time\" content=\"2026-04-20T16:12:21+00:00\" \/>\n<meta property=\"og:image\" content=\"https:\/\/gwinnettcoalition.org\/wp-content\/uploads\/2026\/04\/montly-all-call-image.webp\" \/>\n\t<meta property=\"og:image:width\" content=\"443\" \/>\n\t<meta property=\"og:image:height\" content=\"575\" \/>\n\t<meta property=\"og:image:type\" content=\"image\/webp\" \/>\n<meta name=\"twitter:card\" content=\"summary_large_image\" \/>\n<meta name=\"twitter:label1\" content=\"Tiempo de lectura\" \/>\n\t<meta name=\"twitter:data1\" content=\"1 minuto\" \/>\n<script type=\"application\/ld+json\" class=\"yoast-schema-graph\">{\"@context\":\"https:\\\/\\\/schema.org\",\"@graph\":[{\"@type\":\"WebPage\",\"@id\":\"https:\\\/\\\/gwinnettcoalition.org\\\/es\\\/llamada-general-mensual\\\/\",\"url\":\"https:\\\/\\\/gwinnettcoalition.org\\\/es\\\/llamada-general-mensual\\\/\",\"name\":\"Llamada General Mensual - Gwinnett Coalition\",\"isPartOf\":{\"@id\":\"https:\\\/\\\/gwinnettcoalition.org\\\/es\\\/#website\"},\"primaryImageOfPage\":{\"@id\":\"https:\\\/\\\/gwinnettcoalition.org\\\/es\\\/llamada-general-mensual\\\/#primaryimage\"},\"image\":{\"@id\":\"https:\\\/\\\/gwinnettcoalition.org\\\/es\\\/llamada-general-mensual\\\/#primaryimage\"},\"thumbnailUrl\":\"https:\\\/\\\/gwinnettcoalition.org\\\/wp-content\\\/uploads\\\/2026\\\/04\\\/montly-all-call-image.webp\",\"datePublished\":\"2026-03-31T12:27:28+00:00\",\"dateModified\":\"2026-04-20T16:12:21+00:00\",\"breadcrumb\":{\"@id\":\"https:\\\/\\\/gwinnettcoalition.org\\\/es\\\/llamada-general-mensual\\\/#breadcrumb\"},\"inLanguage\":\"es\",\"potentialAction\":[{\"@type\":\"ReadAction\",\"target\":[\"https:\\\/\\\/gwinnettcoalition.org\\\/es\\\/llamada-general-mensual\\\/\"]}]},{\"@type\":\"ImageObject\",\"inLanguage\":\"es\",\"@id\":\"https:\\\/\\\/gwinnettcoalition.org\\\/es\\\/llamada-general-mensual\\\/#primaryimage\",\"url\":\"https:\\\/\\\/gwinnettcoalition.org\\\/wp-content\\\/uploads\\\/2026\\\/04\\\/montly-all-call-image.webp\",\"contentUrl\":\"https:\\\/\\\/gwinnettcoalition.org\\\/wp-content\\\/uploads\\\/2026\\\/04\\\/montly-all-call-image.webp\"},{\"@type\":\"BreadcrumbList\",\"@id\":\"https:\\\/\\\/gwinnettcoalition.org\\\/es\\\/llamada-general-mensual\\\/#breadcrumb\",\"itemListElement\":[{\"@type\":\"ListItem\",\"position\":1,\"name\":\"Home\",\"item\":\"https:\\\/\\\/gwinnettcoalition.org\\\/es\\\/\"},{\"@type\":\"ListItem\",\"position\":2,\"name\":\"Llamada General Mensual\"}]},{\"@type\":\"WebSite\",\"@id\":\"https:\\\/\\\/gwinnettcoalition.org\\\/es\\\/#website\",\"url\":\"https:\\\/\\\/gwinnettcoalition.org\\\/es\\\/\",\"name\":\"Gwinnett\",\"description\":\"Advancing the health and well-being of Gwinnett residents.\",\"publisher\":{\"@id\":\"https:\\\/\\\/gwinnettcoalition.org\\\/es\\\/#organization\"},\"potentialAction\":[{\"@type\":\"SearchAction\",\"target\":{\"@type\":\"EntryPoint\",\"urlTemplate\":\"https:\\\/\\\/gwinnettcoalition.org\\\/es\\\/?s={search_term_string}\"},\"query-input\":{\"@type\":\"PropertyValueSpecification\",\"valueRequired\":true,\"valueName\":\"search_term_string\"}}],\"inLanguage\":\"es\"},{\"@type\":\"Organization\",\"@id\":\"https:\\\/\\\/gwinnettcoalition.org\\\/es\\\/#organization\",\"name\":\"Gwinnett\",\"url\":\"https:\\\/\\\/gwinnettcoalition.org\\\/es\\\/\",\"logo\":{\"@type\":\"ImageObject\",\"inLanguage\":\"es\",\"@id\":\"https:\\\/\\\/gwinnettcoalition.org\\\/es\\\/#\\\/schema\\\/logo\\\/image\\\/\",\"url\":\"https:\\\/\\\/gwinnettcoalition.org\\\/wp-content\\\/uploads\\\/2023\\\/10\\\/LogoHorizontal-Gwinnett-1.svg\",\"contentUrl\":\"https:\\\/\\\/gwinnettcoalition.org\\\/wp-content\\\/uploads\\\/2023\\\/10\\\/LogoHorizontal-Gwinnett-1.svg\",\"width\":183,\"height\":49,\"caption\":\"Gwinnett\"},\"image\":{\"@id\":\"https:\\\/\\\/gwinnettcoalition.org\\\/es\\\/#\\\/schema\\\/logo\\\/image\\\/\"},\"sameAs\":[\"https:\\\/\\\/www.facebook.com\\\/GwinnettCoalition\\\/\",\"https:\\\/\\\/www.instagram.com\\\/gwinnettcoalition\\\/?hl=en\",\"https:\\\/\\\/www.linkedin.com\\\/company\\\/gwinnett-coalition-for-health-and-human-services\\\/\",\"https:\\\/\\\/www.youtube.com\\\/user\\\/GreatDaysOfService\"]}]}<\/script>\n<!-- \/ Yoast SEO plugin. -->","yoast_head_json":{"title":"Llamada General Mensual - Gwinnett Coalition","robots":{"index":"index","follow":"follow","max-snippet":"max-snippet:-1","max-image-preview":"max-image-preview:large","max-video-preview":"max-video-preview:-1"},"canonical":"https:\/\/gwinnettcoalition.org\/es\/llamada-general-mensual\/","og_locale":"es_ES","og_type":"article","og_title":"Llamada General Mensual - Gwinnett Coalition","og_description":"Llamada General Mensual La Llamada General es el informe mensual de la Coalici\u00f3n de Gwinnett para organizaciones y l\u00edderes sin fines de lucro. Realizada el \u00faltimo lunes de cada mes [&hellip;]","og_url":"https:\/\/gwinnettcoalition.org\/es\/llamada-general-mensual\/","og_site_name":"Gwinnett Coalition","article_publisher":"https:\/\/www.facebook.com\/GwinnettCoalition\/","article_modified_time":"2026-04-20T16:12:21+00:00","og_image":[{"width":443,"height":575,"url":"https:\/\/gwinnettcoalition.org\/wp-content\/uploads\/2026\/04\/montly-all-call-image.webp","type":"image\/webp"}],"twitter_card":"summary_large_image","twitter_misc":{"Tiempo de lectura":"1 minuto"},"schema":{"@context":"https:\/\/schema.org","@graph":[{"@type":"WebPage","@id":"https:\/\/gwinnettcoalition.org\/es\/llamada-general-mensual\/","url":"https:\/\/gwinnettcoalition.org\/es\/llamada-general-mensual\/","name":"Llamada General Mensual - Gwinnett Coalition","isPartOf":{"@id":"https:\/\/gwinnettcoalition.org\/es\/#website"},"primaryImageOfPage":{"@id":"https:\/\/gwinnettcoalition.org\/es\/llamada-general-mensual\/#primaryimage"},"image":{"@id":"https:\/\/gwinnettcoalition.org\/es\/llamada-general-mensual\/#primaryimage"},"thumbnailUrl":"https:\/\/gwinnettcoalition.org\/wp-content\/uploads\/2026\/04\/montly-all-call-image.webp","datePublished":"2026-03-31T12:27:28+00:00","dateModified":"2026-04-20T16:12:21+00:00","breadcrumb":{"@id":"https:\/\/gwinnettcoalition.org\/es\/llamada-general-mensual\/#breadcrumb"},"inLanguage":"es","potentialAction":[{"@type":"ReadAction","target":["https:\/\/gwinnettcoalition.org\/es\/llamada-general-mensual\/"]}]},{"@type":"ImageObject","inLanguage":"es","@id":"https:\/\/gwinnettcoalition.org\/es\/llamada-general-mensual\/#primaryimage","url":"https:\/\/gwinnettcoalition.org\/wp-content\/uploads\/2026\/04\/montly-all-call-image.webp","contentUrl":"https:\/\/gwinnettcoalition.org\/wp-content\/uploads\/2026\/04\/montly-all-call-image.webp"},{"@type":"BreadcrumbList","@id":"https:\/\/gwinnettcoalition.org\/es\/llamada-general-mensual\/#breadcrumb","itemListElement":[{"@type":"ListItem","position":1,"name":"Home","item":"https:\/\/gwinnettcoalition.org\/es\/"},{"@type":"ListItem","position":2,"name":"Llamada General Mensual"}]},{"@type":"WebSite","@id":"https:\/\/gwinnettcoalition.org\/es\/#website","url":"https:\/\/gwinnettcoalition.org\/es\/","name":"Gwinnett","description":"Advancing the health and well-being of Gwinnett residents.","publisher":{"@id":"https:\/\/gwinnettcoalition.org\/es\/#organization"},"potentialAction":[{"@type":"SearchAction","target":{"@type":"EntryPoint","urlTemplate":"https:\/\/gwinnettcoalition.org\/es\/?s={search_term_string}"},"query-input":{"@type":"PropertyValueSpecification","valueRequired":true,"valueName":"search_term_string"}}],"inLanguage":"es"},{"@type":"Organization","@id":"https:\/\/gwinnettcoalition.org\/es\/#organization","name":"Gwinnett","url":"https:\/\/gwinnettcoalition.org\/es\/","logo":{"@type":"ImageObject","inLanguage":"es","@id":"https:\/\/gwinnettcoalition.org\/es\/#\/schema\/logo\/image\/","url":"https:\/\/gwinnettcoalition.org\/wp-content\/uploads\/2023\/10\/LogoHorizontal-Gwinnett-1.svg","contentUrl":"https:\/\/gwinnettcoalition.org\/wp-content\/uploads\/2023\/10\/LogoHorizontal-Gwinnett-1.svg","width":183,"height":49,"caption":"Gwinnett"},"image":{"@id":"https:\/\/gwinnettcoalition.org\/es\/#\/schema\/logo\/image\/"},"sameAs":["https:\/\/www.facebook.com\/GwinnettCoalition\/","https:\/\/www.instagram.com\/gwinnettcoalition\/?hl=en","https:\/\/www.linkedin.com\/company\/gwinnett-coalition-for-health-and-human-services\/","https:\/\/www.youtube.com\/user\/GreatDaysOfService"]}]}},"_links":{"self":[{"href":"https:\/\/gwinnettcoalition.org\/es\/wp-json\/wp\/v2\/pages\/55701","targetHints":{"allow":["GET"]}}],"collection":[{"href":"https:\/\/gwinnettcoalition.org\/es\/wp-json\/wp\/v2\/pages"}],"about":[{"href":"https:\/\/gwinnettcoalition.org\/es\/wp-json\/wp\/v2\/types\/page"}],"author":[{"embeddable":true,"href":"https:\/\/gwinnettcoalition.org\/es\/wp-json\/wp\/v2\/users\/6"}],"replies":[{"embeddable":true,"href":"https:\/\/gwinnettcoalition.org\/es\/wp-json\/wp\/v2\/comments?post=55701"}],"version-history":[{"count":1,"href":"https:\/\/gwinnettcoalition.org\/es\/wp-json\/wp\/v2\/pages\/55701\/revisions"}],"predecessor-version":[{"id":55705,"href":"https:\/\/gwinnettcoalition.org\/es\/wp-json\/wp\/v2\/pages\/55701\/revisions\/55705"}],"wp:attachment":[{"href":"https:\/\/gwinnettcoalition.org\/es\/wp-json\/wp\/v2\/media?parent=55701"}],"curies":[{"name":"wp","href":"https:\/\/api.w.org\/{rel}","templated":true}]}}