{"id":55962,"date":"2026-01-26T20:59:14","date_gmt":"2026-01-26T20:59:14","guid":{"rendered":"https:\/\/gwinnettcoalition.org\/organizaciones-asociadas\/"},"modified":"2026-04-22T16:44:18","modified_gmt":"2026-04-22T16:44:18","slug":"organizaciones-asociadas","status":"publish","type":"page","link":"https:\/\/gwinnettcoalition.org\/es\/organizaciones-asociadas\/","title":{"rendered":"Organizaciones asociadas"},"content":{"rendered":"\t\t<div data-elementor-type=\"wp-page\" data-elementor-id=\"55962\" class=\"elementor elementor-55962 elementor-53652\" data-elementor-post-type=\"page\">\n\t\t\t\t<div class=\"elementor-element elementor-element-f7ff2a0 e-flex e-con-boxed e-con e-parent\" data-id=\"f7ff2a0\" data-element_type=\"container\" data-e-type=\"container\" data-settings=\"{&quot;background_background&quot;:&quot;classic&quot;}\">\n\t\t\t\t\t<div class=\"e-con-inner\">\n\t\t\t\t<div class=\"elementor-element elementor-element-fbd140b elementor-widget__width-initial elementor-widget elementor-widget-heading\" data-id=\"fbd140b\" data-element_type=\"widget\" data-e-type=\"widget\" data-widget_type=\"heading.default\">\n\t\t\t\t<div class=\"elementor-widget-container\">\n\t\t\t\t\t<h1 class=\"elementor-heading-title elementor-size-default\">Comit\u00e9 Directivo y Socios de Formaci\u00f3n<\/h1>\t\t\t\t<\/div>\n\t\t\t\t<\/div>\n\t\t\t\t\t<\/div>\n\t\t\t\t<\/div>\n\t\t<div class=\"elementor-element elementor-element-15c28f1 e-flex e-con-boxed e-con e-parent\" data-id=\"15c28f1\" data-element_type=\"container\" data-e-type=\"container\">\n\t\t\t\t\t<div class=\"e-con-inner\">\n\t\t\t\t<div class=\"elementor-element elementor-element-ba9ae83 elementor-widget elementor-widget-image\" data-id=\"ba9ae83\" data-element_type=\"widget\" data-e-type=\"widget\" data-widget_type=\"image.default\">\n\t\t\t\t<div class=\"elementor-widget-container\">\n\t\t\t\t\t\t\t\t\t\t\t\t\t\t\t<img fetchpriority=\"high\" decoding=\"async\" width=\"800\" height=\"345\" src=\"https:\/\/gwinnettcoalition.org\/wp-content\/uploads\/2026\/01\/Rectangle-1-1024x441.webp\" class=\"attachment-large size-large wp-image-53659\" alt=\"\" srcset=\"https:\/\/gwinnettcoalition.org\/wp-content\/uploads\/2026\/01\/Rectangle-1-1024x441.webp 1024w, https:\/\/gwinnettcoalition.org\/wp-content\/uploads\/2026\/01\/Rectangle-1-300x129.webp 300w, https:\/\/gwinnettcoalition.org\/wp-content\/uploads\/2026\/01\/Rectangle-1-768x331.webp 768w, https:\/\/gwinnettcoalition.org\/wp-content\/uploads\/2026\/01\/Rectangle-1.webp 1160w\" sizes=\"(max-width: 800px) 100vw, 800px\" \/>\t\t\t\t\t\t\t\t\t\t\t\t\t\t\t<\/div>\n\t\t\t\t<\/div>\n\t\t\t\t<div class=\"elementor-element elementor-element-98fa777 elementor-widget__width-initial elementor-widget elementor-widget-text-editor\" data-id=\"98fa777\" data-element_type=\"widget\" data-e-type=\"widget\" data-widget_type=\"text-editor.default\">\n\t\t\t\t<div class=\"elementor-widget-container\">\n\t\t\t\t\t\t\t\t\t<p>Resilient Gwinnett es un colectivo de organizaciones con mentalidad comunitaria, entre las que se incluyen Gwinnett Coalition, Resilient Georgia y otros socios esenciales, que trabajan para cultivar la resiliencia de la comunidad, prevenir el trauma y liderar el cambio de los sistemas mediante el aumento de la comprensi\u00f3n p\u00fablica de la resiliencia y el trauma y la prestaci\u00f3n de servicios y recursos basados en pruebas.<\/p><p> <\/p><p>Nuestro Comit\u00e9 Directivo y socios de formaci\u00f3n incluyen:<\/p><p> <\/p><ul><li>Centro de Georgia para la Defensa de la Infancia<\/li><li>Departamento de Servicios Humanos de Georgia<\/li><li>GNR Salud P\u00fablica  <\/li><li>Gu\u00eda Inc.<\/li><li>Condado de Gwinnett<\/li><li>Escuelas P\u00fablicas del Condado de Gwinnett<\/li><li>Mosaico Georgia<\/li><li>Nexo de vecindad<\/li><li>R.I.C.E.<\/li><li>Ser Familia<\/li><li>Punto de vista Salud<\/li><\/ul>\t\t\t\t\t\t\t\t<\/div>\n\t\t\t\t<\/div>\n\t\t<div class=\"elementor-element elementor-element-6c575d7 e-con-full e-flex e-con e-child\" data-id=\"6c575d7\" data-element_type=\"container\" data-e-type=\"container\">\n\t\t\t\t<div class=\"elementor-element elementor-element-aa301bf elementor-widget elementor-widget-image\" data-id=\"aa301bf\" data-element_type=\"widget\" data-e-type=\"widget\" data-widget_type=\"image.default\">\n\t\t\t\t<div class=\"elementor-widget-container\">\n\t\t\t\t\t\t\t\t\t\t\t\t\t\t\t<img decoding=\"async\" width=\"106\" height=\"106\" src=\"https:\/\/gwinnettcoalition.org\/wp-content\/uploads\/2026\/01\/Georgia-Center@2x-1.png\" class=\"attachment-large size-large wp-image-53674\" alt=\"\" \/>\t\t\t\t\t\t\t\t\t\t\t\t\t\t\t<\/div>\n\t\t\t\t<\/div>\n\t\t\t\t<div class=\"elementor-element elementor-element-badb3eb elementor-widget elementor-widget-image\" data-id=\"badb3eb\" data-element_type=\"widget\" data-e-type=\"widget\" data-widget_type=\"image.default\">\n\t\t\t\t<div class=\"elementor-widget-container\">\n\t\t\t\t\t\t\t\t\t\t\t\t\t\t\t<img decoding=\"async\" width=\"190\" height=\"52\" src=\"https:\/\/gwinnettcoalition.org\/wp-content\/uploads\/2026\/01\/Georgia@2x-1.png\" class=\"attachment-large size-large wp-image-53672\" alt=\"\" \/>\t\t\t\t\t\t\t\t\t\t\t\t\t\t\t<\/div>\n\t\t\t\t<\/div>\n\t\t\t\t<div class=\"elementor-element elementor-element-fe2bb6f elementor-widget elementor-widget-image\" data-id=\"fe2bb6f\" data-element_type=\"widget\" data-e-type=\"widget\" data-widget_type=\"image.default\">\n\t\t\t\t<div class=\"elementor-widget-container\">\n\t\t\t\t\t\t\t\t\t\t\t\t\t\t\t<img loading=\"lazy\" decoding=\"async\" width=\"128\" height=\"52\" src=\"https:\/\/gwinnettcoalition.org\/wp-content\/uploads\/2026\/01\/GNR@2x-1.png\" class=\"attachment-large size-large wp-image-53670\" alt=\"\" \/>\t\t\t\t\t\t\t\t\t\t\t\t\t\t\t<\/div>\n\t\t\t\t<\/div>\n\t\t\t\t<div class=\"elementor-element elementor-element-11d47c6 elementor-widget elementor-widget-image\" data-id=\"11d47c6\" data-element_type=\"widget\" data-e-type=\"widget\" data-widget_type=\"image.default\">\n\t\t\t\t<div class=\"elementor-widget-container\">\n\t\t\t\t\t\t\t\t\t\t\t\t\t\t\t<img loading=\"lazy\" decoding=\"async\" width=\"124\" height=\"124\" src=\"https:\/\/gwinnettcoalition.org\/wp-content\/uploads\/2026\/01\/Guide@2x-1.png\" class=\"attachment-large size-large wp-image-53668\" alt=\"\" \/>\t\t\t\t\t\t\t\t\t\t\t\t\t\t\t<\/div>\n\t\t\t\t<\/div>\n\t\t\t\t<div class=\"elementor-element elementor-element-ae1ab62 elementor-widget-mobile__width-initial elementor-widget elementor-widget-image\" data-id=\"ae1ab62\" data-element_type=\"widget\" data-e-type=\"widget\" data-widget_type=\"image.default\">\n\t\t\t\t<div class=\"elementor-widget-container\">\n\t\t\t\t\t\t\t\t\t\t\t\t\t\t\t<img loading=\"lazy\" decoding=\"async\" width=\"229\" height=\"77\" src=\"https:\/\/gwinnettcoalition.org\/wp-content\/uploads\/2026\/01\/Gwinnett@2x-1.png\" class=\"attachment-large size-large wp-image-53666\" alt=\"\" \/>\t\t\t\t\t\t\t\t\t\t\t\t\t\t\t<\/div>\n\t\t\t\t<\/div>\n\t\t\t\t<div class=\"elementor-element elementor-element-1ea0b91 elementor-widget elementor-widget-image\" data-id=\"1ea0b91\" data-element_type=\"widget\" data-e-type=\"widget\" data-widget_type=\"image.default\">\n\t\t\t\t<div class=\"elementor-widget-container\">\n\t\t\t\t\t\t\t\t\t\t\t\t\t\t\t<img loading=\"lazy\" decoding=\"async\" width=\"130\" height=\"82\" src=\"https:\/\/gwinnettcoalition.org\/wp-content\/uploads\/2026\/01\/Coalition@2x-1.png\" class=\"attachment-large size-large wp-image-53664\" alt=\"\" \/>\t\t\t\t\t\t\t\t\t\t\t\t\t\t\t<\/div>\n\t\t\t\t<\/div>\n\t\t\t\t<\/div>\n\t\t<div class=\"elementor-element elementor-element-e2a8c53 e-con-full e-flex e-con e-child\" data-id=\"e2a8c53\" data-element_type=\"container\" data-e-type=\"container\">\n\t\t\t\t<div class=\"elementor-element elementor-element-b44a5ab elementor-widget-mobile__width-initial elementor-widget elementor-widget-image\" data-id=\"b44a5ab\" data-element_type=\"widget\" data-e-type=\"widget\" data-widget_type=\"image.default\">\n\t\t\t\t<div class=\"elementor-widget-container\">\n\t\t\t\t\t\t\t\t\t\t\t\t\t\t\t<img loading=\"lazy\" decoding=\"async\" width=\"143\" height=\"142\" src=\"https:\/\/gwinnettcoalition.org\/wp-content\/uploads\/2026\/01\/Gwinnett-County@2x-1.png\" class=\"attachment-large size-large wp-image-53687\" alt=\"\" \/>\t\t\t\t\t\t\t\t\t\t\t\t\t\t\t<\/div>\n\t\t\t\t<\/div>\n\t\t\t\t<div class=\"elementor-element elementor-element-83b21f6 elementor-widget-mobile__width-initial elementor-widget elementor-widget-image\" data-id=\"83b21f6\" data-element_type=\"widget\" data-e-type=\"widget\" data-widget_type=\"image.default\">\n\t\t\t\t<div class=\"elementor-widget-container\">\n\t\t\t\t\t\t\t\t\t\t\t\t\t\t\t<img loading=\"lazy\" decoding=\"async\" width=\"180\" height=\"59\" src=\"https:\/\/gwinnettcoalition.org\/wp-content\/uploads\/2026\/01\/Mosaic@2x-1.png\" class=\"attachment-large size-large wp-image-53685\" alt=\"\" \/>\t\t\t\t\t\t\t\t\t\t\t\t\t\t\t<\/div>\n\t\t\t\t<\/div>\n\t\t\t\t<div class=\"elementor-element elementor-element-7808dea elementor-widget-mobile__width-initial elementor-widget elementor-widget-image\" data-id=\"7808dea\" data-element_type=\"widget\" data-e-type=\"widget\" data-widget_type=\"image.default\">\n\t\t\t\t<div class=\"elementor-widget-container\">\n\t\t\t\t\t\t\t\t\t\t\t\t\t\t\t<img loading=\"lazy\" decoding=\"async\" width=\"176\" height=\"41\" src=\"https:\/\/gwinnettcoalition.org\/wp-content\/uploads\/2026\/01\/Neighborhood@2x-1.png\" class=\"attachment-large size-large wp-image-53683\" alt=\"\" \/>\t\t\t\t\t\t\t\t\t\t\t\t\t\t\t<\/div>\n\t\t\t\t<\/div>\n\t\t\t\t<div class=\"elementor-element elementor-element-d2fc524 elementor-widget-mobile__width-initial elementor-widget elementor-widget-image\" data-id=\"d2fc524\" data-element_type=\"widget\" data-e-type=\"widget\" data-widget_type=\"image.default\">\n\t\t\t\t<div class=\"elementor-widget-container\">\n\t\t\t\t\t\t\t\t\t\t\t\t\t\t\t<img loading=\"lazy\" decoding=\"async\" width=\"199\" height=\"85\" src=\"https:\/\/gwinnettcoalition.org\/wp-content\/uploads\/2026\/01\/Rice@2x-1.png\" class=\"attachment-large size-large wp-image-53681\" alt=\"\" \/>\t\t\t\t\t\t\t\t\t\t\t\t\t\t\t<\/div>\n\t\t\t\t<\/div>\n\t\t\t\t<div class=\"elementor-element elementor-element-4857194 elementor-widget elementor-widget-image\" data-id=\"4857194\" data-element_type=\"widget\" data-e-type=\"widget\" data-widget_type=\"image.default\">\n\t\t\t\t<div class=\"elementor-widget-container\">\n\t\t\t\t\t\t\t\t\t\t\t\t\t\t\t<img loading=\"lazy\" decoding=\"async\" width=\"155\" height=\"76\" src=\"https:\/\/gwinnettcoalition.org\/wp-content\/uploads\/2026\/01\/Ser-Familia@2x-1.png\" class=\"attachment-large size-large wp-image-53679\" alt=\"\" \/>\t\t\t\t\t\t\t\t\t\t\t\t\t\t\t<\/div>\n\t\t\t\t<\/div>\n\t\t\t\t<div class=\"elementor-element elementor-element-1ae962f elementor-widget elementor-widget-image\" data-id=\"1ae962f\" data-element_type=\"widget\" data-e-type=\"widget\" data-widget_type=\"image.default\">\n\t\t\t\t<div class=\"elementor-widget-container\">\n\t\t\t\t\t\t\t\t\t\t\t\t\t\t\t<img loading=\"lazy\" decoding=\"async\" width=\"139\" height=\"139\" src=\"https:\/\/gwinnettcoalition.org\/wp-content\/uploads\/2026\/01\/View-Point@2x-1.png\" class=\"attachment-large size-large wp-image-53676\" alt=\"\" \/>\t\t\t\t\t\t\t\t\t\t\t\t\t\t\t<\/div>\n\t\t\t\t<\/div>\n\t\t\t\t<\/div>\n\t\t\t\t\t<\/div>\n\t\t\t\t<\/div>\n\t\t\t\t<\/div>\n\t\t","protected":false},"excerpt":{"rendered":"<p>Comit\u00e9 Directivo y Socios de Formaci\u00f3n Resilient Gwinnett es un colectivo de organizaciones con mentalidad comunitaria, entre las que se incluyen Gwinnett Coalition, Resilient Georgia y otros socios esenciales, que [&hellip;]<\/p>\n","protected":false},"author":1,"featured_media":0,"parent":0,"menu_order":0,"comment_status":"closed","ping_status":"closed","template":"","meta":{"_monsterinsights_skip_tracking":false,"_monsterinsights_sitenote_active":false,"_monsterinsights_sitenote_note":"","_monsterinsights_sitenote_category":0,"footnotes":""},"class_list":["post-55962","page","type-page","status-publish","hentry"],"yoast_head":"<!-- This site is optimized with the Yoast SEO plugin v27.4 - https:\/\/yoast.com\/product\/yoast-seo-wordpress\/ -->\n<title>Organizaciones asociadas - Gwinnett Coalition<\/title>\n<meta name=\"robots\" content=\"index, follow, max-snippet:-1, max-image-preview:large, max-video-preview:-1\" \/>\n<link rel=\"canonical\" href=\"https:\/\/gwinnettcoalition.org\/es\/organizaciones-asociadas\/\" \/>\n<meta property=\"og:locale\" content=\"es_ES\" \/>\n<meta property=\"og:type\" content=\"article\" \/>\n<meta property=\"og:title\" content=\"Organizaciones asociadas - Gwinnett Coalition\" \/>\n<meta property=\"og:description\" content=\"Comit\u00e9 Directivo y Socios de Formaci\u00f3n Resilient Gwinnett es un colectivo de organizaciones con mentalidad comunitaria, entre las que se incluyen Gwinnett Coalition, Resilient Georgia y otros socios esenciales, que [&hellip;]\" \/>\n<meta property=\"og:url\" content=\"https:\/\/gwinnettcoalition.org\/es\/organizaciones-asociadas\/\" \/>\n<meta property=\"og:site_name\" content=\"Gwinnett Coalition\" \/>\n<meta property=\"article:publisher\" content=\"https:\/\/www.facebook.com\/GwinnettCoalition\/\" \/>\n<meta property=\"article:modified_time\" content=\"2026-04-22T16:44:18+00:00\" \/>\n<meta property=\"og:image\" content=\"https:\/\/gwinnettcoalition.org\/wp-content\/uploads\/2026\/01\/Rectangle-1.webp\" \/>\n\t<meta property=\"og:image:width\" content=\"1160\" \/>\n\t<meta property=\"og:image:height\" content=\"500\" \/>\n\t<meta property=\"og:image:type\" content=\"image\/webp\" \/>\n<meta name=\"twitter:card\" content=\"summary_large_image\" \/>\n<meta name=\"twitter:label1\" content=\"Tiempo de lectura\" \/>\n\t<meta name=\"twitter:data1\" content=\"1 minuto\" \/>\n<script type=\"application\/ld+json\" class=\"yoast-schema-graph\">{\"@context\":\"https:\\\/\\\/schema.org\",\"@graph\":[{\"@type\":\"WebPage\",\"@id\":\"https:\\\/\\\/gwinnettcoalition.org\\\/es\\\/organizaciones-asociadas\\\/\",\"url\":\"https:\\\/\\\/gwinnettcoalition.org\\\/es\\\/organizaciones-asociadas\\\/\",\"name\":\"Organizaciones asociadas - Gwinnett Coalition\",\"isPartOf\":{\"@id\":\"https:\\\/\\\/gwinnettcoalition.org\\\/es\\\/#website\"},\"primaryImageOfPage\":{\"@id\":\"https:\\\/\\\/gwinnettcoalition.org\\\/es\\\/organizaciones-asociadas\\\/#primaryimage\"},\"image\":{\"@id\":\"https:\\\/\\\/gwinnettcoalition.org\\\/es\\\/organizaciones-asociadas\\\/#primaryimage\"},\"thumbnailUrl\":\"https:\\\/\\\/gwinnettcoalition.org\\\/wp-content\\\/uploads\\\/2026\\\/01\\\/Rectangle-1-1024x441.webp\",\"datePublished\":\"2026-01-26T20:59:14+00:00\",\"dateModified\":\"2026-04-22T16:44:18+00:00\",\"breadcrumb\":{\"@id\":\"https:\\\/\\\/gwinnettcoalition.org\\\/es\\\/organizaciones-asociadas\\\/#breadcrumb\"},\"inLanguage\":\"es\",\"potentialAction\":[{\"@type\":\"ReadAction\",\"target\":[\"https:\\\/\\\/gwinnettcoalition.org\\\/es\\\/organizaciones-asociadas\\\/\"]}]},{\"@type\":\"ImageObject\",\"inLanguage\":\"es\",\"@id\":\"https:\\\/\\\/gwinnettcoalition.org\\\/es\\\/organizaciones-asociadas\\\/#primaryimage\",\"url\":\"https:\\\/\\\/gwinnettcoalition.org\\\/wp-content\\\/uploads\\\/2026\\\/01\\\/Rectangle-1-1024x441.webp\",\"contentUrl\":\"https:\\\/\\\/gwinnettcoalition.org\\\/wp-content\\\/uploads\\\/2026\\\/01\\\/Rectangle-1-1024x441.webp\"},{\"@type\":\"BreadcrumbList\",\"@id\":\"https:\\\/\\\/gwinnettcoalition.org\\\/es\\\/organizaciones-asociadas\\\/#breadcrumb\",\"itemListElement\":[{\"@type\":\"ListItem\",\"position\":1,\"name\":\"Home\",\"item\":\"https:\\\/\\\/gwinnettcoalition.org\\\/es\\\/\"},{\"@type\":\"ListItem\",\"position\":2,\"name\":\"Organizaciones asociadas\"}]},{\"@type\":\"WebSite\",\"@id\":\"https:\\\/\\\/gwinnettcoalition.org\\\/es\\\/#website\",\"url\":\"https:\\\/\\\/gwinnettcoalition.org\\\/es\\\/\",\"name\":\"Gwinnett\",\"description\":\"Advancing the health and well-being of Gwinnett residents.\",\"publisher\":{\"@id\":\"https:\\\/\\\/gwinnettcoalition.org\\\/es\\\/#organization\"},\"potentialAction\":[{\"@type\":\"SearchAction\",\"target\":{\"@type\":\"EntryPoint\",\"urlTemplate\":\"https:\\\/\\\/gwinnettcoalition.org\\\/es\\\/?s={search_term_string}\"},\"query-input\":{\"@type\":\"PropertyValueSpecification\",\"valueRequired\":true,\"valueName\":\"search_term_string\"}}],\"inLanguage\":\"es\"},{\"@type\":\"Organization\",\"@id\":\"https:\\\/\\\/gwinnettcoalition.org\\\/es\\\/#organization\",\"name\":\"Gwinnett\",\"url\":\"https:\\\/\\\/gwinnettcoalition.org\\\/es\\\/\",\"logo\":{\"@type\":\"ImageObject\",\"inLanguage\":\"es\",\"@id\":\"https:\\\/\\\/gwinnettcoalition.org\\\/es\\\/#\\\/schema\\\/logo\\\/image\\\/\",\"url\":\"https:\\\/\\\/gwinnettcoalition.org\\\/wp-content\\\/uploads\\\/2023\\\/10\\\/LogoHorizontal-Gwinnett-1.svg\",\"contentUrl\":\"https:\\\/\\\/gwinnettcoalition.org\\\/wp-content\\\/uploads\\\/2023\\\/10\\\/LogoHorizontal-Gwinnett-1.svg\",\"width\":183,\"height\":49,\"caption\":\"Gwinnett\"},\"image\":{\"@id\":\"https:\\\/\\\/gwinnettcoalition.org\\\/es\\\/#\\\/schema\\\/logo\\\/image\\\/\"},\"sameAs\":[\"https:\\\/\\\/www.facebook.com\\\/GwinnettCoalition\\\/\",\"https:\\\/\\\/www.instagram.com\\\/gwinnettcoalition\\\/?hl=en\",\"https:\\\/\\\/www.linkedin.com\\\/company\\\/gwinnett-coalition-for-health-and-human-services\\\/\",\"https:\\\/\\\/www.youtube.com\\\/user\\\/GreatDaysOfService\"]}]}<\/script>\n<!-- \/ Yoast SEO plugin. -->","yoast_head_json":{"title":"Organizaciones asociadas - Gwinnett Coalition","robots":{"index":"index","follow":"follow","max-snippet":"max-snippet:-1","max-image-preview":"max-image-preview:large","max-video-preview":"max-video-preview:-1"},"canonical":"https:\/\/gwinnettcoalition.org\/es\/organizaciones-asociadas\/","og_locale":"es_ES","og_type":"article","og_title":"Organizaciones asociadas - Gwinnett Coalition","og_description":"Comit\u00e9 Directivo y Socios de Formaci\u00f3n Resilient Gwinnett es un colectivo de organizaciones con mentalidad comunitaria, entre las que se incluyen Gwinnett Coalition, Resilient Georgia y otros socios esenciales, que [&hellip;]","og_url":"https:\/\/gwinnettcoalition.org\/es\/organizaciones-asociadas\/","og_site_name":"Gwinnett Coalition","article_publisher":"https:\/\/www.facebook.com\/GwinnettCoalition\/","article_modified_time":"2026-04-22T16:44:18+00:00","og_image":[{"width":1160,"height":500,"url":"https:\/\/gwinnettcoalition.org\/wp-content\/uploads\/2026\/01\/Rectangle-1.webp","type":"image\/webp"}],"twitter_card":"summary_large_image","twitter_misc":{"Tiempo de lectura":"1 minuto"},"schema":{"@context":"https:\/\/schema.org","@graph":[{"@type":"WebPage","@id":"https:\/\/gwinnettcoalition.org\/es\/organizaciones-asociadas\/","url":"https:\/\/gwinnettcoalition.org\/es\/organizaciones-asociadas\/","name":"Organizaciones asociadas - Gwinnett Coalition","isPartOf":{"@id":"https:\/\/gwinnettcoalition.org\/es\/#website"},"primaryImageOfPage":{"@id":"https:\/\/gwinnettcoalition.org\/es\/organizaciones-asociadas\/#primaryimage"},"image":{"@id":"https:\/\/gwinnettcoalition.org\/es\/organizaciones-asociadas\/#primaryimage"},"thumbnailUrl":"https:\/\/gwinnettcoalition.org\/wp-content\/uploads\/2026\/01\/Rectangle-1-1024x441.webp","datePublished":"2026-01-26T20:59:14+00:00","dateModified":"2026-04-22T16:44:18+00:00","breadcrumb":{"@id":"https:\/\/gwinnettcoalition.org\/es\/organizaciones-asociadas\/#breadcrumb"},"inLanguage":"es","potentialAction":[{"@type":"ReadAction","target":["https:\/\/gwinnettcoalition.org\/es\/organizaciones-asociadas\/"]}]},{"@type":"ImageObject","inLanguage":"es","@id":"https:\/\/gwinnettcoalition.org\/es\/organizaciones-asociadas\/#primaryimage","url":"https:\/\/gwinnettcoalition.org\/wp-content\/uploads\/2026\/01\/Rectangle-1-1024x441.webp","contentUrl":"https:\/\/gwinnettcoalition.org\/wp-content\/uploads\/2026\/01\/Rectangle-1-1024x441.webp"},{"@type":"BreadcrumbList","@id":"https:\/\/gwinnettcoalition.org\/es\/organizaciones-asociadas\/#breadcrumb","itemListElement":[{"@type":"ListItem","position":1,"name":"Home","item":"https:\/\/gwinnettcoalition.org\/es\/"},{"@type":"ListItem","position":2,"name":"Organizaciones asociadas"}]},{"@type":"WebSite","@id":"https:\/\/gwinnettcoalition.org\/es\/#website","url":"https:\/\/gwinnettcoalition.org\/es\/","name":"Gwinnett","description":"Advancing the health and well-being of Gwinnett residents.","publisher":{"@id":"https:\/\/gwinnettcoalition.org\/es\/#organization"},"potentialAction":[{"@type":"SearchAction","target":{"@type":"EntryPoint","urlTemplate":"https:\/\/gwinnettcoalition.org\/es\/?s={search_term_string}"},"query-input":{"@type":"PropertyValueSpecification","valueRequired":true,"valueName":"search_term_string"}}],"inLanguage":"es"},{"@type":"Organization","@id":"https:\/\/gwinnettcoalition.org\/es\/#organization","name":"Gwinnett","url":"https:\/\/gwinnettcoalition.org\/es\/","logo":{"@type":"ImageObject","inLanguage":"es","@id":"https:\/\/gwinnettcoalition.org\/es\/#\/schema\/logo\/image\/","url":"https:\/\/gwinnettcoalition.org\/wp-content\/uploads\/2023\/10\/LogoHorizontal-Gwinnett-1.svg","contentUrl":"https:\/\/gwinnettcoalition.org\/wp-content\/uploads\/2023\/10\/LogoHorizontal-Gwinnett-1.svg","width":183,"height":49,"caption":"Gwinnett"},"image":{"@id":"https:\/\/gwinnettcoalition.org\/es\/#\/schema\/logo\/image\/"},"sameAs":["https:\/\/www.facebook.com\/GwinnettCoalition\/","https:\/\/www.instagram.com\/gwinnettcoalition\/?hl=en","https:\/\/www.linkedin.com\/company\/gwinnett-coalition-for-health-and-human-services\/","https:\/\/www.youtube.com\/user\/GreatDaysOfService"]}]}},"_links":{"self":[{"href":"https:\/\/gwinnettcoalition.org\/es\/wp-json\/wp\/v2\/pages\/55962","targetHints":{"allow":["GET"]}}],"collection":[{"href":"https:\/\/gwinnettcoalition.org\/es\/wp-json\/wp\/v2\/pages"}],"about":[{"href":"https:\/\/gwinnettcoalition.org\/es\/wp-json\/wp\/v2\/types\/page"}],"author":[{"embeddable":true,"href":"https:\/\/gwinnettcoalition.org\/es\/wp-json\/wp\/v2\/users\/1"}],"replies":[{"embeddable":true,"href":"https:\/\/gwinnettcoalition.org\/es\/wp-json\/wp\/v2\/comments?post=55962"}],"version-history":[{"count":1,"href":"https:\/\/gwinnettcoalition.org\/es\/wp-json\/wp\/v2\/pages\/55962\/revisions"}],"predecessor-version":[{"id":55963,"href":"https:\/\/gwinnettcoalition.org\/es\/wp-json\/wp\/v2\/pages\/55962\/revisions\/55963"}],"wp:attachment":[{"href":"https:\/\/gwinnettcoalition.org\/es\/wp-json\/wp\/v2\/media?parent=55962"}],"curies":[{"name":"wp","href":"https:\/\/api.w.org\/{rel}","templated":true}]}}